{"id":9908,"date":"2022-03-09T14:07:27","date_gmt":"2022-03-09T14:07:27","guid":{"rendered":"https:\/\/www.shop-copie-conforme.com\/?post_type=product&#038;p=9908"},"modified":"2024-03-15T18:16:15","modified_gmt":"2024-03-15T17:16:15","slug":"fellowes-plastifieuse-l125-a4","status":"publish","type":"product","link":"https:\/\/shop-copie-conforme.com\/nl\/product-2\/fellowes-plastifieuse-l125-a4\/","title":{"rendered":"Fellowes L125-A4 lamineermachine"},"content":{"rendered":"<p>Fellowes L125-A4 lamineermachine<\/p>\n<p>Ideaal voor hobbyisten, gemakkelijk te gebruiken. Lamineert zakken tot 80 - 125 micron. Lamineert documenten en foto's. Warmt op in 4 minuten. Documentontgrendelingshendel in geval van verkeerde invoegingen. Automatische slaapstand na 30 minuten inactiviteit. Startpakket van 10 zakjes inbegrepen (Enhance 80 gsm). Lamineer snelheid: 300 mm\/min. Opwarmtijd: 4 min. Kleur: wit.<br \/>\n<span id=\"webtext\" class=\"IBSOutput\">voor ft A4, ft 6,51 x 45,1 x 15,1 cm<\/span><\/p>","protected":false},"excerpt":{"rendered":"<p>Fellowes Plastifieuse L125-A4 Id\u00e9ale pour les loisirs cr\u00e9atifs, facile d&rsquo;utilisation. Plastifie des pochettes jusqu&rsquo;\u00e0 80 &#8211; 125 microns. Plastifie documents<\/p>","protected":false},"featured_media":9982,"comment_status":"open","ping_status":"closed","template":"","meta":[],"product_brand":[],"product_cat":[174],"product_tag":[],"class_list":{"0":"post-9908","1":"product","2":"type-product","3":"status-publish","4":"has-post-thumbnail","6":"product_cat-plastifieuses","8":"first","9":"instock","10":"taxable","11":"shipping-taxable","12":"purchasable","13":"product-type-simple"},"_links":{"self":[{"href":"https:\/\/shop-copie-conforme.com\/nl\/wp-json\/wp\/v2\/product\/9908","targetHints":{"allow":["GET"]}}],"collection":[{"href":"https:\/\/shop-copie-conforme.com\/nl\/wp-json\/wp\/v2\/product"}],"about":[{"href":"https:\/\/shop-copie-conforme.com\/nl\/wp-json\/wp\/v2\/types\/product"}],"replies":[{"embeddable":true,"href":"https:\/\/shop-copie-conforme.com\/nl\/wp-json\/wp\/v2\/comments?post=9908"}],"version-history":[{"count":0,"href":"https:\/\/shop-copie-conforme.com\/nl\/wp-json\/wp\/v2\/product\/9908\/revisions"}],"wp:featuredmedia":[{"embeddable":true,"href":"https:\/\/shop-copie-conforme.com\/nl\/wp-json\/wp\/v2\/media\/9982"}],"wp:attachment":[{"href":"https:\/\/shop-copie-conforme.com\/nl\/wp-json\/wp\/v2\/media?parent=9908"}],"wp:term":[{"taxonomy":"product_brand","embeddable":true,"href":"https:\/\/shop-copie-conforme.com\/nl\/wp-json\/wp\/v2\/product_brand?post=9908"},{"taxonomy":"product_cat","embeddable":true,"href":"https:\/\/shop-copie-conforme.com\/nl\/wp-json\/wp\/v2\/product_cat?post=9908"},{"taxonomy":"product_tag","embeddable":true,"href":"https:\/\/shop-copie-conforme.com\/nl\/wp-json\/wp\/v2\/product_tag?post=9908"}],"curies":[{"name":"wp","href":"https:\/\/api.w.org\/{rel}","templated":true}]}}