{"id":47785,"date":"2026-04-21T13:12:18","date_gmt":"2026-04-21T12:12:18","guid":{"rendered":"https:\/\/shop-copie-conforme.com\/?post_type=product&#038;p=47785"},"modified":"2026-04-24T14:12:33","modified_gmt":"2026-04-24T13:12:33","slug":"brother-dcp-j1310dw","status":"publish","type":"product","link":"https:\/\/shop-copie-conforme.com\/nl\/product-2\/brother-dcp-j1310dw\/","title":{"rendered":"Brother DCP-J1310DW"},"content":{"rendered":"<p>Met zijn compacte ontwerp, veelzijdige functies en invoerlade voor 150 vel maakt de DCP-J1310DW inkjetprinter printen moeiteloos.<\/p>\n<p>Print, scan en kopieer eenvoudig vanaf \u00e9\u00e9n apparaat en navigeer met het ge\u00efntegreerde kleurenscherm.<\/p>\n<p>Dankzij de draadloze connectiviteit kan iedereen in je huishouden gemakkelijk printen vanaf zijn laptop of mobiele apparaat.<\/p>\n<p><strong>Belangrijkste kenmerken:<\/strong><\/p>\n<ul>\n<li>Drukt tot 16 afbeeldingen per minuut af<\/li>\n<li>Automatisch dubbelzijdig afdrukken<\/li>\n<li>4,5 cm kleurenscherm<\/li>\n<li>WiFi 2,4 &amp; 5GHz en USB<\/li>\n<li>Geleverd met cartridges met een capaciteit van maximaal 200 pagina's in zwart en maximaal 200 pagina's in kleur<\/li>\n<li>Maximale capaciteit cartridge is 500 pagina's in zwart en 500 pagina's in kleur<\/li>\n<li>Kom in aanmerking voor het EcoPro-pakket: een inktabonnement voor uw Brother-printer dat automatisch inkt- of tonercartridges bestelt en levert wanneer u ze nodig hebt. Kies gewoon uw pakket op basis van uw afdrukvolume en maak u nooit meer zorgen dat u zonder inkt of toner komt te zitten.<\/li>\n<\/ul>\n<p>&nbsp;<\/p>","protected":false},"excerpt":{"rendered":"<p>Brother DCP-J1310DW<\/p>","protected":false},"featured_media":47786,"comment_status":"open","ping_status":"closed","template":"","meta":[],"product_brand":[],"product_cat":[128],"product_tag":[],"class_list":{"0":"post-47785","1":"product","2":"type-product","3":"status-publish","4":"has-post-thumbnail","6":"product_cat-brother-imprimante","7":"product_shipping_class-lourd","9":"first","10":"instock","11":"taxable","12":"shipping-taxable","13":"purchasable","14":"product-type-simple"},"_links":{"self":[{"href":"https:\/\/shop-copie-conforme.com\/nl\/wp-json\/wp\/v2\/product\/47785","targetHints":{"allow":["GET"]}}],"collection":[{"href":"https:\/\/shop-copie-conforme.com\/nl\/wp-json\/wp\/v2\/product"}],"about":[{"href":"https:\/\/shop-copie-conforme.com\/nl\/wp-json\/wp\/v2\/types\/product"}],"replies":[{"embeddable":true,"href":"https:\/\/shop-copie-conforme.com\/nl\/wp-json\/wp\/v2\/comments?post=47785"}],"version-history":[{"count":1,"href":"https:\/\/shop-copie-conforme.com\/nl\/wp-json\/wp\/v2\/product\/47785\/revisions"}],"predecessor-version":[{"id":47791,"href":"https:\/\/shop-copie-conforme.com\/nl\/wp-json\/wp\/v2\/product\/47785\/revisions\/47791"}],"wp:featuredmedia":[{"embeddable":true,"href":"https:\/\/shop-copie-conforme.com\/nl\/wp-json\/wp\/v2\/media\/47786"}],"wp:attachment":[{"href":"https:\/\/shop-copie-conforme.com\/nl\/wp-json\/wp\/v2\/media?parent=47785"}],"wp:term":[{"taxonomy":"product_brand","embeddable":true,"href":"https:\/\/shop-copie-conforme.com\/nl\/wp-json\/wp\/v2\/product_brand?post=47785"},{"taxonomy":"product_cat","embeddable":true,"href":"https:\/\/shop-copie-conforme.com\/nl\/wp-json\/wp\/v2\/product_cat?post=47785"},{"taxonomy":"product_tag","embeddable":true,"href":"https:\/\/shop-copie-conforme.com\/nl\/wp-json\/wp\/v2\/product_tag?post=47785"}],"curies":[{"name":"wp","href":"https:\/\/api.w.org\/{rel}","templated":true}]}}