{"id":47420,"date":"2026-02-28T17:01:49","date_gmt":"2026-02-28T16:01:49","guid":{"rendered":"https:\/\/shop-copie-conforme.com\/?post_type=product&#038;p=47420"},"modified":"2026-02-28T17:03:02","modified_gmt":"2026-02-28T16:03:02","slug":"sakura-pigma-micron-8-couleurs","status":"publish","type":"product","link":"https:\/\/shop-copie-conforme.com\/nl\/product-2\/sakura-pigma-micron-8-couleurs\/","title":{"rendered":"Sakura Pigma Micron 8 kleuren"},"content":{"rendered":"<p>Een complete set met alle kleuren van de nieuwe Pigma PN. Gebruik thuis of op kantoor voor het zware schrijfwerk, maar kan ook worden gebruikt voor handlettering, bullet journaling, tekeningen, cartoons en nog veel meer.<\/p>\n<p>Les stylos contiennent une encre pigment\u00e9e de haute qualit\u00e9, de sorte que les couleurs restent aussi belles que le jour o\u00f9 vous avez appliqu\u00e9 l&#8217;encre.<\/p>\n<p>L&#8217;\u00e9paisseur de la pointe varie de 0,3 \u00e0 0,5 mm, selon la pression que vous appliquez.<\/p>\n<p>Inhoud:<br \/>\n- 8 pennen in de kleuren Rood, Roze Rood, Bourgondi\u00eb, Violet, Blauw, Zwart, Sepia, Blauw Zwart<\/p>\n<p>Pigma<br \/>\nEn 1982, Sakura a d\u00e9couvert et brevet\u00e9 une formule d&#8217;encre unique, de bonne qualit\u00e9 et chimiquement complexe. qu&#8217;il est depuis devenu la norme de qualit\u00e9 mondiale pour les encres fiables, permanentes et archivables. Cette encre, appr\u00e9ci\u00e9e pour sa solidit\u00e9 des couleurs et sa r\u00e9sistance aux produits chimiques, a \u00e9t\u00e9 nomm\u00e9e Pigma.<\/p>\n<p>L&#8217;encre Pigma est disponible en diff\u00e9rentes couleurs et types de stylos, tels que Sakura Pigma Micron (fineliners en 8 \u00e9paisseurs de trait), Sakura Pigma Brush (stylos pinceaux) et Sakura Pigma Graphic (stylos \u00e0 pointe bille et biseau).<\/p>","protected":false},"excerpt":{"rendered":"<p>Sakura Pigma Micron 8 kleuren<\/p>","protected":false},"featured_media":47421,"comment_status":"open","ping_status":"closed","template":"","meta":[],"product_brand":[],"product_cat":[142],"product_tag":[],"class_list":{"0":"post-47420","1":"product","2":"type-product","3":"status-publish","4":"has-post-thumbnail","6":"product_cat-marqueurs","8":"first","9":"instock","10":"taxable","11":"shipping-taxable","12":"purchasable","13":"product-type-simple"},"_links":{"self":[{"href":"https:\/\/shop-copie-conforme.com\/nl\/wp-json\/wp\/v2\/product\/47420","targetHints":{"allow":["GET"]}}],"collection":[{"href":"https:\/\/shop-copie-conforme.com\/nl\/wp-json\/wp\/v2\/product"}],"about":[{"href":"https:\/\/shop-copie-conforme.com\/nl\/wp-json\/wp\/v2\/types\/product"}],"replies":[{"embeddable":true,"href":"https:\/\/shop-copie-conforme.com\/nl\/wp-json\/wp\/v2\/comments?post=47420"}],"version-history":[{"count":2,"href":"https:\/\/shop-copie-conforme.com\/nl\/wp-json\/wp\/v2\/product\/47420\/revisions"}],"predecessor-version":[{"id":47424,"href":"https:\/\/shop-copie-conforme.com\/nl\/wp-json\/wp\/v2\/product\/47420\/revisions\/47424"}],"wp:featuredmedia":[{"embeddable":true,"href":"https:\/\/shop-copie-conforme.com\/nl\/wp-json\/wp\/v2\/media\/47421"}],"wp:attachment":[{"href":"https:\/\/shop-copie-conforme.com\/nl\/wp-json\/wp\/v2\/media?parent=47420"}],"wp:term":[{"taxonomy":"product_brand","embeddable":true,"href":"https:\/\/shop-copie-conforme.com\/nl\/wp-json\/wp\/v2\/product_brand?post=47420"},{"taxonomy":"product_cat","embeddable":true,"href":"https:\/\/shop-copie-conforme.com\/nl\/wp-json\/wp\/v2\/product_cat?post=47420"},{"taxonomy":"product_tag","embeddable":true,"href":"https:\/\/shop-copie-conforme.com\/nl\/wp-json\/wp\/v2\/product_tag?post=47420"}],"curies":[{"name":"wp","href":"https:\/\/api.w.org\/{rel}","templated":true}]}}