{"id":47413,"date":"2026-02-28T16:10:48","date_gmt":"2026-02-28T15:10:48","guid":{"rendered":"https:\/\/shop-copie-conforme.com\/?post_type=product&#038;p=47413"},"modified":"2026-02-28T16:10:49","modified_gmt":"2026-02-28T15:10:49","slug":"sac-a-dos-eastpak-out-of-office-flora-fade-navy","status":"publish","type":"product","link":"https:\/\/shop-copie-conforme.com\/nl\/product-2\/sac-a-dos-eastpak-out-of-office-flora-fade-navy\/","title":{"rendered":"Eastpak Out of Office rugzak flora fade navy"},"content":{"rendered":"<div class=\"col-12 col-md-6 col-lg-7 px-lg-5\">\n<div id=\"product-description\" class=\"px-lg-4 mt-lg-3\">\n<div class=\"text-description text-expandable open\">\n<p>Les fleurs \u00e9panouies se fondent dans l&#8217;arri\u00e8re-plan de notre collection d&#8217;imprim\u00e9s joyeux. La derni\u00e8re version de notre sac \u00e0 dos embl\u00e9matique Eastpak est un mod\u00e8le id\u00e9al pour tous les jours avec une pochette int\u00e9gr\u00e9e pour ordinateur portable, une poche de s\u00e9curit\u00e9 et deux poches multifonctions pour bouteille d&#8217;eau.<\/p>\n<p><b>Kenmerken<\/b><br \/>\nIn ons kleurenpalet Flora Fade Navy<br \/>\nHoofdcompartiment met voorzak met rits en veiligheidszak met rits op achterpaneel<br \/>\n40 x 30 x 18 cm<br \/>\nSamenstelling: 100% polyester<br \/>\nGewatteerd achterpaneel<br \/>\nSangles d&#8217;\u00e9paule rembourr\u00e9es r\u00e9glables avec filet d&#8217;air pour plus de confortPochette rembourr\u00e9e pour ordinateur portable convient \u00e0 la plupart des appareils de 14 pouces<br \/>\nDeux poches lat\u00e9rales pour bouteille d&#8217;eau<br \/>\nTissu r\u00e9sistant \u00e0 l&#8217;eau<\/p>\n<p>&nbsp;<\/p>\n<\/div>\n<p><button class=\"btn btn-link btn-read-more text-primary mt-2 mt-sm-3\"><\/button><\/div>\n<\/div>\n<div class=\"col-12 col-md-6 col-lg-5\">\n<div id=\"accordion\" class=\"accordion accordion-flush\">\n<div class=\"accordion-item\">\n<div id=\"heading267\" class=\"accordion-header\"><\/div>\n<\/div>\n<\/div>\n<\/div>","protected":false},"excerpt":{"rendered":"<p>Eastpak Out of Office rugzak flora fade navy<\/p>","protected":false},"featured_media":47414,"comment_status":"open","ping_status":"closed","template":"","meta":[],"product_brand":[],"product_cat":[183],"product_tag":[],"class_list":{"0":"post-47413","1":"product","2":"type-product","3":"status-publish","4":"has-post-thumbnail","6":"product_cat-sacs-a-dos","8":"first","9":"instock","10":"taxable","11":"shipping-taxable","12":"purchasable","13":"product-type-simple"},"_links":{"self":[{"href":"https:\/\/shop-copie-conforme.com\/nl\/wp-json\/wp\/v2\/product\/47413","targetHints":{"allow":["GET"]}}],"collection":[{"href":"https:\/\/shop-copie-conforme.com\/nl\/wp-json\/wp\/v2\/product"}],"about":[{"href":"https:\/\/shop-copie-conforme.com\/nl\/wp-json\/wp\/v2\/types\/product"}],"replies":[{"embeddable":true,"href":"https:\/\/shop-copie-conforme.com\/nl\/wp-json\/wp\/v2\/comments?post=47413"}],"version-history":[{"count":1,"href":"https:\/\/shop-copie-conforme.com\/nl\/wp-json\/wp\/v2\/product\/47413\/revisions"}],"predecessor-version":[{"id":47415,"href":"https:\/\/shop-copie-conforme.com\/nl\/wp-json\/wp\/v2\/product\/47413\/revisions\/47415"}],"wp:featuredmedia":[{"embeddable":true,"href":"https:\/\/shop-copie-conforme.com\/nl\/wp-json\/wp\/v2\/media\/47414"}],"wp:attachment":[{"href":"https:\/\/shop-copie-conforme.com\/nl\/wp-json\/wp\/v2\/media?parent=47413"}],"wp:term":[{"taxonomy":"product_brand","embeddable":true,"href":"https:\/\/shop-copie-conforme.com\/nl\/wp-json\/wp\/v2\/product_brand?post=47413"},{"taxonomy":"product_cat","embeddable":true,"href":"https:\/\/shop-copie-conforme.com\/nl\/wp-json\/wp\/v2\/product_cat?post=47413"},{"taxonomy":"product_tag","embeddable":true,"href":"https:\/\/shop-copie-conforme.com\/nl\/wp-json\/wp\/v2\/product_tag?post=47413"}],"curies":[{"name":"wp","href":"https:\/\/api.w.org\/{rel}","templated":true}]}}