{"id":47407,"date":"2026-02-28T14:42:13","date_gmt":"2026-02-28T13:42:13","guid":{"rendered":"https:\/\/shop-copie-conforme.com\/?post_type=product&#038;p=47407"},"modified":"2026-03-21T16:57:46","modified_gmt":"2026-03-21T15:57:46","slug":"sac-a-dos-eastpak-padded-pakr-twist-stinger","status":"publish","type":"product","link":"https:\/\/shop-copie-conforme.com\/nl\/product-2\/sac-a-dos-eastpak-padded-pakr-twist-stinger\/","title":{"rendered":"Eastpak gevoerde Pak'r twist stinger rugzak"},"content":{"rendered":"<div class=\"product-info-desctiprion visible-desktop\">\n<div class=\"product-info-desctiprion visible-desktop\">\n<div class=\"product-info-desctiprion visible-desktop\">\n<div class=\"product-info-desctiprion visible-desktop\">\n<div class=\"product-info-desctiprion visible-desktop\">\n<div class=\"product-info-desctiprion visible-desktop\">\n<div class=\"product-info-desctiprion visible-desktop\">\n<div class=\"product-info-desctiprion visible-desktop\">\n<div class=\"product-info-desctiprion visible-desktop\">\n<div class=\"product-info-desctiprion visible-desktop\"><span dir=\"auto\">L&#8217;incontournable sac \u00e0 dos Eastpak Padded Pak&#8217;r, revisit\u00e9 avec notre nouveau motif Twist Stinger : id\u00e9al pour le travail, les loisirs et bien plus encore. Notre mod\u00e8le le plus embl\u00e9matique, dot\u00e9 d&#8217;un grand compartiment principal pour ranger tous vos essentiels du quotidien. Gardez vos affaires bien organis\u00e9es gr\u00e2ce \u00e0 notre poche avant iconique et emportez le Padded Pak&#8217;r partout avec vous gr\u00e2ce \u00e0 son dos et ses bretelles ergonomiques.<\/span><\/div>\n<\/div>\n<\/div>\n<\/div>\n<\/div>\n<\/div>\n<\/div>\n<\/div>\n<\/div>\n<\/div>\n<ul>\n<li><span dir=\"auto\">Hoogte: 40 cm, Breedte: 30 cm, Diepte: 18 cm<\/span><\/li>\n<li><span dir=\"auto\">Gemaakt van polyester (100%)<\/span><\/li>\n<li><span dir=\"auto\">Kleur: Twist Stinger<\/span><\/li>\n<li><span dir=\"auto\">Volume: 24 liter; Gewicht: 400 g<\/span><\/li>\n<\/ul>","protected":false},"excerpt":{"rendered":"<p>Eastpak gevoerde Pak'r twist stinger rugzak<\/p>","protected":false},"featured_media":47408,"comment_status":"open","ping_status":"closed","template":"","meta":[],"product_brand":[],"product_cat":[183],"product_tag":[],"class_list":{"0":"post-47407","1":"product","2":"type-product","3":"status-publish","4":"has-post-thumbnail","6":"product_cat-sacs-a-dos","8":"first","9":"outofstock","10":"taxable","11":"shipping-taxable","12":"purchasable","13":"product-type-simple"},"_links":{"self":[{"href":"https:\/\/shop-copie-conforme.com\/nl\/wp-json\/wp\/v2\/product\/47407","targetHints":{"allow":["GET"]}}],"collection":[{"href":"https:\/\/shop-copie-conforme.com\/nl\/wp-json\/wp\/v2\/product"}],"about":[{"href":"https:\/\/shop-copie-conforme.com\/nl\/wp-json\/wp\/v2\/types\/product"}],"replies":[{"embeddable":true,"href":"https:\/\/shop-copie-conforme.com\/nl\/wp-json\/wp\/v2\/comments?post=47407"}],"version-history":[{"count":1,"href":"https:\/\/shop-copie-conforme.com\/nl\/wp-json\/wp\/v2\/product\/47407\/revisions"}],"predecessor-version":[{"id":47409,"href":"https:\/\/shop-copie-conforme.com\/nl\/wp-json\/wp\/v2\/product\/47407\/revisions\/47409"}],"wp:featuredmedia":[{"embeddable":true,"href":"https:\/\/shop-copie-conforme.com\/nl\/wp-json\/wp\/v2\/media\/47408"}],"wp:attachment":[{"href":"https:\/\/shop-copie-conforme.com\/nl\/wp-json\/wp\/v2\/media?parent=47407"}],"wp:term":[{"taxonomy":"product_brand","embeddable":true,"href":"https:\/\/shop-copie-conforme.com\/nl\/wp-json\/wp\/v2\/product_brand?post=47407"},{"taxonomy":"product_cat","embeddable":true,"href":"https:\/\/shop-copie-conforme.com\/nl\/wp-json\/wp\/v2\/product_cat?post=47407"},{"taxonomy":"product_tag","embeddable":true,"href":"https:\/\/shop-copie-conforme.com\/nl\/wp-json\/wp\/v2\/product_tag?post=47407"}],"curies":[{"name":"wp","href":"https:\/\/api.w.org\/{rel}","templated":true}]}}