{"id":47402,"date":"2026-02-28T14:36:40","date_gmt":"2026-02-28T13:36:40","guid":{"rendered":"https:\/\/shop-copie-conforme.com\/?post_type=product&#038;p=47402"},"modified":"2026-02-28T14:37:40","modified_gmt":"2026-02-28T13:37:40","slug":"sac-a-dos-eastpak-padded-pakr-liberty-pink-london","status":"publish","type":"product","link":"https:\/\/shop-copie-conforme.com\/nl\/product-2\/sac-a-dos-eastpak-padded-pakr-liberty-pink-london\/","title":{"rendered":"Rugzak Eastpak gewatteerd Pak'R liberty roze Londen"},"content":{"rendered":"<p><span dir=\"auto\">Plongez dans un univers de style avec le sac \u00e0 dos Eastpak Liberty London rose, v\u00e9ritable bijou n\u00e9 de la collaboration entre deux g\u00e9ants de la mode. Eastpak, r\u00e9put\u00e9 pour sa robustesse l\u00e9gendaire, s&#8217;associe \u00e0 l&#8217;ic\u00f4ne britannique Liberty London pour cr\u00e9er cette pi\u00e8ce unique. Les mots cl\u00e9s \u00ab\u00a0sacs \u00e0 dos Eastpak\u00a0\u00bb et \u00ab\u00a0sac \u00e0 dos Eastpak Liberty London rose\u00a0\u00bb sont au c\u0153ur de cette cr\u00e9ation, o\u00f9 chaque couture et chaque d\u00e9tail t\u00e9moignent d&#8217;un engagement sans faille envers la qualit\u00e9 et le design.<\/span><\/p>\n<p><span dir=\"auto\">Eastpak rugzakken: Deze rugzak is het toppunt van Eastpak vakmanschap. Hij is gemaakt van eersteklas materialen en is zowel stijlvol als bestand tegen dagelijkse slijtage. Van klaslokalen tot stedelijke avonturen, hij zal je overal in stijl vergezellen. De combinatie van praktisch en modieus maakt het een must-have accessoire voor Eastpak rugzakfans.<\/span><\/p>\n<p><span dir=\"auto\">Eastpak Liberty London roze rugzak: Deze roze versie van de Liberty London rugzak is een waar symbool van elegantie. Het iconische bloemenpatroon van Liberty London siert elke centimeter van deze tas en maakt een gedurfd stijlstatement. Gedragen met casual dagelijkse kleding of gecombineerd met een meer verfijnde look, deze rugzak zal zeker opvallen.<\/span><\/p>\n<p><span dir=\"auto\">Avec une densit\u00e9 de 2 % pour les mots-cl\u00e9s \u00ab\u00a0sacs \u00e0 dos Eastpak\u00a0\u00bb et \u00ab\u00a0sac \u00e0 dos Eastpak Liberty London rose\u00a0\u00bb, cette description capture parfaitement l&#8217;essence du sac \u00e0 dos et le pr\u00e9sente d&#8217;une mani\u00e8re qui s\u00e9duira les amateurs de style et de qualit\u00e9. Ne manquez pas l&#8217;occasion de poss\u00e9der cette pi\u00e8ce iconique qui r\u00e9invente le concept du sac \u00e0 dos. Affirmez votre style avec le sac \u00e0 dos Eastpak Liberty London rose et faites sensation \u00e0 chaque pas\u00a0: commandez le v\u00f4tre d\u00e8s maintenant et portez l&#8217;\u00e9l\u00e9gance sur votre dos\u00a0!<\/span><\/p>","protected":false},"excerpt":{"rendered":"<p>Rugzak Eastpak gewatteerd Pak'R liberty roze Londen<\/p>","protected":false},"featured_media":47404,"comment_status":"open","ping_status":"closed","template":"","meta":[],"product_brand":[],"product_cat":[183],"product_tag":[],"class_list":{"0":"post-47402","1":"product","2":"type-product","3":"status-publish","4":"has-post-thumbnail","6":"product_cat-sacs-a-dos","8":"first","9":"instock","10":"taxable","11":"shipping-taxable","12":"purchasable","13":"product-type-simple"},"_links":{"self":[{"href":"https:\/\/shop-copie-conforme.com\/nl\/wp-json\/wp\/v2\/product\/47402","targetHints":{"allow":["GET"]}}],"collection":[{"href":"https:\/\/shop-copie-conforme.com\/nl\/wp-json\/wp\/v2\/product"}],"about":[{"href":"https:\/\/shop-copie-conforme.com\/nl\/wp-json\/wp\/v2\/types\/product"}],"replies":[{"embeddable":true,"href":"https:\/\/shop-copie-conforme.com\/nl\/wp-json\/wp\/v2\/comments?post=47402"}],"version-history":[{"count":2,"href":"https:\/\/shop-copie-conforme.com\/nl\/wp-json\/wp\/v2\/product\/47402\/revisions"}],"predecessor-version":[{"id":47406,"href":"https:\/\/shop-copie-conforme.com\/nl\/wp-json\/wp\/v2\/product\/47402\/revisions\/47406"}],"wp:featuredmedia":[{"embeddable":true,"href":"https:\/\/shop-copie-conforme.com\/nl\/wp-json\/wp\/v2\/media\/47404"}],"wp:attachment":[{"href":"https:\/\/shop-copie-conforme.com\/nl\/wp-json\/wp\/v2\/media?parent=47402"}],"wp:term":[{"taxonomy":"product_brand","embeddable":true,"href":"https:\/\/shop-copie-conforme.com\/nl\/wp-json\/wp\/v2\/product_brand?post=47402"},{"taxonomy":"product_cat","embeddable":true,"href":"https:\/\/shop-copie-conforme.com\/nl\/wp-json\/wp\/v2\/product_cat?post=47402"},{"taxonomy":"product_tag","embeddable":true,"href":"https:\/\/shop-copie-conforme.com\/nl\/wp-json\/wp\/v2\/product_tag?post=47402"}],"curies":[{"name":"wp","href":"https:\/\/api.w.org\/{rel}","templated":true}]}}