{"id":47380,"date":"2026-02-21T16:43:54","date_gmt":"2026-02-21T15:43:54","guid":{"rendered":"https:\/\/shop-copie-conforme.com\/?post_type=product&#038;p=47380"},"modified":"2026-02-28T11:51:44","modified_gmt":"2026-02-28T10:51:44","slug":"trousse-eastpak-benchmark-refleks-space-noir","status":"publish","type":"product","link":"https:\/\/shop-copie-conforme.com\/nl\/product-2\/trousse-eastpak-benchmark-refleks-space-noir\/","title":{"rendered":"Etui Eastpak Benchmark Refleks Space zwart"},"content":{"rendered":"<p>D\u00e9marquez-vous avec nos mod\u00e8les inspir\u00e9s de l&#8217;espace dot\u00e9s de d\u00e9tails r\u00e9fl\u00e9chissants. Notre trousse \u00e9pur\u00e9e dispose d&#8217;un compartiment pour y ranger vos fournitures de bureau ou de cours.<\/p>\n<ul>\n<li>In onze Refleks Space Black kleur<\/li>\n<li>Enkel compartiment met rits<\/li>\n<li>100 % polyester<\/li>\n<li>Reflecterende afwerkingen<\/li>\n<li>Tissu r\u00e9sistant \u00e0 l&#8217;eau<\/li>\n<li>Stijlcode: EK:000372:7V8:OS::1:<\/li>\n<li>Gewicht product: 0,040000 kg<\/li>\n<\/ul>","protected":false},"excerpt":{"rendered":"<p>Etui Eastpak Benchmark Refleks Space zwart<\/p>","protected":false},"featured_media":47381,"comment_status":"open","ping_status":"closed","template":"","meta":[],"product_brand":[],"product_cat":[182],"product_tag":[],"class_list":{"0":"post-47380","1":"product","2":"type-product","3":"status-publish","4":"has-post-thumbnail","6":"product_cat-trousses","8":"first","9":"instock","10":"taxable","11":"shipping-taxable","12":"purchasable","13":"product-type-simple"},"_links":{"self":[{"href":"https:\/\/shop-copie-conforme.com\/nl\/wp-json\/wp\/v2\/product\/47380","targetHints":{"allow":["GET"]}}],"collection":[{"href":"https:\/\/shop-copie-conforme.com\/nl\/wp-json\/wp\/v2\/product"}],"about":[{"href":"https:\/\/shop-copie-conforme.com\/nl\/wp-json\/wp\/v2\/types\/product"}],"replies":[{"embeddable":true,"href":"https:\/\/shop-copie-conforme.com\/nl\/wp-json\/wp\/v2\/comments?post=47380"}],"version-history":[{"count":2,"href":"https:\/\/shop-copie-conforme.com\/nl\/wp-json\/wp\/v2\/product\/47380\/revisions"}],"predecessor-version":[{"id":47383,"href":"https:\/\/shop-copie-conforme.com\/nl\/wp-json\/wp\/v2\/product\/47380\/revisions\/47383"}],"wp:featuredmedia":[{"embeddable":true,"href":"https:\/\/shop-copie-conforme.com\/nl\/wp-json\/wp\/v2\/media\/47381"}],"wp:attachment":[{"href":"https:\/\/shop-copie-conforme.com\/nl\/wp-json\/wp\/v2\/media?parent=47380"}],"wp:term":[{"taxonomy":"product_brand","embeddable":true,"href":"https:\/\/shop-copie-conforme.com\/nl\/wp-json\/wp\/v2\/product_brand?post=47380"},{"taxonomy":"product_cat","embeddable":true,"href":"https:\/\/shop-copie-conforme.com\/nl\/wp-json\/wp\/v2\/product_cat?post=47380"},{"taxonomy":"product_tag","embeddable":true,"href":"https:\/\/shop-copie-conforme.com\/nl\/wp-json\/wp\/v2\/product_tag?post=47380"}],"curies":[{"name":"wp","href":"https:\/\/api.w.org\/{rel}","templated":true}]}}