{"id":47376,"date":"2026-02-21T16:19:16","date_gmt":"2026-02-21T15:19:16","guid":{"rendered":"https:\/\/shop-copie-conforme.com\/?post_type=product&#038;p=47376"},"modified":"2026-02-28T11:49:02","modified_gmt":"2026-02-28T10:49:02","slug":"trousse-eastpak-benchmark-noir","status":"publish","type":"product","link":"https:\/\/shop-copie-conforme.com\/nl\/product-2\/trousse-eastpak-benchmark-noir\/","title":{"rendered":"Etui Eastpak Benchmark zwart"},"content":{"rendered":"<p>Eastpak Benchmark etui, zwart<\/p>\n<p>Benchmark est la trousse \u00e0 crayons \u00e9l\u00e9gante d&#8217;Eastpak.<\/p>\n<p>Ruim hoofdvak met ritssluiting<br \/>\nAfmetingen: H 7,50 x B 20,50 x D 6 cm<br \/>\nMateriaal: Polyester<\/p>","protected":false},"excerpt":{"rendered":"<p>Etui Eastpak Benchmark zwart<\/p>","protected":false},"featured_media":47377,"comment_status":"open","ping_status":"closed","template":"","meta":[],"product_brand":[],"product_cat":[182],"product_tag":[],"class_list":{"0":"post-47376","1":"product","2":"type-product","3":"status-publish","4":"has-post-thumbnail","6":"product_cat-trousses","8":"first","9":"instock","10":"taxable","11":"shipping-taxable","12":"purchasable","13":"product-type-simple"},"_links":{"self":[{"href":"https:\/\/shop-copie-conforme.com\/nl\/wp-json\/wp\/v2\/product\/47376","targetHints":{"allow":["GET"]}}],"collection":[{"href":"https:\/\/shop-copie-conforme.com\/nl\/wp-json\/wp\/v2\/product"}],"about":[{"href":"https:\/\/shop-copie-conforme.com\/nl\/wp-json\/wp\/v2\/types\/product"}],"replies":[{"embeddable":true,"href":"https:\/\/shop-copie-conforme.com\/nl\/wp-json\/wp\/v2\/comments?post=47376"}],"version-history":[{"count":2,"href":"https:\/\/shop-copie-conforme.com\/nl\/wp-json\/wp\/v2\/product\/47376\/revisions"}],"predecessor-version":[{"id":47379,"href":"https:\/\/shop-copie-conforme.com\/nl\/wp-json\/wp\/v2\/product\/47376\/revisions\/47379"}],"wp:featuredmedia":[{"embeddable":true,"href":"https:\/\/shop-copie-conforme.com\/nl\/wp-json\/wp\/v2\/media\/47377"}],"wp:attachment":[{"href":"https:\/\/shop-copie-conforme.com\/nl\/wp-json\/wp\/v2\/media?parent=47376"}],"wp:term":[{"taxonomy":"product_brand","embeddable":true,"href":"https:\/\/shop-copie-conforme.com\/nl\/wp-json\/wp\/v2\/product_brand?post=47376"},{"taxonomy":"product_cat","embeddable":true,"href":"https:\/\/shop-copie-conforme.com\/nl\/wp-json\/wp\/v2\/product_cat?post=47376"},{"taxonomy":"product_tag","embeddable":true,"href":"https:\/\/shop-copie-conforme.com\/nl\/wp-json\/wp\/v2\/product_tag?post=47376"}],"curies":[{"name":"wp","href":"https:\/\/api.w.org\/{rel}","templated":true}]}}