{"id":44321,"date":"2025-05-10T10:16:41","date_gmt":"2025-05-10T09:16:41","guid":{"rendered":"https:\/\/shop-copie-conforme.com\/?post_type=product&#038;p=44321"},"modified":"2026-04-13T07:02:56","modified_gmt":"2026-04-13T06:02:56","slug":"sac-a-dos-eastpak-day-pakr-pokemon-patches","status":"publish","type":"product","link":"https:\/\/shop-copie-conforme.com\/nl\/product-2\/sac-a-dos-eastpak-day-pakr-pokemon-patches\/","title":{"rendered":"Rugzak Eastpak Day Pak'R Pok\u00e9mon patches"},"content":{"rendered":"<div>\n<h2 class=\"tab-menu-link\" data-value=\"delivery\">Beschrijving van het product<\/h2>\n<\/div>\n<div class=\"section-content\">\n<div class=\"section-content-inner\">\n<div class=\"product-info-description\">\n<div class=\"product attribute description\">\n<div class=\"value checkEmpty\">Sluit je aan bij Pikachu en zijn vrienden dankzij onze offici\u00eble samenwerking met Pok\u00e9mon. In onze must-have rugzak voor elke dag, met een print van Pok\u00e9mon uit de animatieserie, passen al je kantoor- en schoolbenodigdheden. Hij heeft een ge\u00efntegreerde laptopsleeve, een veilig vak en twee multifunctionele zijvakken voor je waterfles.<\/div>\n<\/div>\n<div class=\"product attribute short_description\">\n<h3 class=\"product-description-heading\">Specificatie<\/h3>\n<div class=\"value checkEmpty\">\n<ul>\n<li>In onze Pok\u00e9mon-patches<\/li>\n<li>Hoofdvak met voorvak met rits<\/li>\n<li>100 % polyester<\/li>\n<li>Verstelbare schouderbanden en gewatteerd rugpaneel<\/li>\n<li>Gewatteerde hoes voor laptops tot 14 inch<\/li>\n<li>Twee zijzakken die kunnen worden gebruikt als waterfleshouders<\/li>\n<li>Waterbestendige stof<\/li>\n<\/ul>\n<\/div>\n<\/div>\n<div class=\"product attribute additional\">\n<ul class=\"additional-attributes-list\">\n<li><span class=\"title\">Stijl code<\/span>\u00a0EK:0A5BG4:3T1:OS::1:<\/li>\n<li><span class=\"title\">Gewicht product<\/span>\u00a00,44 kg<\/li>\n<\/ul>\n<\/div>\n<\/div>\n<\/div>\n<\/div>","protected":false},"excerpt":{"rendered":"<p>Rugzak Eastpak Day Pak'R Pok\u00e9mon patches<\/p>","protected":false},"featured_media":44322,"comment_status":"open","ping_status":"closed","template":"","meta":[],"product_brand":[],"product_cat":[183],"product_tag":[],"class_list":{"0":"post-44321","1":"product","2":"type-product","3":"status-publish","4":"has-post-thumbnail","6":"product_cat-sacs-a-dos","8":"first","9":"outofstock","10":"taxable","11":"shipping-taxable","12":"purchasable","13":"product-type-simple"},"_links":{"self":[{"href":"https:\/\/shop-copie-conforme.com\/nl\/wp-json\/wp\/v2\/product\/44321","targetHints":{"allow":["GET"]}}],"collection":[{"href":"https:\/\/shop-copie-conforme.com\/nl\/wp-json\/wp\/v2\/product"}],"about":[{"href":"https:\/\/shop-copie-conforme.com\/nl\/wp-json\/wp\/v2\/types\/product"}],"replies":[{"embeddable":true,"href":"https:\/\/shop-copie-conforme.com\/nl\/wp-json\/wp\/v2\/comments?post=44321"}],"version-history":[{"count":1,"href":"https:\/\/shop-copie-conforme.com\/nl\/wp-json\/wp\/v2\/product\/44321\/revisions"}],"predecessor-version":[{"id":47396,"href":"https:\/\/shop-copie-conforme.com\/nl\/wp-json\/wp\/v2\/product\/44321\/revisions\/47396"}],"wp:featuredmedia":[{"embeddable":true,"href":"https:\/\/shop-copie-conforme.com\/nl\/wp-json\/wp\/v2\/media\/44322"}],"wp:attachment":[{"href":"https:\/\/shop-copie-conforme.com\/nl\/wp-json\/wp\/v2\/media?parent=44321"}],"wp:term":[{"taxonomy":"product_brand","embeddable":true,"href":"https:\/\/shop-copie-conforme.com\/nl\/wp-json\/wp\/v2\/product_brand?post=44321"},{"taxonomy":"product_cat","embeddable":true,"href":"https:\/\/shop-copie-conforme.com\/nl\/wp-json\/wp\/v2\/product_cat?post=44321"},{"taxonomy":"product_tag","embeddable":true,"href":"https:\/\/shop-copie-conforme.com\/nl\/wp-json\/wp\/v2\/product_tag?post=44321"}],"curies":[{"name":"wp","href":"https:\/\/api.w.org\/{rel}","templated":true}]}}