{"id":43116,"date":"2024-11-16T09:29:57","date_gmt":"2024-11-16T08:29:57","guid":{"rendered":"https:\/\/shop-copie-conforme.com\/?post_type=product&#038;p=43116"},"modified":"2024-11-16T09:43:20","modified_gmt":"2024-11-16T08:43:20","slug":"posca-pc-7m-bleu-clair","status":"publish","type":"product","link":"https:\/\/shop-copie-conforme.com\/nl\/product-2\/posca-pc-7m-bleu-clair\/","title":{"rendered":"Posca PC-7M lichtblauw"},"content":{"rendered":"<div class=\"flex max-w-full flex-col flex-grow\">\n<div class=\"min-h-8 text-message flex w-full flex-col items-end gap-2 whitespace-normal break-words [.text-message+&amp;]:mt-5\" dir=\"auto\" data-message-author-role=\"assistant\" data-message-id=\"79ca3497-951d-4cc9-a9e5-4faa893e4d56\" data-message-model-slug=\"gpt-4o-mini\">\n<div class=\"flex w-full flex-col gap-1 empty:hidden first:pt-[3px]\">\n<div class=\"markdown prose w-full break-words dark:prose-invert light\">\n<p>Posca marqueur de peinture PC-7M bleu clair<\/p>\n<p>Marqueur \u00e0 base d&rsquo;eau et d&rsquo;encre \u00e0 pigmentation.<\/p>\n<p>Largeur de trait : 4,5 \u00e0 5,5 mm. Id\u00e9al pour peindre, dessiner, \u00e9crire et marquer sur toutes surfaces.<\/p>\n<p>Des couleurs opaques, brillantes, couvrantes, superposables, miscibles, r\u00e9sistantes \u00e0 l&rsquo;eau, constantes \u00e0 l&rsquo;exposition prolong\u00e9e \u00e0 la lumi\u00e8re, aquarellables et inodores. Pour tous supports.<\/p>\n<p>Permanent sur mat\u00e9riaux poreux, s&rsquo;efface sur les vitres \u00e0 l&rsquo;eau chaude.<\/p>\n<p>Cr\u00e9ez, concevez et dessinez sur n&rsquo;importe quelle surface avec le marqueur peinture POSCA PC-7M bleu clair.<\/p>\n<p>Sa pointe large conique de 4,5 \u00e0 5,5 mm permet tout autant un remplissage pr\u00e9cis qu&rsquo;un travail de pr\u00e9cision \u00e0 grande \u00e9chelle, parfait pour les cr\u00e9ations grand format.<\/p>\n<p>Ce marqueur peinture est inodore, fabriqu\u00e9 \u00e0 base d&rsquo;eau et convient \u00e0 tous les supports (int\u00e9rieur et ext\u00e9rieur).<\/p>\n<\/div>\n<\/div>\n<\/div>\n<\/div>\n<div class=\"mb-2 flex gap-3 empty:hidden -ml-2\">\n<div class=\"items-center justify-start rounded-xl p-1 flex\">\n<div class=\"flex items-center\">\n<p>&nbsp;<\/p>\n<div class=\"flex items-center pb-0\"><\/div>\n<\/div>\n<\/div>\n<\/div>\n","protected":false},"excerpt":{"rendered":"<p>Ontdek de lichtblauwe Posca PC-7M marker, het essenti\u00eble gereedschap om heldere, precieze details toe te voegen aan je artistieke creaties.<\/p>\n<p>Met deze 4,5 mm marker met gemiddelde punt kun je nette, gecontroleerde lijnen tekenen op verschillende oppervlakken, van papier tot hout en metaal.<\/p>\n<p>De lichtblauwe kleur van de Posca PC-7M cre\u00ebert een opvallend contrast op donkere achtergronden en geeft een uniek lichteffect aan je illustraties, tekeningen en kunstprojecten.<\/p>\n<p>De hoogwaardige inkt op waterbasis droogt snel, is lichtecht en biedt een perfecte dekking.<\/p>\n<p>Of je nu een beginnend kunstenaar bent of een doorgewinterde professional, de lichtblauwe Posca PC-7M marker is een essenti\u00eble keuze voor het toevoegen van een vleugje helderheid en finesse aan je werk.<\/p>","protected":false},"featured_media":43117,"comment_status":"open","ping_status":"closed","template":"","meta":[],"product_brand":[],"product_cat":[161],"product_tag":[],"class_list":{"0":"post-43116","1":"product","2":"type-product","3":"status-publish","4":"has-post-thumbnail","6":"product_cat-marqueurs-posca","8":"first","9":"instock","10":"taxable","11":"shipping-taxable","12":"purchasable","13":"product-type-simple"},"_links":{"self":[{"href":"https:\/\/shop-copie-conforme.com\/nl\/wp-json\/wp\/v2\/product\/43116","targetHints":{"allow":["GET"]}}],"collection":[{"href":"https:\/\/shop-copie-conforme.com\/nl\/wp-json\/wp\/v2\/product"}],"about":[{"href":"https:\/\/shop-copie-conforme.com\/nl\/wp-json\/wp\/v2\/types\/product"}],"replies":[{"embeddable":true,"href":"https:\/\/shop-copie-conforme.com\/nl\/wp-json\/wp\/v2\/comments?post=43116"}],"version-history":[{"count":0,"href":"https:\/\/shop-copie-conforme.com\/nl\/wp-json\/wp\/v2\/product\/43116\/revisions"}],"wp:featuredmedia":[{"embeddable":true,"href":"https:\/\/shop-copie-conforme.com\/nl\/wp-json\/wp\/v2\/media\/43117"}],"wp:attachment":[{"href":"https:\/\/shop-copie-conforme.com\/nl\/wp-json\/wp\/v2\/media?parent=43116"}],"wp:term":[{"taxonomy":"product_brand","embeddable":true,"href":"https:\/\/shop-copie-conforme.com\/nl\/wp-json\/wp\/v2\/product_brand?post=43116"},{"taxonomy":"product_cat","embeddable":true,"href":"https:\/\/shop-copie-conforme.com\/nl\/wp-json\/wp\/v2\/product_cat?post=43116"},{"taxonomy":"product_tag","embeddable":true,"href":"https:\/\/shop-copie-conforme.com\/nl\/wp-json\/wp\/v2\/product_tag?post=43116"}],"curies":[{"name":"wp","href":"https:\/\/api.w.org\/{rel}","templated":true}]}}