{"id":42869,"date":"2024-11-02T09:45:47","date_gmt":"2024-11-02T08:45:47","guid":{"rendered":"https:\/\/www.shop-copie-conforme.com\/?post_type=product&#038;p=42869"},"modified":"2024-11-02T09:54:01","modified_gmt":"2024-11-02T08:54:01","slug":"posca-pc-3m-lie-de-vin","status":"publish","type":"product","link":"https:\/\/shop-copie-conforme.com\/nl\/product-2\/posca-pc-3m-lie-de-vin\/","title":{"rendered":"Posca PC-3M wijn"},"content":{"rendered":"<p>Marker op waterbasis met gepigmenteerde inkt.<\/p>\n<p>Lijndikte: 1,5 mm. Ideaal voor schilderen, tekenen, schrijven en markeren op alle oppervlakken.<\/p>\n<p>Kleuren die dekkend, briljant, dekkend, overschilderbaar, mengbaar, waterbestendig, bestand tegen langdurige blootstelling aan licht, waterverfbaar en reukloos zijn.<\/p>\n<p>Voor alle oppervlakken.<\/p>\n<p>Permanent op poreuze materialen<\/p>\n<p>Wijnmoer.<\/p>","protected":false},"excerpt":{"rendered":"<div class=\"flex max-w-full flex-col flex-grow\">\n<div class=\"min-h-8 text-message flex w-full flex-col items-end gap-2 whitespace-normal break-words [.text-message+&amp;]:mt-5\" dir=\"auto\" data-message-author-role=\"assistant\" data-message-id=\"7c6bda8e-f258-4f99-8dd7-9964e960a619\" data-message-model-slug=\"gpt-4o\">\n<div class=\"flex w-full flex-col gap-1 empty:hidden first:pt-[3px]\">\n<div class=\"markdown prose w-full break-words dark:prose-invert light\">\n<p>D\u00e9couvrez le marqueur Posca PC-3M lie de vin, l&#8217;outil parfait pour ajouter une touche de passion et de vivacit\u00e9 \u00e0 vos cr\u00e9ations artistiques.<\/p>\n<p>Avec sa pointe fine de 0,9 mm, ce marqueur vous permet de r\u00e9aliser des trac\u00e9s pr\u00e9cis et d\u00e9taill\u00e9s, id\u00e9aux pour les contours, les esquisses et les petites zones de remplissage.<\/p>\n<p>Que vous souhaitiez ajouter des accents lie de vin vibrants \u00e0 vos dessins, illustrations ou projets cr\u00e9atifs, le marqueur Posca PC-3M lie de vin offre une couverture uniforme et une opacit\u00e9 exceptionnelle.<\/p>\n<p>Son encre \u00e0 base d&#8217;eau est pigment\u00e9e et r\u00e9sistante \u00e0 l&#8217;eau, garantissant des r\u00e9sultats durables et r\u00e9sistants \u00e0 la d\u00e9coloration.<\/p>\n<p>De plus, ce marqueur est \u00e9quip\u00e9 d&#8217;une valve de contr\u00f4le du d\u00e9bit d&#8217;encre, vous permettant de r\u00e9guler facilement l&#8217;intensit\u00e9 du marquage.<\/p>\n<p>Exprimez votre passion artistique avec le marqueur Posca PC-3M lie de vin.<\/p>\n<p>Faites confiance \u00e0 la qualit\u00e9 et \u00e0 la performance des marqueurs Posca pour toutes vos cr\u00e9ations artistiques et graphiques.<\/p>\n<\/div>\n<\/div>\n<\/div>\n<\/div>\n<div class=\"mb-2 flex gap-3 empty:hidden -ml-2\">\n<div class=\"items-center justify-start rounded-xl p-1 flex\">\n<div class=\"flex items-center\">\n<p>&nbsp;<\/p>\n<div class=\"flex\"><\/div>\n<div class=\"flex items-center pb-0\"><\/div>\n<\/div>\n<\/div>\n<\/div>\n","protected":false},"featured_media":42870,"comment_status":"open","ping_status":"closed","template":"","meta":[],"product_brand":[],"product_cat":[161],"product_tag":[],"class_list":{"0":"post-42869","1":"product","2":"type-product","3":"status-publish","4":"has-post-thumbnail","6":"product_cat-marqueurs-posca","8":"first","9":"instock","10":"taxable","11":"shipping-taxable","12":"purchasable","13":"product-type-simple"},"_links":{"self":[{"href":"https:\/\/shop-copie-conforme.com\/nl\/wp-json\/wp\/v2\/product\/42869","targetHints":{"allow":["GET"]}}],"collection":[{"href":"https:\/\/shop-copie-conforme.com\/nl\/wp-json\/wp\/v2\/product"}],"about":[{"href":"https:\/\/shop-copie-conforme.com\/nl\/wp-json\/wp\/v2\/types\/product"}],"replies":[{"embeddable":true,"href":"https:\/\/shop-copie-conforme.com\/nl\/wp-json\/wp\/v2\/comments?post=42869"}],"version-history":[{"count":0,"href":"https:\/\/shop-copie-conforme.com\/nl\/wp-json\/wp\/v2\/product\/42869\/revisions"}],"wp:featuredmedia":[{"embeddable":true,"href":"https:\/\/shop-copie-conforme.com\/nl\/wp-json\/wp\/v2\/media\/42870"}],"wp:attachment":[{"href":"https:\/\/shop-copie-conforme.com\/nl\/wp-json\/wp\/v2\/media?parent=42869"}],"wp:term":[{"taxonomy":"product_brand","embeddable":true,"href":"https:\/\/shop-copie-conforme.com\/nl\/wp-json\/wp\/v2\/product_brand?post=42869"},{"taxonomy":"product_cat","embeddable":true,"href":"https:\/\/shop-copie-conforme.com\/nl\/wp-json\/wp\/v2\/product_cat?post=42869"},{"taxonomy":"product_tag","embeddable":true,"href":"https:\/\/shop-copie-conforme.com\/nl\/wp-json\/wp\/v2\/product_tag?post=42869"}],"curies":[{"name":"wp","href":"https:\/\/api.w.org\/{rel}","templated":true}]}}