{"id":41698,"date":"2024-06-29T08:59:45","date_gmt":"2024-06-29T07:59:45","guid":{"rendered":"https:\/\/www.shop-copie-conforme.com\/?post_type=product&#038;p=41698"},"modified":"2024-08-27T10:47:58","modified_gmt":"2024-08-27T09:47:58","slug":"sac-a-dos-salameche-pokemon","status":"publish","type":"product","link":"https:\/\/shop-copie-conforme.com\/nl\/product-2\/sac-a-dos-salameche-pokemon\/","title":{"rendered":"Pok\u00e9mon rugzak Salam\u00e8che"},"content":{"rendered":"<p>Superleuke rugzak in de vorm van Salam\u00e8che, uit het populaire Pok\u00e9mon (spel, maar wat is er tegenwoordig niet leuk aan Pok\u00e9mon?)!<\/p>\n<p>De schouderbanden zijn afneembaar, dus het is praktisch een schattige knuffel met een opbergzak! Qua inhoud kun je er niet veel in kwijt - een pakje drinken en iets lekkers voor op school is waarschijnlijk voldoende!<\/p>\n<p>Maar het is in ieder geval een coole gadget voor jong en oud!<\/p>\n<p>Afmetingen: 25x15x36cm.<\/p>","protected":false},"excerpt":{"rendered":"<p>Pok\u00e9mon rugzak Salam\u00e8che<\/p>","protected":false},"featured_media":41701,"comment_status":"open","ping_status":"closed","template":"","meta":[],"product_brand":[],"product_cat":[183],"product_tag":[],"class_list":{"0":"post-41698","1":"product","2":"type-product","3":"status-publish","4":"has-post-thumbnail","6":"product_cat-sacs-a-dos","8":"first","9":"outofstock","10":"taxable","11":"shipping-taxable","12":"purchasable","13":"product-type-simple"},"_links":{"self":[{"href":"https:\/\/shop-copie-conforme.com\/nl\/wp-json\/wp\/v2\/product\/41698","targetHints":{"allow":["GET"]}}],"collection":[{"href":"https:\/\/shop-copie-conforme.com\/nl\/wp-json\/wp\/v2\/product"}],"about":[{"href":"https:\/\/shop-copie-conforme.com\/nl\/wp-json\/wp\/v2\/types\/product"}],"replies":[{"embeddable":true,"href":"https:\/\/shop-copie-conforme.com\/nl\/wp-json\/wp\/v2\/comments?post=41698"}],"version-history":[{"count":0,"href":"https:\/\/shop-copie-conforme.com\/nl\/wp-json\/wp\/v2\/product\/41698\/revisions"}],"wp:featuredmedia":[{"embeddable":true,"href":"https:\/\/shop-copie-conforme.com\/nl\/wp-json\/wp\/v2\/media\/41701"}],"wp:attachment":[{"href":"https:\/\/shop-copie-conforme.com\/nl\/wp-json\/wp\/v2\/media?parent=41698"}],"wp:term":[{"taxonomy":"product_brand","embeddable":true,"href":"https:\/\/shop-copie-conforme.com\/nl\/wp-json\/wp\/v2\/product_brand?post=41698"},{"taxonomy":"product_cat","embeddable":true,"href":"https:\/\/shop-copie-conforme.com\/nl\/wp-json\/wp\/v2\/product_cat?post=41698"},{"taxonomy":"product_tag","embeddable":true,"href":"https:\/\/shop-copie-conforme.com\/nl\/wp-json\/wp\/v2\/product_tag?post=41698"}],"curies":[{"name":"wp","href":"https:\/\/api.w.org\/{rel}","templated":true}]}}