{"id":41693,"date":"2024-06-29T08:49:03","date_gmt":"2024-06-29T07:49:03","guid":{"rendered":"https:\/\/www.shop-copie-conforme.com\/?post_type=product&#038;p=41693"},"modified":"2024-08-26T09:45:08","modified_gmt":"2024-08-26T08:45:08","slug":"sac-a-dos-carapuce-pokemon","status":"publish","type":"product","link":"https:\/\/shop-copie-conforme.com\/nl\/product-2\/sac-a-dos-carapuce-pokemon\/","title":{"rendered":"Pok\u00e9mon rugzak Carapuce"},"content":{"rendered":"<p>Superleuke rugzak in de vorm van Carapuce, uit het populaire Pok\u00e9mon (spel, maar wat is er tegenwoordig niet leuk aan Pok\u00e9mon?)!<\/p>\n<p>De bandjes zijn afneembaar, dus het is praktisch een schattige knuffel met een opbergzakje!<\/p>\n<p>Qua inhoud kun je er niet veel in stoppen - een pakje drinken en iets lekkers voor op school is waarschijnlijk voldoende! Maar in ieder geval een leuke gadget voor jong en oud!<\/p>","protected":false},"excerpt":{"rendered":"<p>Pok\u00e9mon rugzak Carapuce<\/p>","protected":false},"featured_media":41696,"comment_status":"open","ping_status":"closed","template":"","meta":[],"product_brand":[],"product_cat":[183],"product_tag":[],"class_list":{"0":"post-41693","1":"product","2":"type-product","3":"status-publish","4":"has-post-thumbnail","6":"product_cat-sacs-a-dos","8":"first","9":"outofstock","10":"taxable","11":"shipping-taxable","12":"purchasable","13":"product-type-simple"},"_links":{"self":[{"href":"https:\/\/shop-copie-conforme.com\/nl\/wp-json\/wp\/v2\/product\/41693","targetHints":{"allow":["GET"]}}],"collection":[{"href":"https:\/\/shop-copie-conforme.com\/nl\/wp-json\/wp\/v2\/product"}],"about":[{"href":"https:\/\/shop-copie-conforme.com\/nl\/wp-json\/wp\/v2\/types\/product"}],"replies":[{"embeddable":true,"href":"https:\/\/shop-copie-conforme.com\/nl\/wp-json\/wp\/v2\/comments?post=41693"}],"version-history":[{"count":0,"href":"https:\/\/shop-copie-conforme.com\/nl\/wp-json\/wp\/v2\/product\/41693\/revisions"}],"wp:featuredmedia":[{"embeddable":true,"href":"https:\/\/shop-copie-conforme.com\/nl\/wp-json\/wp\/v2\/media\/41696"}],"wp:attachment":[{"href":"https:\/\/shop-copie-conforme.com\/nl\/wp-json\/wp\/v2\/media?parent=41693"}],"wp:term":[{"taxonomy":"product_brand","embeddable":true,"href":"https:\/\/shop-copie-conforme.com\/nl\/wp-json\/wp\/v2\/product_brand?post=41693"},{"taxonomy":"product_cat","embeddable":true,"href":"https:\/\/shop-copie-conforme.com\/nl\/wp-json\/wp\/v2\/product_cat?post=41693"},{"taxonomy":"product_tag","embeddable":true,"href":"https:\/\/shop-copie-conforme.com\/nl\/wp-json\/wp\/v2\/product_tag?post=41693"}],"curies":[{"name":"wp","href":"https:\/\/api.w.org\/{rel}","templated":true}]}}