{"id":18921,"date":"2023-03-14T13:03:43","date_gmt":"2023-03-14T13:03:43","guid":{"rendered":"https:\/\/www.shop-copie-conforme.com\/?post_type=product&#038;p=18921"},"modified":"2023-09-19T08:43:04","modified_gmt":"2023-09-19T07:43:04","slug":"sac-a-dos-pour-enfants-molly-melons","status":"publish","type":"product","link":"https:\/\/shop-copie-conforme.com\/nl\/product-2\/sac-a-dos-pour-enfants-molly-melons\/","title":{"rendered":"Molly Meloenen Kinderrugzak"},"content":{"rendered":"<p>Molly Meloenen Kinderrugzak<\/p>\n<p>&nbsp;<\/p>\n<ul class=\"a-unordered-list a-vertical a-spacing-mini\">\n<li><span class=\"a-list-item\">Stijlvolle kinderrugzak in roze met glittersterrenhanger, klein formaat rugzak, gemakkelijk te gebruiken voor kinderen<\/span><\/li>\n<li><span class=\"a-list-item\">Hoog draagcomfort dankzij rugvulling, ideaal voor kleine kinderruggen, optimale gewichtsverdeling dankzij ergonomische, in hoogte verstelbare borstriem, ophanggesp, compressiebanden, extra grote ritsgrepen voor kleine kinderhandjes, met stevige ritssluitingen<\/span><\/li>\n<li><span class=\"a-list-item\">Kenmerken rugzak: groot hoofdvak met opbergvak en centraal vak voor schone kleren, speelgoed, schilder- en doe-het-zelfmateriaal, klein voorvak voor broodtrommel en 2 zijvakken voor waterfles, paraplu en tissues.<\/span><\/li>\n<li><span class=\"a-list-item\">Afmetingen rugzak: ca. 25 x 35 x 12 cm, volume: 11 liter, licht gewicht met ca. 335 g, gemaakt van duurzaam, waterafstotend materiaal, gemakkelijk te reinigen.<\/span><\/li>\n<li><span class=\"a-list-item\">Lichtgewicht, kleurrijk en modieus, deze rugzak is de ideale metgezel voor de kleuterschool, kleuterschool, reizen en vrije tijd.<\/span><\/li>\n<\/ul>\n<p>Ideaal voor de eerste stapjes op school, praktisch en comfortabel<\/p>\n<p>&nbsp;<\/p>","protected":false},"excerpt":{"rendered":"<p>Sac \u00e0 Dos pour Enfants Molly Melons &nbsp; Sac \u00e0 dos \u00e9l\u00e9gant pour enfants en rose avec pendentif \u00e9toile \u00e0<\/p>","protected":false},"featured_media":18924,"comment_status":"open","ping_status":"closed","template":"","meta":[],"product_brand":[],"product_cat":[183],"product_tag":[],"class_list":{"0":"post-18921","1":"product","2":"type-product","3":"status-publish","4":"has-post-thumbnail","6":"product_cat-sacs-a-dos","8":"first","9":"instock","10":"taxable","11":"shipping-taxable","12":"purchasable","13":"product-type-simple"},"_links":{"self":[{"href":"https:\/\/shop-copie-conforme.com\/nl\/wp-json\/wp\/v2\/product\/18921","targetHints":{"allow":["GET"]}}],"collection":[{"href":"https:\/\/shop-copie-conforme.com\/nl\/wp-json\/wp\/v2\/product"}],"about":[{"href":"https:\/\/shop-copie-conforme.com\/nl\/wp-json\/wp\/v2\/types\/product"}],"replies":[{"embeddable":true,"href":"https:\/\/shop-copie-conforme.com\/nl\/wp-json\/wp\/v2\/comments?post=18921"}],"version-history":[{"count":0,"href":"https:\/\/shop-copie-conforme.com\/nl\/wp-json\/wp\/v2\/product\/18921\/revisions"}],"wp:featuredmedia":[{"embeddable":true,"href":"https:\/\/shop-copie-conforme.com\/nl\/wp-json\/wp\/v2\/media\/18924"}],"wp:attachment":[{"href":"https:\/\/shop-copie-conforme.com\/nl\/wp-json\/wp\/v2\/media?parent=18921"}],"wp:term":[{"taxonomy":"product_brand","embeddable":true,"href":"https:\/\/shop-copie-conforme.com\/nl\/wp-json\/wp\/v2\/product_brand?post=18921"},{"taxonomy":"product_cat","embeddable":true,"href":"https:\/\/shop-copie-conforme.com\/nl\/wp-json\/wp\/v2\/product_cat?post=18921"},{"taxonomy":"product_tag","embeddable":true,"href":"https:\/\/shop-copie-conforme.com\/nl\/wp-json\/wp\/v2\/product_tag?post=18921"}],"curies":[{"name":"wp","href":"https:\/\/api.w.org\/{rel}","templated":true}]}}