{"id":16302,"date":"2022-06-18T07:10:11","date_gmt":"2022-06-18T07:10:11","guid":{"rendered":"https:\/\/www.shop-copie-conforme.com\/?post_type=product&#038;p=16302"},"modified":"2024-06-19T08:08:00","modified_gmt":"2024-06-19T07:08:00","slug":"sac-a-dos-pour-enfant-koala","status":"publish","type":"product","link":"https:\/\/shop-copie-conforme.com\/nl\/product-2\/sac-a-dos-pour-enfant-koala\/","title":{"rendered":"Kinderrugzak koala"},"content":{"rendered":"<h1>Kinderrugzak koala<\/h1>\n<h1 id=\"title\" class=\"a-size-large a-spacing-none\"><span id=\"productTitle\" class=\"a-size-large product-title-word-break\">Kinderrugzak met 2 vakken met rits, zijvakken, rugvulling, waterdicht, kleuterrugzak<\/span><\/h1>","protected":false},"excerpt":{"rendered":"<p>Sac \u00e0 dos pour enfant koala Sac \u00e0 dos pour enfant avec 2 compartiments zipp\u00e9s, poches lat\u00e9rales, rembourrage dorsal, imperm\u00e9able,<\/p>","protected":false},"featured_media":16304,"comment_status":"open","ping_status":"closed","template":"","meta":[],"product_brand":[],"product_cat":[183],"product_tag":[],"class_list":{"0":"post-16302","1":"product","2":"type-product","3":"status-publish","4":"has-post-thumbnail","6":"product_cat-sacs-a-dos","8":"first","9":"outofstock","10":"taxable","11":"shipping-taxable","12":"purchasable","13":"product-type-simple"},"_links":{"self":[{"href":"https:\/\/shop-copie-conforme.com\/nl\/wp-json\/wp\/v2\/product\/16302","targetHints":{"allow":["GET"]}}],"collection":[{"href":"https:\/\/shop-copie-conforme.com\/nl\/wp-json\/wp\/v2\/product"}],"about":[{"href":"https:\/\/shop-copie-conforme.com\/nl\/wp-json\/wp\/v2\/types\/product"}],"replies":[{"embeddable":true,"href":"https:\/\/shop-copie-conforme.com\/nl\/wp-json\/wp\/v2\/comments?post=16302"}],"version-history":[{"count":0,"href":"https:\/\/shop-copie-conforme.com\/nl\/wp-json\/wp\/v2\/product\/16302\/revisions"}],"wp:featuredmedia":[{"embeddable":true,"href":"https:\/\/shop-copie-conforme.com\/nl\/wp-json\/wp\/v2\/media\/16304"}],"wp:attachment":[{"href":"https:\/\/shop-copie-conforme.com\/nl\/wp-json\/wp\/v2\/media?parent=16302"}],"wp:term":[{"taxonomy":"product_brand","embeddable":true,"href":"https:\/\/shop-copie-conforme.com\/nl\/wp-json\/wp\/v2\/product_brand?post=16302"},{"taxonomy":"product_cat","embeddable":true,"href":"https:\/\/shop-copie-conforme.com\/nl\/wp-json\/wp\/v2\/product_cat?post=16302"},{"taxonomy":"product_tag","embeddable":true,"href":"https:\/\/shop-copie-conforme.com\/nl\/wp-json\/wp\/v2\/product_tag?post=16302"}],"curies":[{"name":"wp","href":"https:\/\/api.w.org\/{rel}","templated":true}]}}