{"id":15740,"date":"2022-03-09T15:19:55","date_gmt":"2022-03-09T15:19:55","guid":{"rendered":"https:\/\/www.shop-copie-conforme.com\/?post_type=product&#038;p=15740"},"modified":"2023-09-05T14:45:36","modified_gmt":"2023-09-05T13:45:36","slug":"chemise-a-elastiques-3-rabats-maxi-capacity-carte-lustree-pelliculee-425gm%c2%b2-iderama-a4-vert-anis","status":"publish","type":"product","link":"https:\/\/shop-copie-conforme.com\/nl\/product-2\/chemise-a-elastiques-3-rabats-maxi-capacity-carte-lustree-pelliculee-425gm%c2%b2-iderama-a4-vert-anis\/","title":{"rendered":"Elastische map 3 kleppen Maxi capaciteit kaart glanzend gelamineerd 425gm\u00b2 Iderama A4 - Anijsgroen"},"content":{"rendered":"<p>Gemaakt van echt glanzend karton, geverfd in de massa, bedekt met een lichte plastic film die beschermt, Iderama shirts zijn FSC\u00ae gecertificeerd en 100% French made. Maxi Capacity elastische mappen zijn mappen uit \u00e9\u00e9n stuk, gesneden uit \u00e9\u00e9n stuk. Ze hebben de capaciteit van een 35mm ordner. Sterk en duurzaam, deze mappen zijn perfect voor gebruik op school of kantoor.<br \/>\nMaxi Capacity Elastic Folders zijn uit \u00e9\u00e9n stuk gesneden mappen. Ze hebben de capaciteit van een 35mm ordner.<br \/>\nStevig en duurzaam, deze shirts zijn perfect voor school of kantoor gebruik.<\/p>\n<ul class=\"characteristic_list\">\n<li>Materiaal: glanzend gelamineerd karton<\/li>\n<li>Materiaalgewicht: 425G\/M2<\/li>\n<li>Afmeting: 24\u00d732 cm<\/li>\n<li>In te dienen formaat : A4<\/li>\n<li>Geassorteerde kleuren : Lichtblauw - Donkerblauw - Geel - Zwart - Oranje - Roze - Rood - Anijsgroen - Donkergroen - Purper<\/li>\n<li>Type shirt: 3 flappen en elastiek<\/li>\n<li>Etiket achterzijde: Ja<\/li>\n<li>Capaciteit (80gr. vellen): 300<\/li>\n<li>Elastische kleur: Zwart<\/li>\n<li>Rug: 3.5<\/li>\n<li>Type sluiting: Met elastiek en 3 flappen<\/li>\n<li>55829E<\/li>\n<\/ul>","protected":false},"excerpt":{"rendered":"<p>Elastische map 3 kleppen Maxi capaciteit kaart glanzend gelamineerd 425gm\u00b2 Iderama A4 - Anijsgroen<\/p>","protected":false},"featured_media":15795,"comment_status":"open","ping_status":"closed","template":"","meta":[],"product_brand":[],"product_cat":[91,157],"product_tag":[],"class_list":{"0":"post-15740","1":"product","2":"type-product","3":"status-publish","4":"has-post-thumbnail","6":"product_cat-classement-et-archivage","7":"product_cat-fardes-et-trieurs","9":"first","10":"instock","11":"taxable","12":"shipping-taxable","13":"purchasable","14":"product-type-simple"},"_links":{"self":[{"href":"https:\/\/shop-copie-conforme.com\/nl\/wp-json\/wp\/v2\/product\/15740","targetHints":{"allow":["GET"]}}],"collection":[{"href":"https:\/\/shop-copie-conforme.com\/nl\/wp-json\/wp\/v2\/product"}],"about":[{"href":"https:\/\/shop-copie-conforme.com\/nl\/wp-json\/wp\/v2\/types\/product"}],"replies":[{"embeddable":true,"href":"https:\/\/shop-copie-conforme.com\/nl\/wp-json\/wp\/v2\/comments?post=15740"}],"version-history":[{"count":0,"href":"https:\/\/shop-copie-conforme.com\/nl\/wp-json\/wp\/v2\/product\/15740\/revisions"}],"wp:featuredmedia":[{"embeddable":true,"href":"https:\/\/shop-copie-conforme.com\/nl\/wp-json\/wp\/v2\/media\/15795"}],"wp:attachment":[{"href":"https:\/\/shop-copie-conforme.com\/nl\/wp-json\/wp\/v2\/media?parent=15740"}],"wp:term":[{"taxonomy":"product_brand","embeddable":true,"href":"https:\/\/shop-copie-conforme.com\/nl\/wp-json\/wp\/v2\/product_brand?post=15740"},{"taxonomy":"product_cat","embeddable":true,"href":"https:\/\/shop-copie-conforme.com\/nl\/wp-json\/wp\/v2\/product_cat?post=15740"},{"taxonomy":"product_tag","embeddable":true,"href":"https:\/\/shop-copie-conforme.com\/nl\/wp-json\/wp\/v2\/product_tag?post=15740"}],"curies":[{"name":"wp","href":"https:\/\/api.w.org\/{rel}","templated":true}]}}