{"id":14894,"date":"2022-03-09T14:55:23","date_gmt":"2022-03-09T13:55:23","guid":{"rendered":"https:\/\/www.shop-copie-conforme.com\/?post_type=product&#038;p=14894"},"modified":"2026-01-27T15:34:56","modified_gmt":"2026-01-27T14:34:56","slug":"brepols-agenda-bremax-1-santex-noir-2026","status":"publish","type":"product","link":"https:\/\/shop-copie-conforme.com\/nl\/product-2\/brepols-agenda-bremax-1-santex-noir-2026\/","title":{"rendered":"Brepols dagboek Bremax 1 Santex zwart 2026"},"content":{"rendered":"<p>1 dag per pagina<br \/>\nPer 1\/4 uur (7.00 - 21.45 uur)<br \/>\n6 talen<br \/>\nGerelateerd<br \/>\nPlanning tot 2024<br \/>\n70 g\/m\u00b2 houtvrij wit papier<br \/>\n432 pagina's<br \/>\nMet 2 bladwijzerlinten en afneembare hoeken<br \/>\nElke pagina heeft 4 kolommen<br \/>\nRobuuste kunstlederen hoes<br \/>\nFt 210 x 290 mmm.<br \/>\n<span id=\"webtext\" class=\"IBSOutput\">Bremax 1 Santex, zwart<\/span><\/p>","protected":false},"excerpt":{"rendered":"<div class=\"group w-full text-gray-800 dark:text-gray-100 border-b border-black\/10 dark:border-gray-900\/50 bg-gray-50 dark:bg-[#444654]\">\n<div class=\"flex p-4 gap-4 text-base md:gap-6 md:max-w-2xl lg:max-w-[38rem] xl:max-w-3xl md:py-6 lg:px-0 m-auto\">\n<div class=\"relative flex w-[calc(100%-50px)] flex-col gap-1 md:gap-3 lg:w-[calc(100%-115px)]\">\n<div class=\"flex flex-grow flex-col gap-3\">\n<div class=\"min-h-[20px] flex items-start overflow-x-auto whitespace-pre-wrap break-words flex-col gap-4\">\n<div class=\"markdown prose w-full break-words dark:prose-invert light\">\n<p>D\u00e9couvrez le Brepols agenda Bremax 1 Santex noir 2026 , l&rsquo;outil de planification id\u00e9al pour une ann\u00e9e organis\u00e9e et professionnelle. Avec sa couverture en Santex noir r\u00e9sistant et \u00e9l\u00e9gant, cet agenda offre une apparence sophistiqu\u00e9e et durable.<\/p>\n<p>L&rsquo;agenda Brepols Bremax 1 Santex vous permet de visualiser votre emploi du temps avec une vue par semaine, facilitant ainsi la planification de vos rendez-vous, t\u00e2ches et objectifs. Les pages de haute qualit\u00e9 vous offrent suffisamment d&rsquo;espace pour prendre des notes d\u00e9taill\u00e9es et garder une trace claire de vos activit\u00e9s.<\/p>\n<p>Gr\u00e2ce \u00e0 sa taille pratique, cet agenda peut \u00eatre facilement transport\u00e9 dans votre sac ou votre attach\u00e9-case, vous permettant d&rsquo;acc\u00e9der \u00e0 vos plans o\u00f9 que vous soyez. Sa couverture robuste assure une protection optimale de vos informations tout au long de l&rsquo;ann\u00e9e.<\/p>\n<p>Choisissez l&rsquo;agenda Brepols Bremax 1 Santex noir 2026 et faites de l&rsquo;organisation une priorit\u00e9. G\u00e9rez votre temps efficacement et ajoutez une touche de professionnalisme \u00e0 votre quotidien avec cet agenda fiable et \u00e9l\u00e9gant.<\/p>\n<\/div>\n<\/div>\n<\/div>\n<div class=\"flex justify-between lg:block\">\n<div class=\"text-gray-400 flex self-end lg:self-center justify-center mt-2 gap-2 md:gap-3 lg:gap-1 lg:absolute lg:top-0 lg:translate-x-full lg:right-0 lg:mt-0 lg:pl-2 visible\">\n<p>&nbsp;<\/p>\n<div class=\"flex gap-1\"><\/div>\n<\/div>\n<\/div>\n<\/div>\n<\/div>\n<\/div>\n","protected":false},"featured_media":45118,"comment_status":"open","ping_status":"closed","template":"","meta":[],"product_brand":[],"product_cat":[164],"product_tag":[],"class_list":{"0":"post-14894","1":"product","2":"type-product","3":"status-publish","4":"has-post-thumbnail","6":"product_cat-agendas","8":"first","9":"outofstock","10":"taxable","11":"shipping-taxable","12":"purchasable","13":"product-type-simple"},"_links":{"self":[{"href":"https:\/\/shop-copie-conforme.com\/nl\/wp-json\/wp\/v2\/product\/14894","targetHints":{"allow":["GET"]}}],"collection":[{"href":"https:\/\/shop-copie-conforme.com\/nl\/wp-json\/wp\/v2\/product"}],"about":[{"href":"https:\/\/shop-copie-conforme.com\/nl\/wp-json\/wp\/v2\/types\/product"}],"replies":[{"embeddable":true,"href":"https:\/\/shop-copie-conforme.com\/nl\/wp-json\/wp\/v2\/comments?post=14894"}],"version-history":[{"count":0,"href":"https:\/\/shop-copie-conforme.com\/nl\/wp-json\/wp\/v2\/product\/14894\/revisions"}],"wp:featuredmedia":[{"embeddable":true,"href":"https:\/\/shop-copie-conforme.com\/nl\/wp-json\/wp\/v2\/media\/45118"}],"wp:attachment":[{"href":"https:\/\/shop-copie-conforme.com\/nl\/wp-json\/wp\/v2\/media?parent=14894"}],"wp:term":[{"taxonomy":"product_brand","embeddable":true,"href":"https:\/\/shop-copie-conforme.com\/nl\/wp-json\/wp\/v2\/product_brand?post=14894"},{"taxonomy":"product_cat","embeddable":true,"href":"https:\/\/shop-copie-conforme.com\/nl\/wp-json\/wp\/v2\/product_cat?post=14894"},{"taxonomy":"product_tag","embeddable":true,"href":"https:\/\/shop-copie-conforme.com\/nl\/wp-json\/wp\/v2\/product_tag?post=14894"}],"curies":[{"name":"wp","href":"https:\/\/api.w.org\/{rel}","templated":true}]}}