{"id":14008,"date":"2022-03-09T14:43:49","date_gmt":"2022-03-09T14:43:49","guid":{"rendered":"https:\/\/www.shop-copie-conforme.com\/?post_type=product&#038;p=14008"},"modified":"2024-03-18T17:39:20","modified_gmt":"2024-03-18T16:39:20","slug":"bruynzeel-crayons-de-couleur-boite-de-72-pieces","status":"publish","type":"product","link":"https:\/\/shop-copie-conforme.com\/nl\/product-2\/bruynzeel-crayons-de-couleur-boite-de-72-pieces\/","title":{"rendered":"Bruynzeel kleurpotloden, doos van 72 stuks"},"content":{"rendered":"<p>Crayons de couleur de haute qualit\u00e9 avec un noyau fort et \u00e9pais de 3,3 mm, fabriqu\u00e9s \u00e0 partir de pigments de qualit\u00e9 pour un bon transfert des couleurs<br \/>\n<span id=\"webtext\" class=\"IBSOutput\">72 crayons<\/span><\/p>\n<div class=\"flex-1 overflow-hidden\">\n<div class=\"react-scroll-to-bottom--css-xddlr-79elbk h-full\">\n<div class=\"react-scroll-to-bottom--css-xddlr-1n7m0yu\">\n<div class=\"flex flex-col text-sm pb-9\">\n<div class=\"w-full text-token-text-primary\" data-testid=\"conversation-turn-21\">\n<div class=\"px-4 py-2 justify-center text-base md:gap-6 m-auto\">\n<div class=\"flex flex-1 text-base mx-auto gap-3 md:px-5 lg:px-1 xl:px-5 md:max-w-3xl lg:max-w-[40rem] xl:max-w-[48rem] group final-completion\">\n<div class=\"relative flex w-full flex-col agent-turn\">\n<div class=\"flex-col gap-1 md:gap-3\">\n<div class=\"flex flex-grow flex-col max-w-full\">\n<div class=\"min-h-[20px] text-message flex flex-col items-start gap-3 whitespace-pre-wrap break-words [.text-message+&amp;]:mt-5 overflow-x-auto\" data-message-author-role=\"assistant\" data-message-id=\"d477a848-d7bb-4956-ae1d-b50ab2de37f8\">\n<div class=\"markdown prose w-full break-words dark:prose-invert light\">\n<p>D\u00e9couvrez l&rsquo;inspiration infinie avec les crayons de couleur Bruynzeel. Cette bo\u00eete de 72 pi\u00e8ces offre une gamme compl\u00e8te de couleurs vives et \u00e9clatantes, parfaites pour donner vie \u00e0 vos cr\u00e9ations artistiques. Que vous soyez un artiste en herbe ou un professionnel exp\u00e9riment\u00e9, ces crayons de couleur de haute qualit\u00e9 vous offrent une pr\u00e9cision exceptionnelle et une couverture uniforme sur une vari\u00e9t\u00e9 de supports.<\/p>\n<p>Leur formulation sp\u00e9ciale garantit une r\u00e9sistance \u00e0 la cassure et une douceur d&rsquo;\u00e9criture sans pareille, vous permettant ainsi de r\u00e9aliser des d\u00e9tails fins et des ombrages subtils avec facilit\u00e9. Que ce soit pour le dessin, le coloriage ou l&rsquo;illustration, les crayons de couleur Bruynzeel sont le choix parfait pour exprimer votre cr\u00e9ativit\u00e9 de mani\u00e8re vibrante et captivante. Ajoutez-les \u00e0 votre collection d&rsquo;outils artistiques d\u00e8s aujourd&rsquo;hui et laissez libre cours \u00e0 votre imagination.<\/p>\n<\/div>\n<\/div>\n<\/div>\n<div class=\"mt-1 flex justify-start gap-3 empty:hidden\">\n<div class=\"text-gray-400 flex self-end lg:self-center items-center justify-center lg:justify-start mt-0 -ml-1 h-7 gap-[2px] visible\"><button class=\"flex items-center gap-1.5 rounded-md p-1 text-xs text-token-text-tertiary hover:text-token-text-primary md:invisible md:group-hover:visible md:group-[.final-completion]:visible\"><\/button><button class=\"flex items-center gap-1.5 rounded-md p-1 text-xs text-token-text-tertiary hover:text-token-text-primary md:invisible md:group-hover:visible md:group-[.final-completion]:visible\"><\/button><\/p>\n<div class=\"flex items-center gap-1.5 text-xs\"><\/div>\n<div class=\"flex\"><\/div>\n<\/div>\n<\/div>\n<div class=\"pr-2 lg:pr-0\"><\/div>\n<\/div>\n<\/div>\n<\/div>\n<\/div>\n<\/div>\n<\/div>\n<\/div>\n<\/div>\n<\/div>\n<div class=\"w-full pt-2 md:pt-0 dark:border-white\/20 md:border-transparent md:dark:border-transparent md:w-[calc(100%-.5rem)]\">\n<form class=\"stretch mx-2 flex flex-row gap-3 last:mb-2 md:mx-4 md:last:mb-6 lg:mx-auto lg:max-w-2xl xl:max-w-3xl\">\n<div class=\"relative flex h-full flex-1 flex-col\">\n<div class=\"flex w-full items-center\"><\/div>\n<\/div>\n<\/form>\n<\/div>\n","protected":false},"excerpt":{"rendered":"<p>Bruynzeel kleurpotloden, doos van 72 stuks<\/p>","protected":false},"featured_media":14080,"comment_status":"open","ping_status":"closed","template":"","meta":[],"product_brand":[],"product_cat":[144],"product_tag":[],"class_list":{"0":"post-14008","1":"product","2":"type-product","3":"status-publish","4":"has-post-thumbnail","6":"product_cat-coloriage","8":"first","9":"instock","10":"taxable","11":"shipping-taxable","12":"purchasable","13":"product-type-simple"},"_links":{"self":[{"href":"https:\/\/shop-copie-conforme.com\/nl\/wp-json\/wp\/v2\/product\/14008","targetHints":{"allow":["GET"]}}],"collection":[{"href":"https:\/\/shop-copie-conforme.com\/nl\/wp-json\/wp\/v2\/product"}],"about":[{"href":"https:\/\/shop-copie-conforme.com\/nl\/wp-json\/wp\/v2\/types\/product"}],"replies":[{"embeddable":true,"href":"https:\/\/shop-copie-conforme.com\/nl\/wp-json\/wp\/v2\/comments?post=14008"}],"version-history":[{"count":0,"href":"https:\/\/shop-copie-conforme.com\/nl\/wp-json\/wp\/v2\/product\/14008\/revisions"}],"wp:featuredmedia":[{"embeddable":true,"href":"https:\/\/shop-copie-conforme.com\/nl\/wp-json\/wp\/v2\/media\/14080"}],"wp:attachment":[{"href":"https:\/\/shop-copie-conforme.com\/nl\/wp-json\/wp\/v2\/media?parent=14008"}],"wp:term":[{"taxonomy":"product_brand","embeddable":true,"href":"https:\/\/shop-copie-conforme.com\/nl\/wp-json\/wp\/v2\/product_brand?post=14008"},{"taxonomy":"product_cat","embeddable":true,"href":"https:\/\/shop-copie-conforme.com\/nl\/wp-json\/wp\/v2\/product_cat?post=14008"},{"taxonomy":"product_tag","embeddable":true,"href":"https:\/\/shop-copie-conforme.com\/nl\/wp-json\/wp\/v2\/product_tag?post=14008"}],"curies":[{"name":"wp","href":"https:\/\/api.w.org\/{rel}","templated":true}]}}