{"id":13801,"date":"2022-03-09T14:41:36","date_gmt":"2022-03-09T14:41:36","guid":{"rendered":"https:\/\/www.shop-copie-conforme.com\/?post_type=product&#038;p=13801"},"modified":"2026-04-24T13:38:08","modified_gmt":"2026-04-24T12:38:08","slug":"maped-reload-porte-mine-05-mm","status":"publish","type":"product","link":"https:\/\/shop-copie-conforme.com\/nl\/product-2\/maped-reload-porte-mine-05-mm\/","title":{"rendered":"Maped Reload Mechanisch potlood 0.5 mm"},"content":{"rendered":"<p>Fini les mines cass\u00e9es et les doigts salis. Avec le porte-mines Reload, d\u00e9vissez et ins\u00e9rez la cartouche de mines<\/p>\n<p>Cartouches de mines pour recharger sans effort<\/p>\n<div class=\"flex-1 overflow-hidden\">\n<div class=\"react-scroll-to-bottom--css-luuxh-79elbk h-full\">\n<div class=\"react-scroll-to-bottom--css-luuxh-1n7m0yu\">\n<div class=\"flex flex-col text-sm pb-9\">\n<div class=\"w-full text-token-text-primary\" data-testid=\"conversation-turn-29\">\n<div class=\"px-4 py-2 justify-center text-base md:gap-6 m-auto\">\n<div class=\"flex flex-1 text-base mx-auto gap-3 md:px-5 lg:px-1 xl:px-5 md:max-w-3xl lg:max-w-[40rem] xl:max-w-[48rem] group final-completion\">\n<div class=\"relative flex w-full flex-col agent-turn\">\n<div class=\"flex-col gap-1 md:gap-3\">\n<div class=\"flex flex-grow flex-col max-w-full\">\n<div class=\"min-h-[20px] text-message flex flex-col items-start gap-3 whitespace-pre-wrap break-words [.text-message+&amp;]:mt-5 overflow-x-auto\" data-message-author-role=\"assistant\" data-message-id=\"eadffb3c-464e-4d7c-adc9-c83fd6fd046b\">\n<div class=\"markdown prose w-full break-words dark:prose-invert light\">\n<p>Le porte-mine Maped Reload est l&rsquo;outil d&rsquo;\u00e9criture parfait pour les amateurs de pr\u00e9cision et de confort. Avec une taille de 0,5 mm, il offre un trait fin et pr\u00e9cis, id\u00e9al pour la prise de notes, les croquis d\u00e9taill\u00e9s et les dessins techniques. Son m\u00e9canisme de recharge innovant permet de remplacer facilement la mine lorsqu&rsquo;elle est \u00e9puis\u00e9e, ce qui en fait une option \u00e9conomique et \u00e9cologique.<\/p>\n<p>Con\u00e7u avec une prise en main ergonomique, ce porte-mine assure un confort optimal lors de son utilisation prolong\u00e9e. De plus, son design \u00e9l\u00e9gant et moderne en fait un accessoire styl\u00e9 pour votre trousse ou votre bureau. Que vous soyez \u00e9tudiant, professionnel ou artiste, le porte-mine Maped Reload vous offre une exp\u00e9rience d&rsquo;\u00e9criture fluide et sans effort, tout en vous permettant de rester organis\u00e9 et productif.<\/p>\n<p>Optez pour le porte-mine Maped Reload 0,5 mm et d\u00e9couvrez une nouvelle fa\u00e7on de cr\u00e9er avec pr\u00e9cision et confort.<\/p>\n<\/div>\n<\/div>\n<\/div>\n<div class=\"mt-1 flex justify-start gap-3 empty:hidden\">\n<div class=\"text-gray-400 flex self-end lg:self-center items-center justify-center lg:justify-start mt-0 -ml-1 h-7 gap-[2px] visible\">\n<p>&nbsp;<\/p>\n<div class=\"flex items-center gap-1.5 text-xs\"><\/div>\n<div class=\"flex\"><\/div>\n<\/div>\n<\/div>\n<div class=\"pr-2 lg:pr-0\"><\/div>\n<\/div>\n<\/div>\n<\/div>\n<\/div>\n<\/div>\n<\/div>\n<\/div>\n<\/div>\n<\/div>\n<div class=\"w-full pt-2 md:pt-0 dark:border-white\/20 md:border-transparent md:dark:border-transparent md:w-[calc(100%-.5rem)]\">\n<form class=\"stretch mx-2 flex flex-row gap-3 last:mb-2 md:mx-4 md:last:mb-6 lg:mx-auto lg:max-w-2xl xl:max-w-3xl\">\n<div class=\"relative flex h-full flex-1 flex-col\">\n<div class=\"absolute bottom-full left-0 right-0\"><\/div>\n<div class=\"flex w-full items-center\"><\/div>\n<\/div>\n<\/form>\n<\/div>\n","protected":false},"excerpt":{"rendered":"<p>Maped Reload Mechanisch potlood 0.5 mm<\/p>","protected":false},"featured_media":13877,"comment_status":"open","ping_status":"closed","template":"","meta":[],"product_brand":[],"product_cat":[136],"product_tag":[],"class_list":{"0":"post-13801","1":"product","2":"type-product","3":"status-publish","4":"has-post-thumbnail","6":"product_cat-portemine","8":"first","9":"outofstock","10":"taxable","11":"shipping-taxable","12":"purchasable","13":"product-type-simple"},"_links":{"self":[{"href":"https:\/\/shop-copie-conforme.com\/nl\/wp-json\/wp\/v2\/product\/13801","targetHints":{"allow":["GET"]}}],"collection":[{"href":"https:\/\/shop-copie-conforme.com\/nl\/wp-json\/wp\/v2\/product"}],"about":[{"href":"https:\/\/shop-copie-conforme.com\/nl\/wp-json\/wp\/v2\/types\/product"}],"replies":[{"embeddable":true,"href":"https:\/\/shop-copie-conforme.com\/nl\/wp-json\/wp\/v2\/comments?post=13801"}],"version-history":[{"count":1,"href":"https:\/\/shop-copie-conforme.com\/nl\/wp-json\/wp\/v2\/product\/13801\/revisions"}],"predecessor-version":[{"id":47840,"href":"https:\/\/shop-copie-conforme.com\/nl\/wp-json\/wp\/v2\/product\/13801\/revisions\/47840"}],"wp:featuredmedia":[{"embeddable":true,"href":"https:\/\/shop-copie-conforme.com\/nl\/wp-json\/wp\/v2\/media\/13877"}],"wp:attachment":[{"href":"https:\/\/shop-copie-conforme.com\/nl\/wp-json\/wp\/v2\/media?parent=13801"}],"wp:term":[{"taxonomy":"product_brand","embeddable":true,"href":"https:\/\/shop-copie-conforme.com\/nl\/wp-json\/wp\/v2\/product_brand?post=13801"},{"taxonomy":"product_cat","embeddable":true,"href":"https:\/\/shop-copie-conforme.com\/nl\/wp-json\/wp\/v2\/product_cat?post=13801"},{"taxonomy":"product_tag","embeddable":true,"href":"https:\/\/shop-copie-conforme.com\/nl\/wp-json\/wp\/v2\/product_tag?post=13801"}],"curies":[{"name":"wp","href":"https:\/\/api.w.org\/{rel}","templated":true}]}}