{"id":13587,"date":"2022-03-09T14:39:09","date_gmt":"2022-03-09T14:39:09","guid":{"rendered":"https:\/\/www.shop-copie-conforme.com\/?post_type=product&#038;p=13587"},"modified":"2023-07-25T10:44:00","modified_gmt":"2023-07-25T09:44:00","slug":"carte-memoire-32gb-mediarange-avec-adaptateur","status":"publish","type":"product","link":"https:\/\/shop-copie-conforme.com\/nl\/product-2\/carte-memoire-32gb-mediarange-avec-adaptateur\/","title":{"rendered":"Mediarange 32Gb geheugenkaart met adapter"},"content":{"rendered":"<p><strong>Mediarange 32Gb geheugenkaart met adapter<\/strong><\/p>\n<p>MEDIARANGE MICRO SDHC KAART 32GB KLASSE 10 INCL. ADAPTER<\/p>\n<p>MR959<\/p>","protected":false},"excerpt":{"rendered":"<div class=\"flex-1 overflow-hidden\">\n<div class=\"react-scroll-to-bottom--css-hqalk-79elbk h-full dark:bg-gray-800\">\n<div class=\"react-scroll-to-bottom--css-hqalk-1n7m0yu\">\n<div class=\"flex flex-col text-sm dark:bg-gray-800\">\n<div class=\"group w-full text-gray-800 dark:text-gray-100 border-b border-black\/10 dark:border-gray-900\/50 bg-gray-50 dark:bg-[#444654]\">\n<div class=\"flex p-4 gap-4 text-base md:gap-6 md:max-w-2xl lg:max-w-[38rem] xl:max-w-3xl md:py-6 lg:px-0 m-auto\">\n<div class=\"relative flex w-[calc(100%-50px)] flex-col gap-1 md:gap-3 lg:w-[calc(100%-115px)]\">\n<div class=\"flex flex-grow flex-col gap-3\">\n<div class=\"min-h-[20px] flex flex-col items-start gap-4 whitespace-pre-wrap break-words\">\n<div class=\"markdown prose w-full break-words dark:prose-invert light\">\n<p>D\u00e9couvrez la carte m\u00e9moire Micro SD Mediarange de 64 Go avec adaptateur, une solution de stockage polyvalente pour vos appareils \u00e9lectroniques !<\/p>\n<p>La carte m\u00e9moire Micro SD Mediarange offre une capacit\u00e9 g\u00e9n\u00e9reuse de 64 Go, vous permettant de stocker une grande quantit\u00e9 de photos, vid\u00e9os, fichiers audio et autres donn\u00e9es. Son format compact la rend compatible avec une large gamme d&rsquo;appareils tels que les smartphones, les tablettes, les appareils photo, les cam\u00e9ras d&rsquo;action et bien d&rsquo;autres encore.<\/p>\n<p>L&rsquo;adaptateur inclus vous permet de convertir facilement la carte Micro SD en une carte SD standard, offrant ainsi une compatibilit\u00e9 \u00e9tendue avec diff\u00e9rents lecteurs de cartes et appareils. Transf\u00e9rez et sauvegardez vos fichiers en toute simplicit\u00e9.<\/p>\n<p>Fabriqu\u00e9e par Mediarange, une marque r\u00e9put\u00e9e pour ses produits de stockage fiables, cette carte m\u00e9moire Micro SD offre une performance rapide et fiable, garantissant des transferts de donn\u00e9es rapides et une lecture fluide.<\/p>\n<p>Optez pour la fiabilit\u00e9 et la polyvalence avec la carte m\u00e9moire Micro SD Mediarange de 64 Go avec adaptateur. Stockez, transf\u00e9rez et profitez de vos contenus multim\u00e9dias en toute tranquillit\u00e9 d&rsquo;esprit.<\/p>\n<\/div>\n<\/div>\n<\/div>\n<div class=\"flex justify-between lg:block\">\n<div class=\"text-gray-400 flex self-end lg:self-center justify-center mt-2 gap-2 md:gap-3 lg:gap-1 lg:absolute lg:top-0 lg:translate-x-full lg:right-0 lg:mt-0 lg:pl-2 visible\"><button class=\"flex ml-auto gap-2 rounded-md p-1 hover:bg-gray-100 hover:text-gray-700 dark:text-gray-400 dark:hover:bg-gray-700 dark:hover:text-gray-200 disabled:dark:hover:text-gray-400\"><\/button><\/p>\n<div class=\"flex gap-1\"><\/div>\n<\/div>\n<\/div>\n<\/div>\n<\/div>\n<\/div>\n<div class=\"group w-full text-gray-800 dark:text-gray-100 border-b border-black\/10 dark:border-gray-900\/50 dark:bg-gray-800\">\n<div class=\"flex p-4 gap-4 text-base md:gap-6 md:max-w-2xl lg:max-w-[38rem] xl:max-w-3xl md:py-6 lg:px-0 m-auto\">\n<div class=\"flex-shrink-0 flex flex-col relative items-end\">\n<div class=\"w-[30px]\">\n<div class=\"relative flex\"><img decoding=\"async\" src=\"data:;base64,<svg xmlns='http:\/\/www.w3.org\/2000\/svg' version='1.1' width='38' height='38'\/>\u00a0\u00bb alt=\u00a0\u00bb\u00a0\u00bb aria-hidden=\u00a0\u00bbtrue\u00a0\u00bb \/><img decoding=\"async\" class=\"rounded-sm\" src=\"https:\/\/chat.openai.com\/_next\/image?url=https%3A%2F%2Flh3.googleusercontent.com%2Fa%2FAAcHTtdgMumYyiS-X7zKS_L1rx-U6O4_kNV1Rqg2PMAE%3Ds96-c&amp;w=96&amp;q=75\" srcset=\"\/_next\/image?url=https%3A%2F%2Flh3.googleusercontent.com%2Fa%2FAAcHTtdgMumYyiS-X7zKS_L1rx-U6O4_kNV1Rqg2PMAE%3Ds96-c&amp;w=48&amp;q=75 1x, \/_next\/image?url=https%3A%2F%2Flh3.googleusercontent.com%2Fa%2FAAcHTtdgMumYyiS-X7zKS_L1rx-U6O4_kNV1Rqg2PMAE%3Ds96-c&amp;w=96&amp;q=75 2x\" alt=\"User\" data-nimg=\"intrinsic\" \/><\/div>\n<\/div>\n<div class=\"text-xs flex items-center justify-center gap-1 invisible absolute left-0 top-2 -ml-4 -translate-x-full group-hover:visible !invisible\"><\/div>\n<\/div>\n<div class=\"relative flex w-[calc(100%-50px)] flex-col gap-1 md:gap-3 lg:w-[calc(100%-115px)]\">\n<div class=\"flex flex-grow flex-col gap-3\">\n<div class=\"min-h-[20px] flex flex-col items-start gap-4 whitespace-pre-wrap break-words\">\n<div>Fais moi une meta description de 140 mots maximum Carte m\u00e9moire 32Gb Mediarange avec adaptateur<\/div>\n<\/div>\n<\/div>\n<div class=\"text-gray-400 flex self-end lg:self-center justify-center mt-2 gap-2 md:gap-3 lg:gap-1 lg:absolute lg:top-0 lg:translate-x-full lg:right-0 lg:mt-0 lg:pl-2 visible\"><\/div>\n<div class=\"flex justify-between lg:block\"><\/div>\n<\/div>\n<\/div>\n<\/div>\n<div class=\"group w-full text-gray-800 dark:text-gray-100 border-b border-black\/10 dark:border-gray-900\/50 bg-gray-50 dark:bg-[#444654]\">\n<div class=\"flex p-4 gap-4 text-base md:gap-6 md:max-w-2xl lg:max-w-[38rem] xl:max-w-3xl md:py-6 lg:px-0 m-auto\">\n<div class=\"flex-shrink-0 flex flex-col relative items-end\">\n<div class=\"w-[30px]\">\n<div class=\"relative p-1 rounded-sm h-[30px] w-[30px] text-white flex items-center justify-center\">ChatGPT<\/div>\n<\/div>\n<div class=\"text-xs flex items-center justify-center gap-1 invisible absolute left-0 top-2 -ml-4 -translate-x-full group-hover:visible !invisible\"><\/div>\n<\/div>\n<div class=\"relative flex w-[calc(100%-50px)] flex-col gap-1 md:gap-3 lg:w-[calc(100%-115px)]\">\n<div class=\"flex flex-grow flex-col gap-3\">\n<div class=\"min-h-[20px] flex flex-col items-start gap-4 whitespace-pre-wrap break-words\">\n<div class=\"markdown prose w-full break-words dark:prose-invert light\">\n<p>D\u00e9couvrez la carte m\u00e9moire Mediarange de 32 Go avec adaptateur, la solution id\u00e9ale pour \u00e9tendre la capacit\u00e9 de stockage de vos appareils \u00e9lectroniques !<\/p>\n<p>La carte m\u00e9moire Mediarange de 32 Go offre une grande capacit\u00e9 de stockage pour vos photos, vid\u00e9os, musiques et autres fichiers. Que ce soit pour votre smartphone, votre tablette, votre appareil photo ou tout autre appareil compatible, cette carte m\u00e9moire vous permettra de sauvegarder et de transporter vos donn\u00e9es en toute simplicit\u00e9.<\/p>\n<p>L&rsquo;adaptateur inclus vous permet de convertir facilement la carte microSD en une carte SD standard, ce qui vous offre une compatibilit\u00e9 \u00e9tendue avec une vari\u00e9t\u00e9 de p\u00e9riph\u00e9riques et de lecteurs de cartes.<\/p>\n<p>Fabriqu\u00e9e par Mediarange, une marque reconnue pour sa fiabilit\u00e9, cette carte m\u00e9moire assure des performances rapides et stables, vous permettant de transf\u00e9rer et d&rsquo;acc\u00e9der \u00e0 vos donn\u00e9es en un clin d&rsquo;\u0153il.<\/p>\n<p>Optez pour la fiabilit\u00e9 et la capacit\u00e9 de stockage avec la carte m\u00e9moire Mediarange de 32 Go avec adaptateur. Stockez vos souvenirs pr\u00e9cieux et profitez d&rsquo;un espace suppl\u00e9mentaire pour vos fichiers multim\u00e9dias.<\/p>\n<\/div>\n<\/div>\n<\/div>\n<div class=\"flex justify-between lg:block\">\n<div class=\"text-gray-400 flex self-end lg:self-center justify-center mt-2 gap-2 md:gap-3 lg:gap-1 lg:absolute lg:top-0 lg:translate-x-full lg:right-0 lg:mt-0 lg:pl-2 visible\"><button class=\"flex ml-auto gap-2 rounded-md p-1 hover:bg-gray-100 hover:text-gray-700 dark:text-gray-400 dark:hover:bg-gray-700 dark:hover:text-gray-200 disabled:dark:hover:text-gray-400\"><\/button><\/p>\n<div class=\"flex gap-1\"><\/div>\n<\/div>\n<\/div>\n<\/div>\n<\/div>\n<\/div>\n<div class=\"h-32 md:h-48 flex-shrink-0\"><\/div>\n<\/div>\n<p><button class=\"cursor-pointer absolute right-6 bottom-[124px] md:bottom-[120px] z-10 rounded-full border border-gray-200 bg-gray-50 text-gray-600 dark:border-white\/10 dark:bg-white\/10 dark:text-gray-200\"><\/button><\/div>\n<\/div>\n<\/div>\n<div class=\"absolute bottom-0 left-0 w-full border-t md:border-t-0 dark:border-white\/20 md:border-transparent md:dark:border-transparent md:bg-vert-light-gradient bg-white dark:bg-gray-800 md:!bg-transparent dark:md:bg-vert-dark-gradient pt-2 md:-left-2\">\n<form class=\"stretch mx-2 flex flex-row gap-3 last:mb-2 md:mx-4 md:last:mb-6 lg:mx-auto lg:max-w-2xl xl:max-w-3xl\">\n<div class=\"relative flex h-full flex-1 items-stretch md:flex-col\" role=\"presentation\">\n<div class=\"\">\n<div class=\"h-full flex ml-1 md:w-full md:m-auto md:mb-2 gap-0 md:gap-2 justify-center\"><\/div>\n<\/div>\n<\/div>\n<\/form>\n<\/div>\n","protected":false},"featured_media":16639,"comment_status":"open","ping_status":"closed","template":"","meta":[],"product_brand":[],"product_cat":[86,88],"product_tag":[],"class_list":{"0":"post-13587","1":"product","2":"type-product","3":"status-publish","4":"has-post-thumbnail","6":"product_cat-informatique","7":"product_cat-memoires-informatiques","9":"first","10":"instock","11":"taxable","12":"shipping-taxable","13":"purchasable","14":"product-type-simple"},"_links":{"self":[{"href":"https:\/\/shop-copie-conforme.com\/nl\/wp-json\/wp\/v2\/product\/13587","targetHints":{"allow":["GET"]}}],"collection":[{"href":"https:\/\/shop-copie-conforme.com\/nl\/wp-json\/wp\/v2\/product"}],"about":[{"href":"https:\/\/shop-copie-conforme.com\/nl\/wp-json\/wp\/v2\/types\/product"}],"replies":[{"embeddable":true,"href":"https:\/\/shop-copie-conforme.com\/nl\/wp-json\/wp\/v2\/comments?post=13587"}],"version-history":[{"count":0,"href":"https:\/\/shop-copie-conforme.com\/nl\/wp-json\/wp\/v2\/product\/13587\/revisions"}],"wp:featuredmedia":[{"embeddable":true,"href":"https:\/\/shop-copie-conforme.com\/nl\/wp-json\/wp\/v2\/media\/16639"}],"wp:attachment":[{"href":"https:\/\/shop-copie-conforme.com\/nl\/wp-json\/wp\/v2\/media?parent=13587"}],"wp:term":[{"taxonomy":"product_brand","embeddable":true,"href":"https:\/\/shop-copie-conforme.com\/nl\/wp-json\/wp\/v2\/product_brand?post=13587"},{"taxonomy":"product_cat","embeddable":true,"href":"https:\/\/shop-copie-conforme.com\/nl\/wp-json\/wp\/v2\/product_cat?post=13587"},{"taxonomy":"product_tag","embeddable":true,"href":"https:\/\/shop-copie-conforme.com\/nl\/wp-json\/wp\/v2\/product_tag?post=13587"}],"curies":[{"name":"wp","href":"https:\/\/api.w.org\/{rel}","templated":true}]}}