{"id":13379,"date":"2022-03-09T14:37:30","date_gmt":"2022-03-09T14:37:30","guid":{"rendered":"https:\/\/www.shop-copie-conforme.com\/?post_type=product&#038;p=13379"},"modified":"2024-03-22T10:55:23","modified_gmt":"2024-03-22T09:55:23","slug":"crayon-hexagone-rouge-bleu-lyra","status":"publish","type":"product","link":"https:\/\/shop-copie-conforme.com\/nl\/product-2\/crayon-hexagone-rouge-bleu-lyra\/","title":{"rendered":"hexagon potlood rood \/ blauw Lyra"},"content":{"rendered":"<p>Crayon LYRA , \u00e9pais. Hexagone, avec 2 points diff\u00e9rents (rouge et bleu)<\/p>\n<div class=\"flex-1 overflow-hidden\">\n<div class=\"react-scroll-to-bottom--css-luuxh-79elbk h-full\">\n<div class=\"react-scroll-to-bottom--css-luuxh-1n7m0yu\">\n<div class=\"flex flex-col text-sm pb-9\">\n<div class=\"w-full text-token-text-primary\" data-testid=\"conversation-turn-25\">\n<div class=\"px-4 py-2 justify-center text-base md:gap-6 m-auto\">\n<div class=\"flex flex-1 text-base mx-auto gap-3 md:px-5 lg:px-1 xl:px-5 md:max-w-3xl lg:max-w-[40rem] xl:max-w-[48rem] group final-completion\">\n<div class=\"relative flex w-full flex-col agent-turn\">\n<div class=\"flex-col gap-1 md:gap-3\">\n<div class=\"flex flex-grow flex-col max-w-full\">\n<div class=\"min-h-[20px] text-message flex flex-col items-start gap-3 whitespace-pre-wrap break-words [.text-message+&amp;]:mt-5 overflow-x-auto\" data-message-author-role=\"assistant\" data-message-id=\"90103d1f-9370-464b-b562-cc40e17f3119\">\n<div class=\"markdown prose w-full break-words dark:prose-invert light\">\n<p>Le crayon hexagonal rouge\/bleu de Lyra est un outil polyvalent et color\u00e9 pour tous les amateurs d&rsquo;\u00e9criture, de dessin et de coloriage. Avec sa forme hexagonale, il offre une prise en main confortable et s\u00e9curis\u00e9e, \u00e9vitant ainsi la fatigue lors de sessions prolong\u00e9es. Sa double fonctionnalit\u00e9, avec une pointe rouge d&rsquo;un c\u00f4t\u00e9 et une pointe bleue de l&rsquo;autre, en fait un choix pratique pour r\u00e9pondre \u00e0 une vari\u00e9t\u00e9 de besoins artistiques et r\u00e9dactionnels.<\/p>\n<p>Que ce soit pour prendre des notes, esquisser des croquis, ou ajouter une touche de couleur \u00e0 vos cr\u00e9ations, ce crayon est un compagnon fiable et polyvalent. Fabriqu\u00e9 par Lyra, une marque r\u00e9put\u00e9e pour la qualit\u00e9 de ses produits, ce crayon hexagonal offre une performance constante et une durabilit\u00e9 exceptionnelle. Ajoutez de la couleur \u00e0 votre quotidien avec le crayon hexagonal rouge\/bleu de Lyra, l&rsquo;outil parfait pour lib\u00e9rer votre cr\u00e9ativit\u00e9 et exprimer votre style.<\/p>\n<\/div>\n<\/div>\n<\/div>\n<div class=\"mt-1 flex justify-start gap-3 empty:hidden\">\n<div class=\"text-gray-400 flex self-end lg:self-center items-center justify-center lg:justify-start mt-0 -ml-1 h-7 gap-[2px] visible\"><button class=\"flex items-center gap-1.5 rounded-md p-1 text-xs text-token-text-tertiary hover:text-token-text-primary md:invisible md:group-hover:visible md:group-[.final-completion]:visible\"><\/button><button class=\"flex items-center gap-1.5 rounded-md p-1 text-xs text-token-text-tertiary hover:text-token-text-primary md:invisible md:group-hover:visible md:group-[.final-completion]:visible\"><\/button><\/p>\n<div class=\"flex items-center gap-1.5 text-xs\"><\/div>\n<div class=\"flex\"><\/div>\n<\/div>\n<\/div>\n<div class=\"pr-2 lg:pr-0\"><\/div>\n<\/div>\n<div class=\"absolute\">\n<div class=\"flex w-full gap-2 items-center justify-center\"><\/div>\n<\/div>\n<\/div>\n<\/div>\n<\/div>\n<\/div>\n<\/div>\n<\/div>\n<\/div>\n<\/div>\n<div class=\"w-full pt-2 md:pt-0 dark:border-white\/20 md:border-transparent md:dark:border-transparent md:w-[calc(100%-.5rem)]\">\n<form class=\"stretch mx-2 flex flex-row gap-3 last:mb-2 md:mx-4 md:last:mb-6 lg:mx-auto lg:max-w-2xl xl:max-w-3xl\">\n<div class=\"relative flex h-full flex-1 flex-col\">\n<div class=\"absolute bottom-full left-0 right-0\"><\/div>\n<div class=\"flex w-full items-center\"><\/div>\n<\/div>\n<\/form>\n<\/div>\n","protected":false},"excerpt":{"rendered":"<p>hexagon potlood rood \/ blauw Lyra<\/p>","protected":false},"featured_media":13444,"comment_status":"open","ping_status":"closed","template":"","meta":[],"product_brand":[],"product_cat":[141],"product_tag":[],"class_list":{"0":"post-13379","1":"product","2":"type-product","3":"status-publish","4":"has-post-thumbnail","6":"product_cat-crayons","8":"first","9":"instock","10":"taxable","11":"shipping-taxable","12":"purchasable","13":"product-type-simple"},"_links":{"self":[{"href":"https:\/\/shop-copie-conforme.com\/nl\/wp-json\/wp\/v2\/product\/13379","targetHints":{"allow":["GET"]}}],"collection":[{"href":"https:\/\/shop-copie-conforme.com\/nl\/wp-json\/wp\/v2\/product"}],"about":[{"href":"https:\/\/shop-copie-conforme.com\/nl\/wp-json\/wp\/v2\/types\/product"}],"replies":[{"embeddable":true,"href":"https:\/\/shop-copie-conforme.com\/nl\/wp-json\/wp\/v2\/comments?post=13379"}],"version-history":[{"count":0,"href":"https:\/\/shop-copie-conforme.com\/nl\/wp-json\/wp\/v2\/product\/13379\/revisions"}],"wp:featuredmedia":[{"embeddable":true,"href":"https:\/\/shop-copie-conforme.com\/nl\/wp-json\/wp\/v2\/media\/13444"}],"wp:attachment":[{"href":"https:\/\/shop-copie-conforme.com\/nl\/wp-json\/wp\/v2\/media?parent=13379"}],"wp:term":[{"taxonomy":"product_brand","embeddable":true,"href":"https:\/\/shop-copie-conforme.com\/nl\/wp-json\/wp\/v2\/product_brand?post=13379"},{"taxonomy":"product_cat","embeddable":true,"href":"https:\/\/shop-copie-conforme.com\/nl\/wp-json\/wp\/v2\/product_cat?post=13379"},{"taxonomy":"product_tag","embeddable":true,"href":"https:\/\/shop-copie-conforme.com\/nl\/wp-json\/wp\/v2\/product_tag?post=13379"}],"curies":[{"name":"wp","href":"https:\/\/api.w.org\/{rel}","templated":true}]}}