{"id":13347,"date":"2022-03-09T14:37:07","date_gmt":"2022-03-09T14:37:07","guid":{"rendered":"https:\/\/www.shop-copie-conforme.com\/?post_type=product&#038;p=13347"},"modified":"2024-03-22T11:00:15","modified_gmt":"2024-03-22T10:00:15","slug":"stabilo-othello-crayon-4b","status":"publish","type":"product","link":"https:\/\/shop-copie-conforme.com\/nl\/product-2\/stabilo-othello-crayon-4b\/","title":{"rendered":"STABILO Othello potlood, 4B"},"content":{"rendered":"<p>Crayon graphite hexagonal.<br \/>\n<span id=\"webtext\" class=\"IBSOutput\">4B<\/span><\/p>\n<div class=\"flex-1 overflow-hidden\">\n<div class=\"react-scroll-to-bottom--css-luuxh-79elbk h-full\">\n<div class=\"react-scroll-to-bottom--css-luuxh-1n7m0yu\">\n<div class=\"flex flex-col text-sm pb-9\">\n<div class=\"w-full text-token-text-primary\" data-testid=\"conversation-turn-31\">\n<div class=\"px-4 py-2 justify-center text-base md:gap-6 m-auto\">\n<div class=\"flex flex-1 text-base mx-auto gap-3 md:px-5 lg:px-1 xl:px-5 md:max-w-3xl lg:max-w-[40rem] xl:max-w-[48rem] group final-completion\">\n<div class=\"relative flex w-full flex-col agent-turn\">\n<div class=\"flex-col gap-1 md:gap-3\">\n<div class=\"flex flex-grow flex-col max-w-full\">\n<div class=\"min-h-[20px] text-message flex flex-col items-start gap-3 whitespace-pre-wrap break-words [.text-message+&amp;]:mt-5 overflow-x-auto\" data-message-author-role=\"assistant\" data-message-id=\"c338b90d-8838-424b-a18c-568b585c41d1\">\n<div class=\"markdown prose w-full break-words dark:prose-invert light\">\n<p>Le crayon STABILO Othello en 4B est un outil d&rsquo;\u00e9criture et de dessin de qualit\u00e9 sup\u00e9rieure, parfait pour les artistes et les professionnels exigeants. Dot\u00e9 d&rsquo;une mine de qualit\u00e9 4B, ce crayon offre une texture douce et riche en graphite, id\u00e9ale pour cr\u00e9er des traits expressifs, des ombrages d\u00e9taill\u00e9s et des contrastes saisissants. Que vous soyez un dessinateur, un esquisseur ou un illustrateur, ce crayon vous offre un contr\u00f4le pr\u00e9cis et une polyvalence in\u00e9gal\u00e9e pour donner vie \u00e0 vos id\u00e9es avec finesse et profondeur. Sa forme hexagonale assure une prise en main confortable et stable, r\u00e9duisant ainsi la fatigue lors des longues sessions de dessin.<\/p>\n<p>Fabriqu\u00e9 par STABILO, une marque renomm\u00e9e pour la qualit\u00e9 de ses produits, ce crayon allie performance exceptionnelle et durabilit\u00e9. Optez pour le crayon STABILO Othello 4B et explorez de nouveaux horizons artistiques avec confiance et cr\u00e9ativit\u00e9.<\/p>\n<\/div>\n<\/div>\n<\/div>\n<div class=\"mt-1 flex justify-start gap-3 empty:hidden\">\n<div class=\"text-gray-400 flex self-end lg:self-center items-center justify-center lg:justify-start mt-0 -ml-1 h-7 gap-[2px] visible\"><button class=\"flex items-center gap-1.5 rounded-md p-1 text-xs text-token-text-tertiary hover:text-token-text-primary md:invisible md:group-hover:visible md:group-[.final-completion]:visible\"><\/button><button class=\"flex items-center gap-1.5 rounded-md p-1 text-xs text-token-text-tertiary hover:text-token-text-primary md:invisible md:group-hover:visible md:group-[.final-completion]:visible\"><\/button><\/p>\n<div class=\"flex items-center gap-1.5 text-xs\"><\/div>\n<div class=\"flex\"><\/div>\n<\/div>\n<\/div>\n<div class=\"pr-2 lg:pr-0\"><\/div>\n<\/div>\n<div class=\"absolute\">\n<div class=\"flex w-full gap-2 items-center justify-center\"><\/div>\n<\/div>\n<\/div>\n<\/div>\n<\/div>\n<\/div>\n<\/div>\n<\/div>\n<\/div>\n<\/div>\n<div class=\"w-full pt-2 md:pt-0 dark:border-white\/20 md:border-transparent md:dark:border-transparent md:w-[calc(100%-.5rem)]\">\n<form class=\"stretch mx-2 flex flex-row gap-3 last:mb-2 md:mx-4 md:last:mb-6 lg:mx-auto lg:max-w-2xl xl:max-w-3xl\">\n<div class=\"relative flex h-full flex-1 flex-col\">\n<div class=\"absolute bottom-full left-0 right-0\"><\/div>\n<div class=\"flex w-full items-center\"><\/div>\n<\/div>\n<\/form>\n<\/div>\n","protected":false},"excerpt":{"rendered":"<p>STABILO Othello potlood, 4B<\/p>","protected":false},"featured_media":13422,"comment_status":"open","ping_status":"closed","template":"","meta":[],"product_brand":[],"product_cat":[141],"product_tag":[],"class_list":{"0":"post-13347","1":"product","2":"type-product","3":"status-publish","4":"has-post-thumbnail","6":"product_cat-crayons","8":"first","9":"instock","10":"taxable","11":"shipping-taxable","12":"purchasable","13":"product-type-simple"},"_links":{"self":[{"href":"https:\/\/shop-copie-conforme.com\/nl\/wp-json\/wp\/v2\/product\/13347","targetHints":{"allow":["GET"]}}],"collection":[{"href":"https:\/\/shop-copie-conforme.com\/nl\/wp-json\/wp\/v2\/product"}],"about":[{"href":"https:\/\/shop-copie-conforme.com\/nl\/wp-json\/wp\/v2\/types\/product"}],"replies":[{"embeddable":true,"href":"https:\/\/shop-copie-conforme.com\/nl\/wp-json\/wp\/v2\/comments?post=13347"}],"version-history":[{"count":0,"href":"https:\/\/shop-copie-conforme.com\/nl\/wp-json\/wp\/v2\/product\/13347\/revisions"}],"wp:featuredmedia":[{"embeddable":true,"href":"https:\/\/shop-copie-conforme.com\/nl\/wp-json\/wp\/v2\/media\/13422"}],"wp:attachment":[{"href":"https:\/\/shop-copie-conforme.com\/nl\/wp-json\/wp\/v2\/media?parent=13347"}],"wp:term":[{"taxonomy":"product_brand","embeddable":true,"href":"https:\/\/shop-copie-conforme.com\/nl\/wp-json\/wp\/v2\/product_brand?post=13347"},{"taxonomy":"product_cat","embeddable":true,"href":"https:\/\/shop-copie-conforme.com\/nl\/wp-json\/wp\/v2\/product_cat?post=13347"},{"taxonomy":"product_tag","embeddable":true,"href":"https:\/\/shop-copie-conforme.com\/nl\/wp-json\/wp\/v2\/product_tag?post=13347"}],"curies":[{"name":"wp","href":"https:\/\/api.w.org\/{rel}","templated":true}]}}