{"id":13339,"date":"2022-03-09T14:37:06","date_gmt":"2022-03-09T14:37:06","guid":{"rendered":"https:\/\/www.shop-copie-conforme.com\/?post_type=product&#038;p=13339"},"modified":"2023-07-25T10:24:36","modified_gmt":"2023-07-25T09:24:36","slug":"staedtler-crayon-lumograph","status":"publish","type":"product","link":"https:\/\/shop-copie-conforme.com\/nl\/product-2\/staedtler-crayon-lumograph\/","title":{"rendered":"Staedtler kleurpotlood Lumograaf"},"content":{"rendered":"<p>Mars Lumograph grafietpotlood van hoge kwaliteit om mee te schrijven, tekenen of schetsen. Gemakkelijk uit te wissen. Ongelooflijke weerstand tegen breken dankzij de speciale loodformule en verlijming. Etui met 6 schaalverdelingen (2H-HB-B-2B-4B-6B) + gratis Mars plastic mini puntenslijper en gum.<\/p>","protected":false},"excerpt":{"rendered":"<p>Mars Lumograph crayon graphite haut de gamme pour \u00e9crire, dessiner ou faire des croquis. Facile \u00e0 effacer. Incroyable r\u00e9sistance au<\/p>","protected":false},"featured_media":13402,"comment_status":"open","ping_status":"closed","template":"","meta":[],"product_brand":[],"product_cat":[141],"product_tag":[],"class_list":{"0":"post-13339","1":"product","2":"type-product","3":"status-publish","4":"has-post-thumbnail","6":"product_cat-crayons","8":"first","9":"instock","10":"taxable","11":"shipping-taxable","12":"purchasable","13":"product-type-simple"},"_links":{"self":[{"href":"https:\/\/shop-copie-conforme.com\/nl\/wp-json\/wp\/v2\/product\/13339","targetHints":{"allow":["GET"]}}],"collection":[{"href":"https:\/\/shop-copie-conforme.com\/nl\/wp-json\/wp\/v2\/product"}],"about":[{"href":"https:\/\/shop-copie-conforme.com\/nl\/wp-json\/wp\/v2\/types\/product"}],"replies":[{"embeddable":true,"href":"https:\/\/shop-copie-conforme.com\/nl\/wp-json\/wp\/v2\/comments?post=13339"}],"version-history":[{"count":0,"href":"https:\/\/shop-copie-conforme.com\/nl\/wp-json\/wp\/v2\/product\/13339\/revisions"}],"wp:featuredmedia":[{"embeddable":true,"href":"https:\/\/shop-copie-conforme.com\/nl\/wp-json\/wp\/v2\/media\/13402"}],"wp:attachment":[{"href":"https:\/\/shop-copie-conforme.com\/nl\/wp-json\/wp\/v2\/media?parent=13339"}],"wp:term":[{"taxonomy":"product_brand","embeddable":true,"href":"https:\/\/shop-copie-conforme.com\/nl\/wp-json\/wp\/v2\/product_brand?post=13339"},{"taxonomy":"product_cat","embeddable":true,"href":"https:\/\/shop-copie-conforme.com\/nl\/wp-json\/wp\/v2\/product_cat?post=13339"},{"taxonomy":"product_tag","embeddable":true,"href":"https:\/\/shop-copie-conforme.com\/nl\/wp-json\/wp\/v2\/product_tag?post=13339"}],"curies":[{"name":"wp","href":"https:\/\/api.w.org\/{rel}","templated":true}]}}