{"id":13338,"date":"2022-03-09T14:37:06","date_gmt":"2022-03-09T14:37:06","guid":{"rendered":"https:\/\/www.shop-copie-conforme.com\/?post_type=product&#038;p=13338"},"modified":"2023-07-25T10:24:36","modified_gmt":"2023-07-25T09:24:36","slug":"staedtler-crayon-noris-eco-hb-avec-gomme","status":"publish","type":"product","link":"https:\/\/shop-copie-conforme.com\/nl\/product-2\/staedtler-crayon-noris-eco-hb-avec-gomme\/","title":{"rendered":"Staedtler Noris Eco HB potlood met gum"},"content":{"rendered":"<p>Zeshoekig grafietpotlood. Uitstekende weerstand tegen breuk. Optimaal gebruik van hout (80% van een boom met het WOPEX-proces tegen 20 % met een standaard productieproces). Hardheid: HB.<br \/>\n<span id=\"webtext\" class=\"IBSOutput\">met gum<\/span><\/p>","protected":false},"excerpt":{"rendered":"<p>Crayon graphite hexagonal. Excellente r\u00e9sistance au bris. Optimisation de l&rsquo;utilisation du bois (80% d&rsquo;un arbre avec le proc\u00e9d\u00e9 WOPEX contre<\/p>","protected":false},"featured_media":13400,"comment_status":"open","ping_status":"closed","template":"","meta":[],"product_brand":[],"product_cat":[141],"product_tag":[],"class_list":{"0":"post-13338","1":"product","2":"type-product","3":"status-publish","4":"has-post-thumbnail","6":"product_cat-crayons","8":"first","9":"instock","10":"taxable","11":"shipping-taxable","12":"purchasable","13":"product-type-simple"},"_links":{"self":[{"href":"https:\/\/shop-copie-conforme.com\/nl\/wp-json\/wp\/v2\/product\/13338","targetHints":{"allow":["GET"]}}],"collection":[{"href":"https:\/\/shop-copie-conforme.com\/nl\/wp-json\/wp\/v2\/product"}],"about":[{"href":"https:\/\/shop-copie-conforme.com\/nl\/wp-json\/wp\/v2\/types\/product"}],"replies":[{"embeddable":true,"href":"https:\/\/shop-copie-conforme.com\/nl\/wp-json\/wp\/v2\/comments?post=13338"}],"version-history":[{"count":0,"href":"https:\/\/shop-copie-conforme.com\/nl\/wp-json\/wp\/v2\/product\/13338\/revisions"}],"wp:featuredmedia":[{"embeddable":true,"href":"https:\/\/shop-copie-conforme.com\/nl\/wp-json\/wp\/v2\/media\/13400"}],"wp:attachment":[{"href":"https:\/\/shop-copie-conforme.com\/nl\/wp-json\/wp\/v2\/media?parent=13338"}],"wp:term":[{"taxonomy":"product_brand","embeddable":true,"href":"https:\/\/shop-copie-conforme.com\/nl\/wp-json\/wp\/v2\/product_brand?post=13338"},{"taxonomy":"product_cat","embeddable":true,"href":"https:\/\/shop-copie-conforme.com\/nl\/wp-json\/wp\/v2\/product_cat?post=13338"},{"taxonomy":"product_tag","embeddable":true,"href":"https:\/\/shop-copie-conforme.com\/nl\/wp-json\/wp\/v2\/product_tag?post=13338"}],"curies":[{"name":"wp","href":"https:\/\/api.w.org\/{rel}","templated":true}]}}