{"id":13329,"date":"2022-03-09T14:37:05","date_gmt":"2022-03-09T14:37:05","guid":{"rendered":"https:\/\/www.shop-copie-conforme.com\/?post_type=product&#038;p=13329"},"modified":"2024-08-24T09:11:56","modified_gmt":"2024-08-24T08:11:56","slug":"trousse-fantaisie-ronde-o7-x-22-cm-transparente-avec-paillettes","status":"publish","type":"product","link":"https:\/\/shop-copie-conforme.com\/nl\/product-2\/trousse-fantaisie-ronde-o7-x-22-cm-transparente-avec-paillettes\/","title":{"rendered":"Rond fantasie doosje \u00d87 x 22 cm, transparant met glitter"},"content":{"rendered":"<p>Speciaal examen.<br \/>\nDeze trendy pennenetui is ruim en licht, geschikt voor schoolgebruik of voor alledaagse voorwerpen. De pailletten geven het een erg meisjesachtige look.<\/p>","protected":false},"excerpt":{"rendered":"<p>Sp\u00e9cial examen. Cette trousse tendance est spacieuse et l\u00e9g\u00e8re, elle convient pour une utilisation scolaire ou pour y mettre des<\/p>","protected":false},"featured_media":13368,"comment_status":"open","ping_status":"closed","template":"","meta":[],"product_brand":[],"product_cat":[182],"product_tag":[],"class_list":{"0":"post-13329","1":"product","2":"type-product","3":"status-publish","4":"has-post-thumbnail","6":"product_cat-trousses","8":"first","9":"outofstock","10":"taxable","11":"shipping-taxable","12":"purchasable","13":"product-type-simple"},"_links":{"self":[{"href":"https:\/\/shop-copie-conforme.com\/nl\/wp-json\/wp\/v2\/product\/13329","targetHints":{"allow":["GET"]}}],"collection":[{"href":"https:\/\/shop-copie-conforme.com\/nl\/wp-json\/wp\/v2\/product"}],"about":[{"href":"https:\/\/shop-copie-conforme.com\/nl\/wp-json\/wp\/v2\/types\/product"}],"replies":[{"embeddable":true,"href":"https:\/\/shop-copie-conforme.com\/nl\/wp-json\/wp\/v2\/comments?post=13329"}],"version-history":[{"count":0,"href":"https:\/\/shop-copie-conforme.com\/nl\/wp-json\/wp\/v2\/product\/13329\/revisions"}],"wp:featuredmedia":[{"embeddable":true,"href":"https:\/\/shop-copie-conforme.com\/nl\/wp-json\/wp\/v2\/media\/13368"}],"wp:attachment":[{"href":"https:\/\/shop-copie-conforme.com\/nl\/wp-json\/wp\/v2\/media?parent=13329"}],"wp:term":[{"taxonomy":"product_brand","embeddable":true,"href":"https:\/\/shop-copie-conforme.com\/nl\/wp-json\/wp\/v2\/product_brand?post=13329"},{"taxonomy":"product_cat","embeddable":true,"href":"https:\/\/shop-copie-conforme.com\/nl\/wp-json\/wp\/v2\/product_cat?post=13329"},{"taxonomy":"product_tag","embeddable":true,"href":"https:\/\/shop-copie-conforme.com\/nl\/wp-json\/wp\/v2\/product_tag?post=13329"}],"curies":[{"name":"wp","href":"https:\/\/api.w.org\/{rel}","templated":true}]}}