{"id":13327,"date":"2022-03-09T14:37:04","date_gmt":"2022-03-09T14:37:04","guid":{"rendered":"https:\/\/www.shop-copie-conforme.com\/?post_type=product&#038;p=13327"},"modified":"2024-08-24T09:13:26","modified_gmt":"2024-08-24T08:13:26","slug":"cuir-naturel-trousse-ronde-o55x22-cm-naturel","status":"publish","type":"product","link":"https:\/\/shop-copie-conforme.com\/nl\/product-2\/cuir-naturel-trousse-ronde-o55x22-cm-naturel\/","title":{"rendered":"NATUURLEDER Ronde koffer \u00d85,5\u00d722 cm. - Natuurlijk"},"content":{"rendered":"<p>Gemaakt van echt lamsvel, zacht en aangenaam om aan te raken. Het looien gebeurt op plantaardige basis met extracten van onder andere mimosa en quebracho, en zonder chroom en arsenicum om het milieu en de operators ter plaatse te beschermen.<br \/>\nDeze standaard tas is perfect voor het opbergen van schoolspullen, maar kan ook worden gebruikt voor make-up en andere dagelijkse producten.<\/p>","protected":false},"excerpt":{"rendered":"<p>En v\u00e9ritable cuir d&rsquo;agneau, souple et agr\u00e9able au toucher. Le tannage est v\u00e9g\u00e9tal aux extraits entre autres de mimosa et<\/p>","protected":false},"featured_media":13364,"comment_status":"open","ping_status":"closed","template":"","meta":[],"product_brand":[],"product_cat":[182],"product_tag":[],"class_list":{"0":"post-13327","1":"product","2":"type-product","3":"status-publish","4":"has-post-thumbnail","6":"product_cat-trousses","8":"first","9":"outofstock","10":"taxable","11":"shipping-taxable","12":"purchasable","13":"product-type-simple"},"_links":{"self":[{"href":"https:\/\/shop-copie-conforme.com\/nl\/wp-json\/wp\/v2\/product\/13327","targetHints":{"allow":["GET"]}}],"collection":[{"href":"https:\/\/shop-copie-conforme.com\/nl\/wp-json\/wp\/v2\/product"}],"about":[{"href":"https:\/\/shop-copie-conforme.com\/nl\/wp-json\/wp\/v2\/types\/product"}],"replies":[{"embeddable":true,"href":"https:\/\/shop-copie-conforme.com\/nl\/wp-json\/wp\/v2\/comments?post=13327"}],"version-history":[{"count":0,"href":"https:\/\/shop-copie-conforme.com\/nl\/wp-json\/wp\/v2\/product\/13327\/revisions"}],"wp:featuredmedia":[{"embeddable":true,"href":"https:\/\/shop-copie-conforme.com\/nl\/wp-json\/wp\/v2\/media\/13364"}],"wp:attachment":[{"href":"https:\/\/shop-copie-conforme.com\/nl\/wp-json\/wp\/v2\/media?parent=13327"}],"wp:term":[{"taxonomy":"product_brand","embeddable":true,"href":"https:\/\/shop-copie-conforme.com\/nl\/wp-json\/wp\/v2\/product_brand?post=13327"},{"taxonomy":"product_cat","embeddable":true,"href":"https:\/\/shop-copie-conforme.com\/nl\/wp-json\/wp\/v2\/product_cat?post=13327"},{"taxonomy":"product_tag","embeddable":true,"href":"https:\/\/shop-copie-conforme.com\/nl\/wp-json\/wp\/v2\/product_tag?post=13327"}],"curies":[{"name":"wp","href":"https:\/\/api.w.org\/{rel}","templated":true}]}}