{"id":13219,"date":"2022-03-09T14:36:16","date_gmt":"2022-03-09T14:36:16","guid":{"rendered":"https:\/\/www.shop-copie-conforme.com\/?post_type=product&#038;p=13219"},"modified":"2024-03-21T22:15:23","modified_gmt":"2024-03-21T21:15:23","slug":"aurora-raphael-papier-calque-ft-a4-bloc-de-20-feuilles","status":"publish","type":"product","link":"https:\/\/shop-copie-conforme.com\/nl\/product-2\/aurora-raphael-papier-calque-ft-a4-bloc-de-20-feuilles\/","title":{"rendered":"Aurora Raphael overtrekpapier, ft A4, blok van 20 vellen"},"content":{"rendered":"<p>Papier de 72 g\/m\u00b2. Bloc de 20 feuilles.<br \/>\nFt 21 x 29,7 cm (A4)<\/p>\n<div class=\"flex-1 overflow-hidden\">\n<div class=\"react-scroll-to-bottom--css-natst-79elbk h-full\">\n<div class=\"react-scroll-to-bottom--css-natst-1n7m0yu\">\n<div class=\"flex flex-col text-sm pb-9\">\n<div class=\"w-full text-token-text-primary\" data-testid=\"conversation-turn-35\">\n<div class=\"px-4 py-2 justify-center text-base md:gap-6 m-auto\">\n<div class=\"flex flex-1 text-base mx-auto gap-3 md:px-5 lg:px-1 xl:px-5 md:max-w-3xl lg:max-w-[40rem] xl:max-w-[48rem] group final-completion\">\n<div class=\"relative flex w-full flex-col agent-turn\">\n<div class=\"flex-col gap-1 md:gap-3\">\n<div class=\"flex flex-grow flex-col max-w-full\">\n<div class=\"min-h-[20px] text-message flex flex-col items-start gap-3 whitespace-pre-wrap break-words [.text-message+&amp;]:mt-5 overflow-x-auto\" data-message-author-role=\"assistant\" data-message-id=\"f10b3593-c342-48b2-8fc6-da12a68b6196\">\n<div class=\"markdown prose w-full break-words dark:prose-invert light\">\n<p>D\u00e9couvrez le papier calque Aurora Rapha\u00ebl au format A4, un essentiel pour vos projets artistiques et techniques. Ce bloc de 20 feuilles offre une surface lisse et transparente, id\u00e9ale pour le dessin, la superposition et la conception architecturale. Que vous soyez un artiste, un architecte ou un \u00e9tudiant en design, ce papier calque r\u00e9pondra \u00e0 vos besoins avec pr\u00e9cision et fiabilit\u00e9.<\/p>\n<p>Sa texture haut de gamme assure une exp\u00e9rience d&rsquo;\u00e9criture et de dessin fluide, tandis que sa transparence parfaite permet une reproduction fid\u00e8le des d\u00e9tails. Le format A4 pratique rend ce bloc facile \u00e0 transporter et \u00e0 ranger, vous permettant de travailler o\u00f9 que vous soyez. Ajoutez une touche d&rsquo;\u00e9l\u00e9gance \u00e0 vos projets avec le papier calque Aurora Rapha\u00ebl, et laissez libre cours \u00e0 votre cr\u00e9ativit\u00e9 sans compromis sur la qualit\u00e9. Commandez d\u00e8s maintenant et d\u00e9couvrez pourquoi Aurora Rapha\u00ebl est le choix pr\u00e9f\u00e9r\u00e9 des professionnels et des amateurs passionn\u00e9s.<\/p>\n<\/div>\n<\/div>\n<\/div>\n<div class=\"mt-1 flex justify-start gap-3 empty:hidden\">\n<div class=\"text-gray-400 flex self-end lg:self-center items-center justify-center lg:justify-start mt-0 -ml-1 h-7 gap-[2px] visible\"><button class=\"flex items-center gap-1.5 rounded-md p-1 text-xs text-token-text-tertiary hover:text-token-text-primary md:invisible md:group-hover:visible md:group-[.final-completion]:visible\"><\/button><button class=\"flex items-center gap-1.5 rounded-md p-1 text-xs text-token-text-tertiary hover:text-token-text-primary md:invisible md:group-hover:visible md:group-[.final-completion]:visible\"><\/button><\/p>\n<div class=\"flex items-center gap-1.5 text-xs\"><\/div>\n<div class=\"flex\"><\/div>\n<\/div>\n<\/div>\n<div class=\"pr-2 lg:pr-0\"><\/div>\n<\/div>\n<div class=\"absolute\">\n<div class=\"flex w-full gap-2 items-center justify-center\"><\/div>\n<\/div>\n<\/div>\n<\/div>\n<\/div>\n<\/div>\n<\/div>\n<\/div>\n<\/div>\n<\/div>\n<div class=\"w-full pt-2 md:pt-0 dark:border-white\/20 md:border-transparent md:dark:border-transparent md:w-[calc(100%-.5rem)]\">\n<form class=\"stretch mx-2 flex flex-row gap-3 last:mb-2 md:mx-4 md:last:mb-6 lg:mx-auto lg:max-w-2xl xl:max-w-3xl\">\n<div class=\"relative flex h-full flex-1 flex-col\">\n<div class=\"absolute bottom-full left-0 right-0\"><\/div>\n<div class=\"flex w-full items-center\"><\/div>\n<\/div>\n<\/form>\n<\/div>\n<p>&nbsp;<\/p>\n","protected":false},"excerpt":{"rendered":"<p>Aurora Raphael overtrekpapier, ft A4, blok van 20 vellen<\/p>","protected":false},"featured_media":13261,"comment_status":"open","ping_status":"closed","template":"","meta":[],"product_brand":[],"product_cat":[159],"product_tag":[],"class_list":{"0":"post-13219","1":"product","2":"type-product","3":"status-publish","4":"has-post-thumbnail","6":"product_cat-blocs-croquis-et-dessin","8":"first","9":"instock","10":"taxable","11":"shipping-taxable","12":"purchasable","13":"product-type-simple"},"_links":{"self":[{"href":"https:\/\/shop-copie-conforme.com\/nl\/wp-json\/wp\/v2\/product\/13219","targetHints":{"allow":["GET"]}}],"collection":[{"href":"https:\/\/shop-copie-conforme.com\/nl\/wp-json\/wp\/v2\/product"}],"about":[{"href":"https:\/\/shop-copie-conforme.com\/nl\/wp-json\/wp\/v2\/types\/product"}],"replies":[{"embeddable":true,"href":"https:\/\/shop-copie-conforme.com\/nl\/wp-json\/wp\/v2\/comments?post=13219"}],"version-history":[{"count":0,"href":"https:\/\/shop-copie-conforme.com\/nl\/wp-json\/wp\/v2\/product\/13219\/revisions"}],"wp:featuredmedia":[{"embeddable":true,"href":"https:\/\/shop-copie-conforme.com\/nl\/wp-json\/wp\/v2\/media\/13261"}],"wp:attachment":[{"href":"https:\/\/shop-copie-conforme.com\/nl\/wp-json\/wp\/v2\/media?parent=13219"}],"wp:term":[{"taxonomy":"product_brand","embeddable":true,"href":"https:\/\/shop-copie-conforme.com\/nl\/wp-json\/wp\/v2\/product_brand?post=13219"},{"taxonomy":"product_cat","embeddable":true,"href":"https:\/\/shop-copie-conforme.com\/nl\/wp-json\/wp\/v2\/product_cat?post=13219"},{"taxonomy":"product_tag","embeddable":true,"href":"https:\/\/shop-copie-conforme.com\/nl\/wp-json\/wp\/v2\/product_tag?post=13219"}],"curies":[{"name":"wp","href":"https:\/\/api.w.org\/{rel}","templated":true}]}}