{"id":13166,"date":"2022-03-09T14:35:52","date_gmt":"2022-03-09T14:35:52","guid":{"rendered":"https:\/\/www.shop-copie-conforme.com\/?post_type=product&#038;p=13166"},"modified":"2024-03-22T17:36:59","modified_gmt":"2024-03-22T16:36:59","slug":"gallery-papier-a-dessin-multicolore-ft-21-x-297-cm-a4-120-g-m%c2%b2-20-feuilles","status":"publish","type":"product","link":"https:\/\/shop-copie-conforme.com\/nl\/product-2\/gallery-papier-a-dessin-multicolore-ft-21-x-297-cm-a4-120-g-m%c2%b2-20-feuilles\/","title":{"rendered":"Galerijtekenpapier, meerkleurig, ft 21 x 29,7 cm, A4, 120 g\/m\u00b2, 20 vellen"},"content":{"rendered":"<p>120 g\/m\u00b2. Bloc de 20 feuilles en 10 couleurs assorties.<br \/>\n<span id=\"webtext\" class=\"IBSOutput\">ft 21 x 29,7 cm (A4)<\/span><\/p>\n<div class=\"flex-1 overflow-hidden\">\n<div class=\"react-scroll-to-bottom--css-luuxh-79elbk h-full\">\n<div class=\"react-scroll-to-bottom--css-luuxh-1n7m0yu\">\n<div class=\"flex flex-col text-sm pb-9\">\n<div class=\"w-full text-token-text-primary\" data-testid=\"conversation-turn-63\">\n<div class=\"px-4 py-2 justify-center text-base md:gap-6 m-auto\">\n<div class=\"flex flex-1 text-base mx-auto gap-3 md:px-5 lg:px-1 xl:px-5 md:max-w-3xl lg:max-w-[40rem] xl:max-w-[48rem] group final-completion\">\n<div class=\"relative flex w-full flex-col agent-turn\">\n<div class=\"flex-col gap-1 md:gap-3\">\n<div class=\"flex flex-grow flex-col max-w-full\">\n<div class=\"min-h-[20px] text-message flex flex-col items-start gap-3 whitespace-pre-wrap break-words [.text-message+&amp;]:mt-5 overflow-x-auto\" data-message-author-role=\"assistant\" data-message-id=\"afaeb732-bb12-4189-ae46-62428078a3fd\">\n<div class=\"markdown prose w-full break-words dark:prose-invert light\">\n<p>Le papier \u00e0 dessin multicolore Gallery au format A4 (21 x 29,7 cm) est un choix id\u00e9al pour les artistes et les passionn\u00e9s de cr\u00e9ation. Avec une \u00e9paisseur de 120 g\/m\u00b2, chaque feuille offre une r\u00e9sistance ad\u00e9quate pour une vari\u00e9t\u00e9 de techniques artistiques, allant du dessin au crayon aux projets de collage en passant par la cr\u00e9ation de cartes et de d\u00e9corations. Ce papier \u00e0 dessin se distingue par sa vari\u00e9t\u00e9 de couleurs vives et attrayantes, offrant ainsi une palette riche pour vos cr\u00e9ations artistiques. Le pack contient 20 feuilles de papier, fournissant une r\u00e9serve g\u00e9n\u00e9reuse pour exprimer votre cr\u00e9ativit\u00e9 sans limites.<\/p>\n<p>Fabriqu\u00e9 par Gallery, une marque de confiance dans le domaine des fournitures artistiques, ce papier \u00e0 dessin garantit des performances constantes et fiables \u00e0 chaque utilisation. Que vous soyez un artiste professionnel ou un amateur enthousiaste, le papier \u00e0 dessin multicolore Gallery vous offre une toile parfaite pour explorer votre imagination et cr\u00e9er des \u0153uvres uniques. Optez pour ce papier \u00e0 dessin et laissez libre cours \u00e0 votre cr\u00e9ativit\u00e9 avec confiance et inspiration.<\/p>\n<\/div>\n<\/div>\n<\/div>\n<div class=\"mt-1 flex justify-start gap-3 empty:hidden\">\n<div class=\"text-gray-400 flex self-end lg:self-center items-center justify-center lg:justify-start mt-0 -ml-1 h-7 gap-[2px] visible\"><button class=\"flex items-center gap-1.5 rounded-md p-1 text-xs text-token-text-tertiary hover:text-token-text-primary md:invisible md:group-hover:visible md:group-[.final-completion]:visible\"><\/button><button class=\"flex items-center gap-1.5 rounded-md p-1 text-xs text-token-text-tertiary hover:text-token-text-primary md:invisible md:group-hover:visible md:group-[.final-completion]:visible\"><\/button><\/p>\n<div class=\"flex items-center gap-1.5 text-xs\"><\/div>\n<div class=\"flex\"><\/div>\n<\/div>\n<\/div>\n<div class=\"pr-2 lg:pr-0\"><\/div>\n<\/div>\n<div class=\"absolute\">\n<div class=\"flex w-full gap-2 items-center justify-center\"><\/div>\n<\/div>\n<\/div>\n<\/div>\n<\/div>\n<\/div>\n<\/div>\n<\/div>\n<\/div>\n<\/div>\n<div class=\"w-full pt-2 md:pt-0 dark:border-white\/20 md:border-transparent md:dark:border-transparent md:w-[calc(100%-.5rem)]\">\n<form class=\"stretch mx-2 flex flex-row gap-3 last:mb-2 md:mx-4 md:last:mb-6 lg:mx-auto lg:max-w-2xl xl:max-w-3xl\">\n<div class=\"relative flex h-full flex-1 flex-col\">\n<div class=\"absolute bottom-full left-0 right-0\"><\/div>\n<div class=\"flex w-full items-center\"><\/div>\n<\/div>\n<\/form>\n<\/div>\n","protected":false},"excerpt":{"rendered":"<p>Galerijtekenpapier, meerkleurig, ft 21 x 29,7 cm, A4, 120 g\/m\u00b2, 20 vellen<\/p>","protected":false},"featured_media":13243,"comment_status":"open","ping_status":"closed","template":"","meta":[],"product_brand":[],"product_cat":[159],"product_tag":[],"class_list":{"0":"post-13166","1":"product","2":"type-product","3":"status-publish","4":"has-post-thumbnail","6":"product_cat-blocs-croquis-et-dessin","8":"first","9":"instock","10":"taxable","11":"shipping-taxable","12":"purchasable","13":"product-type-simple"},"_links":{"self":[{"href":"https:\/\/shop-copie-conforme.com\/nl\/wp-json\/wp\/v2\/product\/13166","targetHints":{"allow":["GET"]}}],"collection":[{"href":"https:\/\/shop-copie-conforme.com\/nl\/wp-json\/wp\/v2\/product"}],"about":[{"href":"https:\/\/shop-copie-conforme.com\/nl\/wp-json\/wp\/v2\/types\/product"}],"replies":[{"embeddable":true,"href":"https:\/\/shop-copie-conforme.com\/nl\/wp-json\/wp\/v2\/comments?post=13166"}],"version-history":[{"count":0,"href":"https:\/\/shop-copie-conforme.com\/nl\/wp-json\/wp\/v2\/product\/13166\/revisions"}],"wp:featuredmedia":[{"embeddable":true,"href":"https:\/\/shop-copie-conforme.com\/nl\/wp-json\/wp\/v2\/media\/13243"}],"wp:attachment":[{"href":"https:\/\/shop-copie-conforme.com\/nl\/wp-json\/wp\/v2\/media?parent=13166"}],"wp:term":[{"taxonomy":"product_brand","embeddable":true,"href":"https:\/\/shop-copie-conforme.com\/nl\/wp-json\/wp\/v2\/product_brand?post=13166"},{"taxonomy":"product_cat","embeddable":true,"href":"https:\/\/shop-copie-conforme.com\/nl\/wp-json\/wp\/v2\/product_cat?post=13166"},{"taxonomy":"product_tag","embeddable":true,"href":"https:\/\/shop-copie-conforme.com\/nl\/wp-json\/wp\/v2\/product_tag?post=13166"}],"curies":[{"name":"wp","href":"https:\/\/api.w.org\/{rel}","templated":true}]}}