{"id":13057,"date":"2022-03-09T14:34:39","date_gmt":"2022-03-09T14:34:39","guid":{"rendered":"https:\/\/www.shop-copie-conforme.com\/?post_type=product&#038;p=13057"},"modified":"2023-07-25T10:23:03","modified_gmt":"2023-07-25T09:23:03","slug":"stabilo-brush-pen-68-10-pieces-en-couleurs-assorties","status":"publish","type":"product","link":"https:\/\/shop-copie-conforme.com\/nl\/product-2\/stabilo-brush-pen-68-10-pieces-en-couleurs-assorties\/","title":{"rendered":"STABILO penseelpen 68, 10 stuks in geassorteerde kleuren"},"content":{"rendered":"<p>Hoge kwaliteit kleurstift. Punt met een diameter van 1,4 mm. Intense en levendige kleuren. Geurloze inkt op waterbasis zonder oplosmiddelen. Kan geregenereerd worden en meer dan 48 uur open blijven. Gewoon de dop terugplaatsen en de lont is weer ge\u00efnkt. 10 stuks in verschillende kleuren<\/p>","protected":false},"excerpt":{"rendered":"<p>Feutre de coloriage de haute qualit\u00e9. Pointe avec diam\u00e8tre de 1,4 mm. Couleurs intenses et \u00e9clatantes. Inodore, encre \u00e0 base<\/p>","protected":false},"featured_media":13138,"comment_status":"open","ping_status":"closed","template":"","meta":[],"product_brand":[],"product_cat":[144],"product_tag":[],"class_list":{"0":"post-13057","1":"product","2":"type-product","3":"status-publish","4":"has-post-thumbnail","6":"product_cat-coloriage","8":"first","9":"instock","10":"taxable","11":"shipping-taxable","12":"purchasable","13":"product-type-simple"},"_links":{"self":[{"href":"https:\/\/shop-copie-conforme.com\/nl\/wp-json\/wp\/v2\/product\/13057","targetHints":{"allow":["GET"]}}],"collection":[{"href":"https:\/\/shop-copie-conforme.com\/nl\/wp-json\/wp\/v2\/product"}],"about":[{"href":"https:\/\/shop-copie-conforme.com\/nl\/wp-json\/wp\/v2\/types\/product"}],"replies":[{"embeddable":true,"href":"https:\/\/shop-copie-conforme.com\/nl\/wp-json\/wp\/v2\/comments?post=13057"}],"version-history":[{"count":0,"href":"https:\/\/shop-copie-conforme.com\/nl\/wp-json\/wp\/v2\/product\/13057\/revisions"}],"wp:featuredmedia":[{"embeddable":true,"href":"https:\/\/shop-copie-conforme.com\/nl\/wp-json\/wp\/v2\/media\/13138"}],"wp:attachment":[{"href":"https:\/\/shop-copie-conforme.com\/nl\/wp-json\/wp\/v2\/media?parent=13057"}],"wp:term":[{"taxonomy":"product_brand","embeddable":true,"href":"https:\/\/shop-copie-conforme.com\/nl\/wp-json\/wp\/v2\/product_brand?post=13057"},{"taxonomy":"product_cat","embeddable":true,"href":"https:\/\/shop-copie-conforme.com\/nl\/wp-json\/wp\/v2\/product_cat?post=13057"},{"taxonomy":"product_tag","embeddable":true,"href":"https:\/\/shop-copie-conforme.com\/nl\/wp-json\/wp\/v2\/product_tag?post=13057"}],"curies":[{"name":"wp","href":"https:\/\/api.w.org\/{rel}","templated":true}]}}