{"id":12389,"date":"2022-03-09T14:29:14","date_gmt":"2022-03-09T14:29:14","guid":{"rendered":"https:\/\/www.shop-copie-conforme.com\/?post_type=product&#038;p=12389"},"modified":"2023-07-25T10:18:50","modified_gmt":"2023-07-25T09:18:50","slug":"enveloppe-blanche-114-x-229-mm-avec-strip-sans-fenetre-a-lunite","status":"publish","type":"product","link":"https:\/\/shop-copie-conforme.com\/nl\/product-2\/enveloppe-blanche-114-x-229-mm-avec-strip-sans-fenetre-a-lunite\/","title":{"rendered":"witte envelop 114 x 229 mm met strook zonder venster \u00e0 l'unit\u00e9"},"content":{"rendered":"<p>witte enveloppe met zelfklevende strook zonder venster<\/p>\n<p>114 x 229 mm<\/p>\n<p>wit offset 80gr<\/p>\n<p>per eenheid<\/p>","protected":false},"excerpt":{"rendered":"<p>enveloppe blanche avec strip autocollant sans fen\u00eatre 114 x 229 mm offset blanc 80gr \u00e0 l&rsquo;unit\u00e9<\/p>","protected":false},"featured_media":12456,"comment_status":"open","ping_status":"closed","template":"","meta":[],"product_brand":[],"product_cat":[95],"product_tag":[],"class_list":{"0":"post-12389","1":"product","2":"type-product","3":"status-publish","4":"has-post-thumbnail","6":"product_cat-etiquettes-et-enveloppes","8":"first","9":"instock","10":"taxable","11":"shipping-taxable","12":"purchasable","13":"product-type-simple"},"_links":{"self":[{"href":"https:\/\/shop-copie-conforme.com\/nl\/wp-json\/wp\/v2\/product\/12389","targetHints":{"allow":["GET"]}}],"collection":[{"href":"https:\/\/shop-copie-conforme.com\/nl\/wp-json\/wp\/v2\/product"}],"about":[{"href":"https:\/\/shop-copie-conforme.com\/nl\/wp-json\/wp\/v2\/types\/product"}],"replies":[{"embeddable":true,"href":"https:\/\/shop-copie-conforme.com\/nl\/wp-json\/wp\/v2\/comments?post=12389"}],"version-history":[{"count":0,"href":"https:\/\/shop-copie-conforme.com\/nl\/wp-json\/wp\/v2\/product\/12389\/revisions"}],"wp:featuredmedia":[{"embeddable":true,"href":"https:\/\/shop-copie-conforme.com\/nl\/wp-json\/wp\/v2\/media\/12456"}],"wp:attachment":[{"href":"https:\/\/shop-copie-conforme.com\/nl\/wp-json\/wp\/v2\/media?parent=12389"}],"wp:term":[{"taxonomy":"product_brand","embeddable":true,"href":"https:\/\/shop-copie-conforme.com\/nl\/wp-json\/wp\/v2\/product_brand?post=12389"},{"taxonomy":"product_cat","embeddable":true,"href":"https:\/\/shop-copie-conforme.com\/nl\/wp-json\/wp\/v2\/product_cat?post=12389"},{"taxonomy":"product_tag","embeddable":true,"href":"https:\/\/shop-copie-conforme.com\/nl\/wp-json\/wp\/v2\/product_tag?post=12389"}],"curies":[{"name":"wp","href":"https:\/\/api.w.org\/{rel}","templated":true}]}}