{"id":12309,"date":"2022-03-09T14:28:25","date_gmt":"2022-03-09T14:28:25","guid":{"rendered":"https:\/\/www.shop-copie-conforme.com\/?post_type=product&#038;p=12309"},"modified":"2024-01-04T11:41:03","modified_gmt":"2024-01-04T10:41:03","slug":"maped-cutter-zenoa-sensitiv-lame-de-9-mm","status":"publish","type":"product","link":"https:\/\/shop-copie-conforme.com\/nl\/product-2\/maped-cutter-zenoa-sensitiv-lame-de-9-mm\/","title":{"rendered":"Zenoa Sensitiv 9 mm mesje"},"content":{"rendered":"<p>Gemaakt van twee materialen. Automatische mesvergrendeling. Ge\u00efntegreerde mesbreker. Comfortabel dankzij het zachte materiaal. Kleur: blauw. In blisterverpakking.<br \/>\n<span id=\"webtext\" class=\"IBSOutput\">9 mm lemmet<\/span><\/p>","protected":false},"excerpt":{"rendered":"<p>En bi-mati\u00e8re. Blocage automatique de la lame. Casse-lame int\u00e9gr\u00e9. Confortable gr\u00e2ce \u00e0 la mati\u00e8re souple. Couleur: bleu. Sous blister. lame<\/p>","protected":false},"featured_media":12340,"comment_status":"open","ping_status":"closed","template":"","meta":[],"product_brand":[],"product_cat":[147],"product_tag":[],"class_list":{"0":"post-12309","1":"product","2":"type-product","3":"status-publish","4":"has-post-thumbnail","6":"product_cat-ciseaux-et-cutters","8":"first","9":"instock","10":"taxable","11":"shipping-taxable","12":"purchasable","13":"product-type-simple"},"_links":{"self":[{"href":"https:\/\/shop-copie-conforme.com\/nl\/wp-json\/wp\/v2\/product\/12309","targetHints":{"allow":["GET"]}}],"collection":[{"href":"https:\/\/shop-copie-conforme.com\/nl\/wp-json\/wp\/v2\/product"}],"about":[{"href":"https:\/\/shop-copie-conforme.com\/nl\/wp-json\/wp\/v2\/types\/product"}],"replies":[{"embeddable":true,"href":"https:\/\/shop-copie-conforme.com\/nl\/wp-json\/wp\/v2\/comments?post=12309"}],"version-history":[{"count":0,"href":"https:\/\/shop-copie-conforme.com\/nl\/wp-json\/wp\/v2\/product\/12309\/revisions"}],"wp:featuredmedia":[{"embeddable":true,"href":"https:\/\/shop-copie-conforme.com\/nl\/wp-json\/wp\/v2\/media\/12340"}],"wp:attachment":[{"href":"https:\/\/shop-copie-conforme.com\/nl\/wp-json\/wp\/v2\/media?parent=12309"}],"wp:term":[{"taxonomy":"product_brand","embeddable":true,"href":"https:\/\/shop-copie-conforme.com\/nl\/wp-json\/wp\/v2\/product_brand?post=12309"},{"taxonomy":"product_cat","embeddable":true,"href":"https:\/\/shop-copie-conforme.com\/nl\/wp-json\/wp\/v2\/product_cat?post=12309"},{"taxonomy":"product_tag","embeddable":true,"href":"https:\/\/shop-copie-conforme.com\/nl\/wp-json\/wp\/v2\/product_tag?post=12309"}],"curies":[{"name":"wp","href":"https:\/\/api.w.org\/{rel}","templated":true}]}}