{"id":12257,"date":"2022-03-09T14:28:03","date_gmt":"2022-03-09T14:28:03","guid":{"rendered":"https:\/\/www.shop-copie-conforme.com\/?post_type=product&#038;p=12257"},"modified":"2023-07-25T10:17:07","modified_gmt":"2023-07-25T09:17:07","slug":"uni-ball-marqueur-peinture-a-leau-posca-pc-3m-rose-clair","status":"publish","type":"product","link":"https:\/\/shop-copie-conforme.com\/nl\/product-2\/uni-ball-marqueur-peinture-a-leau-posca-pc-3m-rose-clair\/","title":{"rendered":"uni-ball aquarelmarker Posca PC-3M lichtroze"},"content":{"rendered":"<p>Marker op waterbasis met gepigmenteerde inkt. Lijnbreedte: 1,5 mm. Ideaal voor schilderen, tekenen, schrijven en markeren op alle oppervlakken. Ondoorzichtige, briljante, dekkende, overlappende, mengbaar, waterbestendig, bestand tegen langdurige blootstelling aan licht, aquarelbaar en reukloos. Voor alle oppervlakken. Permanent op poreuze materialen.<br \/>\n<span id=\"webtext\" class=\"IBSOutput\">lichtroze<\/span><\/p>","protected":false},"excerpt":{"rendered":"<p>Marqueur \u00e0 base d&rsquo;eau et d&rsquo;encre \u00e0 pigmentation. Largeur de trait: 1,5 mm. Id\u00e9al pour peindre, dessiner, \u00e9crire et marquer<\/p>","protected":false},"featured_media":12185,"comment_status":"open","ping_status":"closed","template":"","meta":[],"product_brand":[],"product_cat":[161],"product_tag":[],"class_list":{"0":"post-12257","1":"product","2":"type-product","3":"status-publish","4":"has-post-thumbnail","6":"product_cat-marqueurs-posca","8":"first","9":"instock","10":"taxable","11":"shipping-taxable","12":"purchasable","13":"product-type-simple"},"_links":{"self":[{"href":"https:\/\/shop-copie-conforme.com\/nl\/wp-json\/wp\/v2\/product\/12257","targetHints":{"allow":["GET"]}}],"collection":[{"href":"https:\/\/shop-copie-conforme.com\/nl\/wp-json\/wp\/v2\/product"}],"about":[{"href":"https:\/\/shop-copie-conforme.com\/nl\/wp-json\/wp\/v2\/types\/product"}],"replies":[{"embeddable":true,"href":"https:\/\/shop-copie-conforme.com\/nl\/wp-json\/wp\/v2\/comments?post=12257"}],"version-history":[{"count":0,"href":"https:\/\/shop-copie-conforme.com\/nl\/wp-json\/wp\/v2\/product\/12257\/revisions"}],"wp:featuredmedia":[{"embeddable":true,"href":"https:\/\/shop-copie-conforme.com\/nl\/wp-json\/wp\/v2\/media\/12185"}],"wp:attachment":[{"href":"https:\/\/shop-copie-conforme.com\/nl\/wp-json\/wp\/v2\/media?parent=12257"}],"wp:term":[{"taxonomy":"product_brand","embeddable":true,"href":"https:\/\/shop-copie-conforme.com\/nl\/wp-json\/wp\/v2\/product_brand?post=12257"},{"taxonomy":"product_cat","embeddable":true,"href":"https:\/\/shop-copie-conforme.com\/nl\/wp-json\/wp\/v2\/product_cat?post=12257"},{"taxonomy":"product_tag","embeddable":true,"href":"https:\/\/shop-copie-conforme.com\/nl\/wp-json\/wp\/v2\/product_tag?post=12257"}],"curies":[{"name":"wp","href":"https:\/\/api.w.org\/{rel}","templated":true}]}}