{"id":12109,"date":"2022-03-09T14:26:38","date_gmt":"2022-03-09T14:26:38","guid":{"rendered":"https:\/\/www.shop-copie-conforme.com\/?post_type=product&#038;p=12109"},"modified":"2023-07-25T10:17:39","modified_gmt":"2023-07-25T09:17:39","slug":"posca-pc-1mr-vert-fonce","status":"publish","type":"product","link":"https:\/\/shop-copie-conforme.com\/nl\/product-2\/posca-pc-1mr-vert-fonce\/","title":{"rendered":"Posca PC-1MR donkergroen"},"content":{"rendered":"<p>Lakmarker op waterbasis voor alle oppervlakken. Ondoorzichtige, dekkende verf, permanent op poreuze oppervlakken en uitwisbaar op glas. Extra fijne, gekalibreerde punt met metalen ringen. Lijnbreedte 0,7 mm. Ideaal voor schrijven, tekenen, schilderen, decoreren en markeren. Het heeft alle kwaliteiten van een verfstift... in penvorm. Ultrafijne en dichte lijn in een rijk palet aan kleureffecten.<br \/>\n<span id=\"webtext\" class=\"IBSOutput\">donkergroen<\/span><\/p>","protected":false},"excerpt":{"rendered":"<div class=\"group w-full text-gray-800 dark:text-gray-100 border-b border-black\/10 dark:border-gray-900\/50 bg-gray-50 dark:bg-[#444654]\">\n<div class=\"flex p-4 gap-4 text-base md:gap-6 md:max-w-2xl lg:max-w-[38rem] xl:max-w-3xl md:py-6 lg:px-0 m-auto\">\n<div class=\"relative flex w-[calc(100%-50px)] flex-col gap-1 md:gap-3 lg:w-[calc(100%-115px)]\">\n<div class=\"flex flex-grow flex-col gap-3\">\n<div class=\"min-h-[20px] flex flex-col items-start gap-4 whitespace-pre-wrap break-words\">\n<div class=\"markdown prose w-full break-words dark:prose-invert light\">\n<p>D\u00e9couvrez le Posca PC-1MR vert fonc\u00e9, le marqueur polyvalent qui ajoutera une touche de richesse et de profondeur \u00e0 vos cr\u00e9ations artistiques. Avec sa pointe extra fine de 0,7 mm, ce Posca offre une pr\u00e9cision exceptionnelle pour dessiner, \u00e9crire et tracer avec une teinte verte fonc\u00e9e captivante. Que vous soyez un artiste professionnel ou un amateur passionn\u00e9, ce marqueur est id\u00e9al pour ajouter des d\u00e9tails pr\u00e9cis, des contours nets et des nuances saisissantes \u00e0 vos illustrations, croquis, calligraphies et bien plus encore. Sa formule \u00e0 base d&rsquo;eau vous permet de m\u00e9langer les couleurs et de superposer les couches pour obtenir des effets artistiques uniques. L&rsquo;encre pigment\u00e9e de haute qualit\u00e9 du Posca PC-1MR vert fonc\u00e9 est r\u00e9sistante \u00e0 la lumi\u00e8re et \u00e0 l&rsquo;eau, garantissant la long\u00e9vit\u00e9 de vos cr\u00e9ations artistiques. Exprimez votre cr\u00e9ativit\u00e9 avec le Posca PC-1MR vert fonc\u00e9 et donnez vie \u00e0 des \u0153uvres d&rsquo;art captivantes et expressives qui refl\u00e8tent votre vision artistique.<\/p>\n<\/div>\n<\/div>\n<\/div>\n<div class=\"flex justify-between lg:block\">\n<div class=\"text-gray-400 flex self-end lg:self-center justify-center mt-2 gap-2 md:gap-3 lg:gap-1 lg:absolute lg:top-0 lg:translate-x-full lg:right-0 lg:mt-0 lg:pl-2 visible\"><button class=\"flex ml-auto gap-2 rounded-md p-1 hover:bg-gray-100 hover:text-gray-700 dark:text-gray-400 dark:hover:bg-gray-700 dark:hover:text-gray-200 disabled:dark:hover:text-gray-400\"><\/button><\/p>\n<div class=\"flex gap-1\"><\/div>\n<\/div>\n<\/div>\n<\/div>\n<\/div>\n<\/div>\n","protected":false},"featured_media":12281,"comment_status":"open","ping_status":"closed","template":"","meta":[],"product_brand":[],"product_cat":[161],"product_tag":[],"class_list":{"0":"post-12109","1":"product","2":"type-product","3":"status-publish","4":"has-post-thumbnail","6":"product_cat-marqueurs-posca","8":"first","9":"instock","10":"taxable","11":"shipping-taxable","12":"purchasable","13":"product-type-simple"},"_links":{"self":[{"href":"https:\/\/shop-copie-conforme.com\/nl\/wp-json\/wp\/v2\/product\/12109","targetHints":{"allow":["GET"]}}],"collection":[{"href":"https:\/\/shop-copie-conforme.com\/nl\/wp-json\/wp\/v2\/product"}],"about":[{"href":"https:\/\/shop-copie-conforme.com\/nl\/wp-json\/wp\/v2\/types\/product"}],"replies":[{"embeddable":true,"href":"https:\/\/shop-copie-conforme.com\/nl\/wp-json\/wp\/v2\/comments?post=12109"}],"version-history":[{"count":0,"href":"https:\/\/shop-copie-conforme.com\/nl\/wp-json\/wp\/v2\/product\/12109\/revisions"}],"wp:featuredmedia":[{"embeddable":true,"href":"https:\/\/shop-copie-conforme.com\/nl\/wp-json\/wp\/v2\/media\/12281"}],"wp:attachment":[{"href":"https:\/\/shop-copie-conforme.com\/nl\/wp-json\/wp\/v2\/media?parent=12109"}],"wp:term":[{"taxonomy":"product_brand","embeddable":true,"href":"https:\/\/shop-copie-conforme.com\/nl\/wp-json\/wp\/v2\/product_brand?post=12109"},{"taxonomy":"product_cat","embeddable":true,"href":"https:\/\/shop-copie-conforme.com\/nl\/wp-json\/wp\/v2\/product_cat?post=12109"},{"taxonomy":"product_tag","embeddable":true,"href":"https:\/\/shop-copie-conforme.com\/nl\/wp-json\/wp\/v2\/product_tag?post=12109"}],"curies":[{"name":"wp","href":"https:\/\/api.w.org\/{rel}","templated":true}]}}