{"id":11991,"date":"2022-03-09T14:25:43","date_gmt":"2022-03-09T14:25:43","guid":{"rendered":"https:\/\/www.shop-copie-conforme.com\/?post_type=product&#038;p=11991"},"modified":"2023-07-25T10:16:29","modified_gmt":"2023-07-25T09:16:29","slug":"staedtler-marqueur-permanent-lumocolor-duo","status":"publish","type":"product","link":"https:\/\/shop-copie-conforme.com\/nl\/product-2\/staedtler-marqueur-permanent-lumocolor-duo\/","title":{"rendered":"Staedtler Lumocolor Duo permanente marker"},"content":{"rendered":"<p><span style=\"font-size: 14.4px;\">Marker met twee uiteinden voor schrijven en markeren. Fijne (0,6 mm) en medium (1,5 mm) punt. Praktische grootte. Waterbestendig. Sneldrogend. Droogvaste inkt: kan enkele dagen open blijven zonder uit te drogen. Hoge kleurintensiteit, reukloos. Voor bijna elk oppervlak.<\/span><\/p>\n<div class=\"tab-panels\">\n<div id=\"tab-description\" class=\"woocommerce-Tabs-panel woocommerce-Tabs-panel--description panel entry-content active\" role=\"tabpanel\" aria-labelledby=\"tab-title-description\">\n<p><em><span id=\"webtext\" class=\"IBSOutput\">ronde punt<\/span><\/em><\/p>\n<\/div>\n<\/div>","protected":false},"excerpt":{"rendered":"<p>Marqueur \u00e0 pointe double pour \u00e9crire et marquer. Pointe fine (0,6 mm) et moyenne (1,5 mm). Format pratique. R\u00e9sistant \u00e0<\/p>","protected":false},"featured_media":12060,"comment_status":"open","ping_status":"closed","template":"","meta":[],"product_brand":[],"product_cat":[142],"product_tag":[],"class_list":{"0":"post-11991","1":"product","2":"type-product","3":"status-publish","4":"has-post-thumbnail","6":"product_cat-marqueurs","8":"first","9":"instock","10":"taxable","11":"shipping-taxable","12":"purchasable","13":"product-type-variable"},"_links":{"self":[{"href":"https:\/\/shop-copie-conforme.com\/nl\/wp-json\/wp\/v2\/product\/11991","targetHints":{"allow":["GET"]}}],"collection":[{"href":"https:\/\/shop-copie-conforme.com\/nl\/wp-json\/wp\/v2\/product"}],"about":[{"href":"https:\/\/shop-copie-conforme.com\/nl\/wp-json\/wp\/v2\/types\/product"}],"replies":[{"embeddable":true,"href":"https:\/\/shop-copie-conforme.com\/nl\/wp-json\/wp\/v2\/comments?post=11991"}],"version-history":[{"count":0,"href":"https:\/\/shop-copie-conforme.com\/nl\/wp-json\/wp\/v2\/product\/11991\/revisions"}],"wp:featuredmedia":[{"embeddable":true,"href":"https:\/\/shop-copie-conforme.com\/nl\/wp-json\/wp\/v2\/media\/12060"}],"wp:attachment":[{"href":"https:\/\/shop-copie-conforme.com\/nl\/wp-json\/wp\/v2\/media?parent=11991"}],"wp:term":[{"taxonomy":"product_brand","embeddable":true,"href":"https:\/\/shop-copie-conforme.com\/nl\/wp-json\/wp\/v2\/product_brand?post=11991"},{"taxonomy":"product_cat","embeddable":true,"href":"https:\/\/shop-copie-conforme.com\/nl\/wp-json\/wp\/v2\/product_cat?post=11991"},{"taxonomy":"product_tag","embeddable":true,"href":"https:\/\/shop-copie-conforme.com\/nl\/wp-json\/wp\/v2\/product_tag?post=11991"}],"curies":[{"name":"wp","href":"https:\/\/api.w.org\/{rel}","templated":true}]}}