{"id":11779,"date":"2022-03-09T14:23:31","date_gmt":"2022-03-09T14:23:31","guid":{"rendered":"https:\/\/www.shop-copie-conforme.com\/?post_type=product&#038;p=11779"},"modified":"2023-07-25T10:15:25","modified_gmt":"2023-07-25T09:15:25","slug":"pergamy-notes-ft-38-x-51-mm-paquet-de-12-blocs-jaune","status":"publish","type":"product","link":"https:\/\/shop-copie-conforme.com\/nl\/product-2\/pergamy-notes-ft-38-x-51-mm-paquet-de-12-blocs-jaune\/","title":{"rendered":"Pergamy notities, ft 38 x 51 mm, pak van 12 blokken, geel"},"content":{"rendered":"<p>Ideaal om kleine memo's aan jezelf te schrijven, berichten achter te laten voor je collega's op kantoor en hen te herinneren aan taken, of lieve berichtjes te schrijven aan je geliefden. Deze plakbriefjes kunnen op bijna elk oppervlak worden geplakt en zijn perfect om uw agenda's, bureaus en laptops georganiseerd en belangrijke herinneringen zichtbaar te houden. Ze laten geen residu achter en zijn gemakkelijk te verwijderen wanneer het u uitkomt. Blok van 100 memoblaadjes. Kleur: geel.<br \/>\n<span id=\"webtext\" class=\"IBSOutput\">ft 38 x 51 mm, pak van 12 blokken<\/span><\/p>","protected":false},"excerpt":{"rendered":"<p>L&rsquo;id\u00e9al pour vous adresser de Petits m\u00e9mos \u00e0 vous-m\u00eame, laisser des messages \u00e0 vos coll\u00e8gues de bureau et leur rappeler<\/p>","protected":false},"featured_media":11812,"comment_status":"open","ping_status":"closed","template":"","meta":[],"product_brand":[],"product_cat":[165],"product_tag":[],"class_list":{"0":"post-11779","1":"product","2":"type-product","3":"status-publish","4":"has-post-thumbnail","6":"product_cat-blocs-memo","8":"first","9":"instock","10":"taxable","11":"shipping-taxable","12":"purchasable","13":"product-type-simple"},"_links":{"self":[{"href":"https:\/\/shop-copie-conforme.com\/nl\/wp-json\/wp\/v2\/product\/11779","targetHints":{"allow":["GET"]}}],"collection":[{"href":"https:\/\/shop-copie-conforme.com\/nl\/wp-json\/wp\/v2\/product"}],"about":[{"href":"https:\/\/shop-copie-conforme.com\/nl\/wp-json\/wp\/v2\/types\/product"}],"replies":[{"embeddable":true,"href":"https:\/\/shop-copie-conforme.com\/nl\/wp-json\/wp\/v2\/comments?post=11779"}],"version-history":[{"count":0,"href":"https:\/\/shop-copie-conforme.com\/nl\/wp-json\/wp\/v2\/product\/11779\/revisions"}],"wp:featuredmedia":[{"embeddable":true,"href":"https:\/\/shop-copie-conforme.com\/nl\/wp-json\/wp\/v2\/media\/11812"}],"wp:attachment":[{"href":"https:\/\/shop-copie-conforme.com\/nl\/wp-json\/wp\/v2\/media?parent=11779"}],"wp:term":[{"taxonomy":"product_brand","embeddable":true,"href":"https:\/\/shop-copie-conforme.com\/nl\/wp-json\/wp\/v2\/product_brand?post=11779"},{"taxonomy":"product_cat","embeddable":true,"href":"https:\/\/shop-copie-conforme.com\/nl\/wp-json\/wp\/v2\/product_cat?post=11779"},{"taxonomy":"product_tag","embeddable":true,"href":"https:\/\/shop-copie-conforme.com\/nl\/wp-json\/wp\/v2\/product_tag?post=11779"}],"curies":[{"name":"wp","href":"https:\/\/api.w.org\/{rel}","templated":true}]}}