{"id":11773,"date":"2022-03-09T14:23:31","date_gmt":"2022-03-09T14:23:31","guid":{"rendered":"https:\/\/www.shop-copie-conforme.com\/?post_type=product&#038;p=11773"},"modified":"2023-07-25T10:15:17","modified_gmt":"2023-07-25T09:15:17","slug":"paper-mate-stylo-bille-flexgrip-ultra-rt-moyenne","status":"publish","type":"product","link":"https:\/\/shop-copie-conforme.com\/nl\/product-2\/paper-mate-stylo-bille-flexgrip-ultra-rt-moyenne\/","title":{"rendered":"Paper Mate Flexgrip Ultra RT medium biros"},"content":{"rendered":"<p>Verbeterd inktreservoir en rubberen grip voor meer schrijfcomfort. Metalen punt voor sterkte en duurzaamheid. Inktkleurig vat met versterkte clip. Bevat Lubriglide vulling voor glad, gelijkmatig schrijven en een dichte, heldere lijn. Intrekbaar.<\/p>","protected":false},"excerpt":{"rendered":"<p>\u00e9servoir d\u2019encre am\u00e9lior\u00e9 et grip en caoutchouc pour un plus grand confort d\u2019\u00e9criture. Embout en m\u00e9tal assurant solidit\u00e9 et durabilit\u00e9.<\/p>","protected":false},"featured_media":11801,"comment_status":"open","ping_status":"closed","template":"","meta":[],"product_brand":[],"product_cat":[137],"product_tag":[],"class_list":{"0":"post-11773","1":"product","2":"type-product","3":"status-publish","4":"has-post-thumbnail","6":"product_cat-stylos-et-recharges","8":"first","9":"instock","10":"taxable","11":"shipping-taxable","12":"purchasable","13":"product-type-variable"},"_links":{"self":[{"href":"https:\/\/shop-copie-conforme.com\/nl\/wp-json\/wp\/v2\/product\/11773","targetHints":{"allow":["GET"]}}],"collection":[{"href":"https:\/\/shop-copie-conforme.com\/nl\/wp-json\/wp\/v2\/product"}],"about":[{"href":"https:\/\/shop-copie-conforme.com\/nl\/wp-json\/wp\/v2\/types\/product"}],"replies":[{"embeddable":true,"href":"https:\/\/shop-copie-conforme.com\/nl\/wp-json\/wp\/v2\/comments?post=11773"}],"version-history":[{"count":0,"href":"https:\/\/shop-copie-conforme.com\/nl\/wp-json\/wp\/v2\/product\/11773\/revisions"}],"wp:featuredmedia":[{"embeddable":true,"href":"https:\/\/shop-copie-conforme.com\/nl\/wp-json\/wp\/v2\/media\/11801"}],"wp:attachment":[{"href":"https:\/\/shop-copie-conforme.com\/nl\/wp-json\/wp\/v2\/media?parent=11773"}],"wp:term":[{"taxonomy":"product_brand","embeddable":true,"href":"https:\/\/shop-copie-conforme.com\/nl\/wp-json\/wp\/v2\/product_brand?post=11773"},{"taxonomy":"product_cat","embeddable":true,"href":"https:\/\/shop-copie-conforme.com\/nl\/wp-json\/wp\/v2\/product_cat?post=11773"},{"taxonomy":"product_tag","embeddable":true,"href":"https:\/\/shop-copie-conforme.com\/nl\/wp-json\/wp\/v2\/product_tag?post=11773"}],"curies":[{"name":"wp","href":"https:\/\/api.w.org\/{rel}","templated":true}]}}