{"id":11721,"date":"2022-03-09T14:23:08","date_gmt":"2022-03-09T14:23:08","guid":{"rendered":"https:\/\/www.shop-copie-conforme.com\/?post_type=product&#038;p=11721"},"modified":"2023-07-25T10:15:02","modified_gmt":"2023-07-25T09:15:02","slug":"perforateur-leitz-2-en-1","status":"publish","type":"product","link":"https:\/\/shop-copie-conforme.com\/nl\/product-2\/perforateur-leitz-2-en-1\/","title":{"rendered":"Leitz 2 in 1 perforator"},"content":{"rendered":"<p>vervangt de compressor en dient als mobiele punch. Altijd bij de hand. Perfect voor school en kantoor.<\/p>","protected":false},"excerpt":{"rendered":"<p>remplace le compresseur et sert de perforateur mobile. Toujours \u00e0 port\u00e9e de main . parfait \u00e0 l&rsquo;\u00e9cole comme au bureau.<\/p>","protected":false},"featured_media":11754,"comment_status":"open","ping_status":"closed","template":"","meta":[],"product_brand":[],"product_cat":[149],"product_tag":[],"class_list":{"0":"post-11721","1":"product","2":"type-product","3":"status-publish","4":"has-post-thumbnail","6":"product_cat-perforateurs","8":"first","9":"instock","10":"taxable","11":"shipping-taxable","12":"purchasable","13":"product-type-simple"},"_links":{"self":[{"href":"https:\/\/shop-copie-conforme.com\/nl\/wp-json\/wp\/v2\/product\/11721","targetHints":{"allow":["GET"]}}],"collection":[{"href":"https:\/\/shop-copie-conforme.com\/nl\/wp-json\/wp\/v2\/product"}],"about":[{"href":"https:\/\/shop-copie-conforme.com\/nl\/wp-json\/wp\/v2\/types\/product"}],"replies":[{"embeddable":true,"href":"https:\/\/shop-copie-conforme.com\/nl\/wp-json\/wp\/v2\/comments?post=11721"}],"version-history":[{"count":0,"href":"https:\/\/shop-copie-conforme.com\/nl\/wp-json\/wp\/v2\/product\/11721\/revisions"}],"wp:featuredmedia":[{"embeddable":true,"href":"https:\/\/shop-copie-conforme.com\/nl\/wp-json\/wp\/v2\/media\/11754"}],"wp:attachment":[{"href":"https:\/\/shop-copie-conforme.com\/nl\/wp-json\/wp\/v2\/media?parent=11721"}],"wp:term":[{"taxonomy":"product_brand","embeddable":true,"href":"https:\/\/shop-copie-conforme.com\/nl\/wp-json\/wp\/v2\/product_brand?post=11721"},{"taxonomy":"product_cat","embeddable":true,"href":"https:\/\/shop-copie-conforme.com\/nl\/wp-json\/wp\/v2\/product_cat?post=11721"},{"taxonomy":"product_tag","embeddable":true,"href":"https:\/\/shop-copie-conforme.com\/nl\/wp-json\/wp\/v2\/product_tag?post=11721"}],"curies":[{"name":"wp","href":"https:\/\/api.w.org\/{rel}","templated":true}]}}