{"id":11324,"date":"2022-03-09T14:19:26","date_gmt":"2022-03-09T14:19:26","guid":{"rendered":"https:\/\/www.shop-copie-conforme.com\/?post_type=product&#038;p=11324"},"modified":"2024-01-04T11:41:06","modified_gmt":"2024-01-04T10:41:06","slug":"maped-latte-geometric-30-cm-transparente","status":"publish","type":"product","link":"https:\/\/shop-copie-conforme.com\/nl\/product-2\/maped-latte-geometric-30-cm-transparente\/","title":{"rendered":"Maped Geometrische lat 30 cm, transparant"},"content":{"rendered":"<p>242030 Graduaties met UV-inkt voor optimale duurzaamheid. Gegradueerde schaalverdeling met visuele markeringen om de 5 cm. Met vlekbestendige rand. Kleur: transparant.<br \/>\n<span id=\"webtext\" class=\"IBSOutput\">30 cm, zonder centrale handgreep<\/span><\/p>","protected":false},"excerpt":{"rendered":"<p>242030 Graduations \u00e0 l&rsquo;encre UV pour une r\u00e9sistance optimale. Graduations progressives avec rep\u00e8res visuels tous les 5 cm. Avec bord<\/p>","protected":false},"featured_media":11360,"comment_status":"open","ping_status":"closed","template":"","meta":[],"product_brand":[],"product_cat":[163],"product_tag":[],"class_list":{"0":"post-11324","1":"product","2":"type-product","3":"status-publish","4":"has-post-thumbnail","6":"product_cat-lattes-equerres","8":"first","9":"instock","10":"taxable","11":"shipping-taxable","12":"purchasable","13":"product-type-simple"},"_links":{"self":[{"href":"https:\/\/shop-copie-conforme.com\/nl\/wp-json\/wp\/v2\/product\/11324","targetHints":{"allow":["GET"]}}],"collection":[{"href":"https:\/\/shop-copie-conforme.com\/nl\/wp-json\/wp\/v2\/product"}],"about":[{"href":"https:\/\/shop-copie-conforme.com\/nl\/wp-json\/wp\/v2\/types\/product"}],"replies":[{"embeddable":true,"href":"https:\/\/shop-copie-conforme.com\/nl\/wp-json\/wp\/v2\/comments?post=11324"}],"version-history":[{"count":0,"href":"https:\/\/shop-copie-conforme.com\/nl\/wp-json\/wp\/v2\/product\/11324\/revisions"}],"wp:featuredmedia":[{"embeddable":true,"href":"https:\/\/shop-copie-conforme.com\/nl\/wp-json\/wp\/v2\/media\/11360"}],"wp:attachment":[{"href":"https:\/\/shop-copie-conforme.com\/nl\/wp-json\/wp\/v2\/media?parent=11324"}],"wp:term":[{"taxonomy":"product_brand","embeddable":true,"href":"https:\/\/shop-copie-conforme.com\/nl\/wp-json\/wp\/v2\/product_brand?post=11324"},{"taxonomy":"product_cat","embeddable":true,"href":"https:\/\/shop-copie-conforme.com\/nl\/wp-json\/wp\/v2\/product_cat?post=11324"},{"taxonomy":"product_tag","embeddable":true,"href":"https:\/\/shop-copie-conforme.com\/nl\/wp-json\/wp\/v2\/product_tag?post=11324"}],"curies":[{"name":"wp","href":"https:\/\/api.w.org\/{rel}","templated":true}]}}