{"id":11130,"date":"2022-03-09T14:17:27","date_gmt":"2022-03-09T14:17:27","guid":{"rendered":"https:\/\/www.shop-copie-conforme.com\/?post_type=product&#038;p=11130"},"modified":"2023-07-25T10:11:47","modified_gmt":"2023-07-25T09:11:47","slug":"raphael-pinceau-kaerell-n-02","status":"publish","type":"product","link":"https:\/\/shop-copie-conforme.com\/nl\/product-2\/raphael-pinceau-kaerell-n-02\/","title":{"rendered":"Rapha\u00ebl Ka\u00ebrell penseel n\u00b0 02"},"content":{"rendered":"<p>R82042 Kan worden gebruikt voor alle soorten verf op alle oppervlakken. Ka\u00ebrell blauw penseel, synthetisch, rond, kort handvat. Tussenliggende synthetische vezel. De universele borstel bij uitstek. Het wordt veel gebruikt voor het schilderen op doek, papier en andere materialen en voor hobbywerk.<br \/>\n<span id=\"webtext\" class=\"IBSOutput\">n\u00b0 2<\/span><\/p>","protected":false},"excerpt":{"rendered":"<p>R82042 S&rsquo;utilise pour tout type de peinture sur tout support. Pinceau Ka\u00ebrell bleu, en synth\u00e9tique, rond, manche court. Fibre synth\u00e9tique<\/p>","protected":false},"featured_media":11198,"comment_status":"open","ping_status":"closed","template":"","meta":[],"product_brand":[],"product_cat":[97],"product_tag":[],"class_list":{"0":"post-11130","1":"product","2":"type-product","3":"status-publish","4":"has-post-thumbnail","6":"product_cat-peinture","8":"first","9":"instock","10":"taxable","11":"shipping-taxable","12":"purchasable","13":"product-type-simple"},"_links":{"self":[{"href":"https:\/\/shop-copie-conforme.com\/nl\/wp-json\/wp\/v2\/product\/11130","targetHints":{"allow":["GET"]}}],"collection":[{"href":"https:\/\/shop-copie-conforme.com\/nl\/wp-json\/wp\/v2\/product"}],"about":[{"href":"https:\/\/shop-copie-conforme.com\/nl\/wp-json\/wp\/v2\/types\/product"}],"replies":[{"embeddable":true,"href":"https:\/\/shop-copie-conforme.com\/nl\/wp-json\/wp\/v2\/comments?post=11130"}],"version-history":[{"count":0,"href":"https:\/\/shop-copie-conforme.com\/nl\/wp-json\/wp\/v2\/product\/11130\/revisions"}],"wp:featuredmedia":[{"embeddable":true,"href":"https:\/\/shop-copie-conforme.com\/nl\/wp-json\/wp\/v2\/media\/11198"}],"wp:attachment":[{"href":"https:\/\/shop-copie-conforme.com\/nl\/wp-json\/wp\/v2\/media?parent=11130"}],"wp:term":[{"taxonomy":"product_brand","embeddable":true,"href":"https:\/\/shop-copie-conforme.com\/nl\/wp-json\/wp\/v2\/product_brand?post=11130"},{"taxonomy":"product_cat","embeddable":true,"href":"https:\/\/shop-copie-conforme.com\/nl\/wp-json\/wp\/v2\/product_cat?post=11130"},{"taxonomy":"product_tag","embeddable":true,"href":"https:\/\/shop-copie-conforme.com\/nl\/wp-json\/wp\/v2\/product_tag?post=11130"}],"curies":[{"name":"wp","href":"https:\/\/api.w.org\/{rel}","templated":true}]}}