{"id":11083,"date":"2022-03-09T14:17:03","date_gmt":"2022-03-09T14:17:03","guid":{"rendered":"https:\/\/www.shop-copie-conforme.com\/?post_type=product&#038;p=11083"},"modified":"2023-07-25T10:11:23","modified_gmt":"2023-07-25T09:11:23","slug":"gallery-gouache-flacon-de-500-ml-brun-fonce","status":"publish","type":"product","link":"https:\/\/shop-copie-conforme.com\/nl\/product-2\/gallery-gouache-flacon-de-500-ml-brun-fonce\/","title":{"rendered":"Galerij plakkaatverf 500 ml, donkerbruin"},"content":{"rendered":"<p>GA00658 Op waterbasis. 98 % natuurlijke grondstoffen en 2 % hulpstoffen. Klaar voor gebruik. Houdbaarheid: minstens 2 jaar.<br \/>\n<span id=\"webtext\" class=\"IBSOutput\">500 ml fles, donkerbruin<\/span><\/p>","protected":false},"excerpt":{"rendered":"<p>GA00658 A base d&rsquo;eau. 98 % mati\u00e8res premi\u00e8res naturelles et 2 % mati\u00e8res d&rsquo;aides. Pr\u00eate \u00e0 l&#8217;emploi. Dur\u00e9e de conservation:<\/p>","protected":false},"featured_media":11147,"comment_status":"open","ping_status":"closed","template":"","meta":[],"product_brand":[],"product_cat":[97],"product_tag":[],"class_list":{"0":"post-11083","1":"product","2":"type-product","3":"status-publish","4":"has-post-thumbnail","6":"product_cat-peinture","8":"first","9":"instock","10":"taxable","11":"shipping-taxable","12":"purchasable","13":"product-type-simple"},"_links":{"self":[{"href":"https:\/\/shop-copie-conforme.com\/nl\/wp-json\/wp\/v2\/product\/11083","targetHints":{"allow":["GET"]}}],"collection":[{"href":"https:\/\/shop-copie-conforme.com\/nl\/wp-json\/wp\/v2\/product"}],"about":[{"href":"https:\/\/shop-copie-conforme.com\/nl\/wp-json\/wp\/v2\/types\/product"}],"replies":[{"embeddable":true,"href":"https:\/\/shop-copie-conforme.com\/nl\/wp-json\/wp\/v2\/comments?post=11083"}],"version-history":[{"count":0,"href":"https:\/\/shop-copie-conforme.com\/nl\/wp-json\/wp\/v2\/product\/11083\/revisions"}],"wp:featuredmedia":[{"embeddable":true,"href":"https:\/\/shop-copie-conforme.com\/nl\/wp-json\/wp\/v2\/media\/11147"}],"wp:attachment":[{"href":"https:\/\/shop-copie-conforme.com\/nl\/wp-json\/wp\/v2\/media?parent=11083"}],"wp:term":[{"taxonomy":"product_brand","embeddable":true,"href":"https:\/\/shop-copie-conforme.com\/nl\/wp-json\/wp\/v2\/product_brand?post=11083"},{"taxonomy":"product_cat","embeddable":true,"href":"https:\/\/shop-copie-conforme.com\/nl\/wp-json\/wp\/v2\/product_cat?post=11083"},{"taxonomy":"product_tag","embeddable":true,"href":"https:\/\/shop-copie-conforme.com\/nl\/wp-json\/wp\/v2\/product_tag?post=11083"}],"curies":[{"name":"wp","href":"https:\/\/api.w.org\/{rel}","templated":true}]}}