{"id":11049,"date":"2022-03-09T14:16:40","date_gmt":"2022-03-09T14:16:40","guid":{"rendered":"https:\/\/www.shop-copie-conforme.com\/?post_type=product&#038;p=11049"},"modified":"2023-07-25T10:11:18","modified_gmt":"2023-07-25T09:11:18","slug":"talens-art-creation-peinture-acrylique-tube-de-75-ml-set-de-6-tubes-en-couleurs-assorties","status":"publish","type":"product","link":"https:\/\/shop-copie-conforme.com\/nl\/product-2\/talens-art-creation-peinture-acrylique-tube-de-75-ml-set-de-6-tubes-en-couleurs-assorties\/","title":{"rendered":"Talens Art Creation acrylverf 75 ml tube, set van 6 tubes in geassorteerde kleuren"},"content":{"rendered":"<p>3582806 Sneldrogend. Pasta consistentie. Onverdund of verdund met water gebruiken. Na het drogen, waterbestendig. Tube van 75 ml.<br \/>\n<span id=\"webtext\" class=\"IBSOutput\">set van 6 tubes in geassorteerde kleuren<\/span><\/p>","protected":false},"excerpt":{"rendered":"<p>3582806 S\u00e9chage rapide. Consistance p\u00e2teuse. A utiliser pure ou dilu\u00e9e avec de l&rsquo;eau. Apr\u00e8s s\u00e9chage, r\u00e9sistante \u00e0 l&rsquo;eau. Tube de<\/p>","protected":false},"featured_media":11135,"comment_status":"open","ping_status":"closed","template":"","meta":[],"product_brand":[],"product_cat":[97],"product_tag":[],"class_list":{"0":"post-11049","1":"product","2":"type-product","3":"status-publish","4":"has-post-thumbnail","6":"product_cat-peinture","8":"first","9":"instock","10":"taxable","11":"shipping-taxable","12":"purchasable","13":"product-type-simple"},"_links":{"self":[{"href":"https:\/\/shop-copie-conforme.com\/nl\/wp-json\/wp\/v2\/product\/11049","targetHints":{"allow":["GET"]}}],"collection":[{"href":"https:\/\/shop-copie-conforme.com\/nl\/wp-json\/wp\/v2\/product"}],"about":[{"href":"https:\/\/shop-copie-conforme.com\/nl\/wp-json\/wp\/v2\/types\/product"}],"replies":[{"embeddable":true,"href":"https:\/\/shop-copie-conforme.com\/nl\/wp-json\/wp\/v2\/comments?post=11049"}],"version-history":[{"count":0,"href":"https:\/\/shop-copie-conforme.com\/nl\/wp-json\/wp\/v2\/product\/11049\/revisions"}],"wp:featuredmedia":[{"embeddable":true,"href":"https:\/\/shop-copie-conforme.com\/nl\/wp-json\/wp\/v2\/media\/11135"}],"wp:attachment":[{"href":"https:\/\/shop-copie-conforme.com\/nl\/wp-json\/wp\/v2\/media?parent=11049"}],"wp:term":[{"taxonomy":"product_brand","embeddable":true,"href":"https:\/\/shop-copie-conforme.com\/nl\/wp-json\/wp\/v2\/product_brand?post=11049"},{"taxonomy":"product_cat","embeddable":true,"href":"https:\/\/shop-copie-conforme.com\/nl\/wp-json\/wp\/v2\/product_cat?post=11049"},{"taxonomy":"product_tag","embeddable":true,"href":"https:\/\/shop-copie-conforme.com\/nl\/wp-json\/wp\/v2\/product_tag?post=11049"}],"curies":[{"name":"wp","href":"https:\/\/api.w.org\/{rel}","templated":true}]}}