{"id":11037,"date":"2022-03-09T14:16:38","date_gmt":"2022-03-09T14:16:38","guid":{"rendered":"https:\/\/www.shop-copie-conforme.com\/?post_type=product&#038;p=11037"},"modified":"2023-07-25T10:11:07","modified_gmt":"2023-07-25T09:11:07","slug":"talens-gouache-extra-fine-tube-de-20-ml-boite-de-5-tubes-en-couleurs-assorties","status":"publish","type":"product","link":"https:\/\/shop-copie-conforme.com\/nl\/product-2\/talens-gouache-extra-fine-tube-de-20-ml-boite-de-5-tubes-en-couleurs-assorties\/","title":{"rendered":"Talens Extra Fijne Plakkaatverf 20 ml tube, doos van 5 tubes in geassorteerde kleuren"},"content":{"rendered":"<p><strong>08C405 <\/strong>20 ml tube. Verf met hoge kleurkracht door hoge pigmentatie. Snel droog. In water oplosbare verf. Hecht op alle niet-vette en poreuze oppervlakken, zoals karton, maar ook op hout, gips en aardewerk.<br \/>\n<span id=\"webtext\" class=\"IBSOutput\">kartonnen etui met 5 tubes: wit, geel, bordeaux, blauw en zwart<\/span><\/p>","protected":false},"excerpt":{"rendered":"<p>08C405 Tube de 20 ml. Peinture avec haut pouvoir colorant gr\u00e2ce \u00e0 une pigmentation \u00e9lev\u00e9e. S\u00e9chage rapide. Peinture diluable \u00e0<\/p>","protected":false},"featured_media":11097,"comment_status":"open","ping_status":"closed","template":"","meta":[],"product_brand":[],"product_cat":[97],"product_tag":[],"class_list":{"0":"post-11037","1":"product","2":"type-product","3":"status-publish","4":"has-post-thumbnail","6":"product_cat-peinture","8":"first","9":"instock","10":"taxable","11":"shipping-taxable","12":"purchasable","13":"product-type-simple"},"_links":{"self":[{"href":"https:\/\/shop-copie-conforme.com\/nl\/wp-json\/wp\/v2\/product\/11037","targetHints":{"allow":["GET"]}}],"collection":[{"href":"https:\/\/shop-copie-conforme.com\/nl\/wp-json\/wp\/v2\/product"}],"about":[{"href":"https:\/\/shop-copie-conforme.com\/nl\/wp-json\/wp\/v2\/types\/product"}],"replies":[{"embeddable":true,"href":"https:\/\/shop-copie-conforme.com\/nl\/wp-json\/wp\/v2\/comments?post=11037"}],"version-history":[{"count":0,"href":"https:\/\/shop-copie-conforme.com\/nl\/wp-json\/wp\/v2\/product\/11037\/revisions"}],"wp:featuredmedia":[{"embeddable":true,"href":"https:\/\/shop-copie-conforme.com\/nl\/wp-json\/wp\/v2\/media\/11097"}],"wp:attachment":[{"href":"https:\/\/shop-copie-conforme.com\/nl\/wp-json\/wp\/v2\/media?parent=11037"}],"wp:term":[{"taxonomy":"product_brand","embeddable":true,"href":"https:\/\/shop-copie-conforme.com\/nl\/wp-json\/wp\/v2\/product_brand?post=11037"},{"taxonomy":"product_cat","embeddable":true,"href":"https:\/\/shop-copie-conforme.com\/nl\/wp-json\/wp\/v2\/product_cat?post=11037"},{"taxonomy":"product_tag","embeddable":true,"href":"https:\/\/shop-copie-conforme.com\/nl\/wp-json\/wp\/v2\/product_tag?post=11037"}],"curies":[{"name":"wp","href":"https:\/\/api.w.org\/{rel}","templated":true}]}}