{"id":10995,"date":"2022-03-09T14:16:15","date_gmt":"2022-03-09T14:16:15","guid":{"rendered":"https:\/\/www.shop-copie-conforme.com\/?post_type=product&#038;p=10995"},"modified":"2023-07-25T10:10:50","modified_gmt":"2023-07-25T09:10:50","slug":"talens-gouache-extra-fine-flacon-de-16-ml-bleu-clair-cyan","status":"publish","type":"product","link":"https:\/\/shop-copie-conforme.com\/nl\/product-2\/talens-gouache-extra-fine-flacon-de-16-ml-bleu-clair-cyan\/","title":{"rendered":"Talens Plakkaatverf Extra Fijn 16 ml flacon, lichtblauw (cyaan)"},"content":{"rendered":"<p>22-501 flesje van 16 ml. Sterk gepigmenteerde verf met hoge kleurkracht. Gelijkmatig sneldrogend, fluweelzacht, mat en dekkend. In water oplosbare verf. Hecht op alle niet-vette en poreuze oppervlakken, zoals karton, maar ook op hout, gips en aardewerk.<br \/>\n<span id=\"webtext\" class=\"IBSOutput\">lichtblauw (cyaan)<\/span><\/p>","protected":false},"excerpt":{"rendered":"<p>22-501 Flacon de 16 ml. Peinture \u00e0 haut pouvoir colorant gr\u00e2ce \u00e0 une pigmentation \u00e9lev\u00e9e. S\u00e9chage rapide de mani\u00e8re \u00e9gale,<\/p>","protected":false},"featured_media":11063,"comment_status":"open","ping_status":"closed","template":"","meta":[],"product_brand":[],"product_cat":[97],"product_tag":[],"class_list":{"0":"post-10995","1":"product","2":"type-product","3":"status-publish","4":"has-post-thumbnail","6":"product_cat-peinture","8":"first","9":"instock","10":"taxable","11":"shipping-taxable","12":"purchasable","13":"product-type-simple"},"_links":{"self":[{"href":"https:\/\/shop-copie-conforme.com\/nl\/wp-json\/wp\/v2\/product\/10995","targetHints":{"allow":["GET"]}}],"collection":[{"href":"https:\/\/shop-copie-conforme.com\/nl\/wp-json\/wp\/v2\/product"}],"about":[{"href":"https:\/\/shop-copie-conforme.com\/nl\/wp-json\/wp\/v2\/types\/product"}],"replies":[{"embeddable":true,"href":"https:\/\/shop-copie-conforme.com\/nl\/wp-json\/wp\/v2\/comments?post=10995"}],"version-history":[{"count":0,"href":"https:\/\/shop-copie-conforme.com\/nl\/wp-json\/wp\/v2\/product\/10995\/revisions"}],"wp:featuredmedia":[{"embeddable":true,"href":"https:\/\/shop-copie-conforme.com\/nl\/wp-json\/wp\/v2\/media\/11063"}],"wp:attachment":[{"href":"https:\/\/shop-copie-conforme.com\/nl\/wp-json\/wp\/v2\/media?parent=10995"}],"wp:term":[{"taxonomy":"product_brand","embeddable":true,"href":"https:\/\/shop-copie-conforme.com\/nl\/wp-json\/wp\/v2\/product_brand?post=10995"},{"taxonomy":"product_cat","embeddable":true,"href":"https:\/\/shop-copie-conforme.com\/nl\/wp-json\/wp\/v2\/product_cat?post=10995"},{"taxonomy":"product_tag","embeddable":true,"href":"https:\/\/shop-copie-conforme.com\/nl\/wp-json\/wp\/v2\/product_tag?post=10995"}],"curies":[{"name":"wp","href":"https:\/\/api.w.org\/{rel}","templated":true}]}}