{"id":10991,"date":"2022-03-09T14:16:15","date_gmt":"2022-03-09T14:16:15","guid":{"rendered":"https:\/\/www.shop-copie-conforme.com\/?post_type=product&#038;p=10991"},"modified":"2023-07-25T10:10:47","modified_gmt":"2023-07-25T09:10:47","slug":"talens-gouache-extra-fine-flacon-de-16-ml-vert-fonce","status":"publish","type":"product","link":"https:\/\/shop-copie-conforme.com\/nl\/product-2\/talens-gouache-extra-fine-flacon-de-16-ml-vert-fonce\/","title":{"rendered":"Talens plakkaatverf Extra Fijn 16 ml flesje, donkergroen"},"content":{"rendered":"<p>22-602 16 ml flesje. Sterk gepigmenteerde verf met hoge kleurkracht. Gelijkmatig sneldrogend, fluweelzacht, mat en dekkend. In water oplosbare verf. Hecht op alle niet-vette en poreuze oppervlakken, zoals karton, maar ook op hout, gips en aardewerk.<br \/>\n<span id=\"webtext\" class=\"IBSOutput\">donkergroen<\/span><\/p>","protected":false},"excerpt":{"rendered":"<p>22-602 Flacon de 16 ml. Peinture \u00e0 haut pouvoir colorant gr\u00e2ce \u00e0 une pigmentation \u00e9lev\u00e9e. S\u00e9chage rapide de mani\u00e8re \u00e9gale,<\/p>","protected":false},"featured_media":11055,"comment_status":"open","ping_status":"closed","template":"","meta":[],"product_brand":[],"product_cat":[97],"product_tag":[],"class_list":{"0":"post-10991","1":"product","2":"type-product","3":"status-publish","4":"has-post-thumbnail","6":"product_cat-peinture","8":"first","9":"instock","10":"taxable","11":"shipping-taxable","12":"purchasable","13":"product-type-simple"},"_links":{"self":[{"href":"https:\/\/shop-copie-conforme.com\/nl\/wp-json\/wp\/v2\/product\/10991","targetHints":{"allow":["GET"]}}],"collection":[{"href":"https:\/\/shop-copie-conforme.com\/nl\/wp-json\/wp\/v2\/product"}],"about":[{"href":"https:\/\/shop-copie-conforme.com\/nl\/wp-json\/wp\/v2\/types\/product"}],"replies":[{"embeddable":true,"href":"https:\/\/shop-copie-conforme.com\/nl\/wp-json\/wp\/v2\/comments?post=10991"}],"version-history":[{"count":0,"href":"https:\/\/shop-copie-conforme.com\/nl\/wp-json\/wp\/v2\/product\/10991\/revisions"}],"wp:featuredmedia":[{"embeddable":true,"href":"https:\/\/shop-copie-conforme.com\/nl\/wp-json\/wp\/v2\/media\/11055"}],"wp:attachment":[{"href":"https:\/\/shop-copie-conforme.com\/nl\/wp-json\/wp\/v2\/media?parent=10991"}],"wp:term":[{"taxonomy":"product_brand","embeddable":true,"href":"https:\/\/shop-copie-conforme.com\/nl\/wp-json\/wp\/v2\/product_brand?post=10991"},{"taxonomy":"product_cat","embeddable":true,"href":"https:\/\/shop-copie-conforme.com\/nl\/wp-json\/wp\/v2\/product_cat?post=10991"},{"taxonomy":"product_tag","embeddable":true,"href":"https:\/\/shop-copie-conforme.com\/nl\/wp-json\/wp\/v2\/product_tag?post=10991"}],"curies":[{"name":"wp","href":"https:\/\/api.w.org\/{rel}","templated":true}]}}