{"id":10765,"date":"2022-03-09T14:14:35","date_gmt":"2022-03-09T14:14:35","guid":{"rendered":"https:\/\/www.shop-copie-conforme.com\/?post_type=product&#038;p=10765"},"modified":"2023-07-25T10:09:33","modified_gmt":"2023-07-25T09:09:33","slug":"vitrophanie-film-transparent-adhesif-a-imprimer","status":"publish","type":"product","link":"https:\/\/shop-copie-conforme.com\/nl\/product-2\/vitrophanie-film-transparent-adhesif-a-imprimer\/","title":{"rendered":"raamfolie. Te bedrukken transparante kleeffilm"},"content":{"rendered":"<p>10323 Maak je eigen decoraties. Afdrukken, knippen en plakken, transparante kleeffilm<\/p>\n<p>geschikt voor inkjetprinters<\/p>\n<p>5 A4 vellen<\/p>\n<p>&nbsp;<\/p>","protected":false},"excerpt":{"rendered":"<p>10323 Cr\u00e9ez vos propres d\u00e9corations. Imprimez d\u00e9coupez et coller, Film transparent adh\u00e9sif convient pour imprimante jet d&rsquo;encre 5 feuilles A4<\/p>","protected":false},"featured_media":10847,"comment_status":"open","ping_status":"closed","template":"","meta":[],"product_brand":[],"product_cat":[80],"product_tag":[],"class_list":{"0":"post-10765","1":"product","2":"type-product","3":"status-publish","4":"has-post-thumbnail","6":"product_cat-papier-special","8":"first","9":"instock","10":"taxable","11":"shipping-taxable","12":"purchasable","13":"product-type-simple"},"_links":{"self":[{"href":"https:\/\/shop-copie-conforme.com\/nl\/wp-json\/wp\/v2\/product\/10765","targetHints":{"allow":["GET"]}}],"collection":[{"href":"https:\/\/shop-copie-conforme.com\/nl\/wp-json\/wp\/v2\/product"}],"about":[{"href":"https:\/\/shop-copie-conforme.com\/nl\/wp-json\/wp\/v2\/types\/product"}],"replies":[{"embeddable":true,"href":"https:\/\/shop-copie-conforme.com\/nl\/wp-json\/wp\/v2\/comments?post=10765"}],"version-history":[{"count":0,"href":"https:\/\/shop-copie-conforme.com\/nl\/wp-json\/wp\/v2\/product\/10765\/revisions"}],"wp:featuredmedia":[{"embeddable":true,"href":"https:\/\/shop-copie-conforme.com\/nl\/wp-json\/wp\/v2\/media\/10847"}],"wp:attachment":[{"href":"https:\/\/shop-copie-conforme.com\/nl\/wp-json\/wp\/v2\/media?parent=10765"}],"wp:term":[{"taxonomy":"product_brand","embeddable":true,"href":"https:\/\/shop-copie-conforme.com\/nl\/wp-json\/wp\/v2\/product_brand?post=10765"},{"taxonomy":"product_cat","embeddable":true,"href":"https:\/\/shop-copie-conforme.com\/nl\/wp-json\/wp\/v2\/product_cat?post=10765"},{"taxonomy":"product_tag","embeddable":true,"href":"https:\/\/shop-copie-conforme.com\/nl\/wp-json\/wp\/v2\/product_tag?post=10765"}],"curies":[{"name":"wp","href":"https:\/\/api.w.org\/{rel}","templated":true}]}}