{"id":10700,"date":"2022-03-09T14:14:03","date_gmt":"2022-03-09T14:14:03","guid":{"rendered":"https:\/\/www.shop-copie-conforme.com\/?post_type=product&#038;p=10700"},"modified":"2023-07-25T10:09:08","modified_gmt":"2023-07-25T09:09:08","slug":"plaque-a-pince-en-pp-maul-pour-ft-a4-2","status":"publish","type":"product","link":"https:\/\/shop-copie-conforme.com\/nl\/product-2\/plaque-a-pince-en-pp-maul-pour-ft-a4-2\/","title":{"rendered":"Maul PP clip-on plaat, voor ft A4"},"content":{"rendered":"<p>2339295 PP cover. Compartiment binnenin. Metalen clip, zilver. Kan opgehangen worden. Grootte van de clip: 0,8 cm. Met pennenlus.<br \/>\n<span id=\"webtext\" class=\"IBSOutput\">voor ft A4, staand, zilver<\/span><\/p>","protected":false},"excerpt":{"rendered":"<p>2339295 Couverture en PP. Compartiment \u00e0 l&rsquo;int\u00e9rieur. Pince en m\u00e9tal, en argent. Accrochable. Pince de: 0,8 cm. Avec boucle pour<\/p>","protected":false},"featured_media":10747,"comment_status":"open","ping_status":"closed","template":"","meta":[],"product_brand":[],"product_cat":[92,169],"product_tag":[],"class_list":{"0":"post-10700","1":"product","2":"type-product","3":"status-publish","4":"has-post-thumbnail","6":"product_cat-fournitures-de-bureau","7":"product_cat-plaques-a-pince","9":"first","10":"instock","11":"taxable","12":"shipping-taxable","13":"purchasable","14":"product-type-simple"},"_links":{"self":[{"href":"https:\/\/shop-copie-conforme.com\/nl\/wp-json\/wp\/v2\/product\/10700","targetHints":{"allow":["GET"]}}],"collection":[{"href":"https:\/\/shop-copie-conforme.com\/nl\/wp-json\/wp\/v2\/product"}],"about":[{"href":"https:\/\/shop-copie-conforme.com\/nl\/wp-json\/wp\/v2\/types\/product"}],"replies":[{"embeddable":true,"href":"https:\/\/shop-copie-conforme.com\/nl\/wp-json\/wp\/v2\/comments?post=10700"}],"version-history":[{"count":0,"href":"https:\/\/shop-copie-conforme.com\/nl\/wp-json\/wp\/v2\/product\/10700\/revisions"}],"wp:featuredmedia":[{"embeddable":true,"href":"https:\/\/shop-copie-conforme.com\/nl\/wp-json\/wp\/v2\/media\/10747"}],"wp:attachment":[{"href":"https:\/\/shop-copie-conforme.com\/nl\/wp-json\/wp\/v2\/media?parent=10700"}],"wp:term":[{"taxonomy":"product_brand","embeddable":true,"href":"https:\/\/shop-copie-conforme.com\/nl\/wp-json\/wp\/v2\/product_brand?post=10700"},{"taxonomy":"product_cat","embeddable":true,"href":"https:\/\/shop-copie-conforme.com\/nl\/wp-json\/wp\/v2\/product_cat?post=10700"},{"taxonomy":"product_tag","embeddable":true,"href":"https:\/\/shop-copie-conforme.com\/nl\/wp-json\/wp\/v2\/product_tag?post=10700"}],"curies":[{"name":"wp","href":"https:\/\/api.w.org\/{rel}","templated":true}]}}