{"id":10620,"date":"2022-03-09T14:13:13","date_gmt":"2022-03-09T14:13:13","guid":{"rendered":"https:\/\/www.shop-copie-conforme.com\/?post_type=product&#038;p=10620"},"modified":"2023-07-25T10:08:39","modified_gmt":"2023-07-25T09:08:39","slug":"uni-ball-roller-a-encre-liquide-air-noir","status":"publish","type":"product","link":"https:\/\/shop-copie-conforme.com\/nl\/product-2\/uni-ball-roller-a-encre-liquide-air-noir\/","title":{"rendered":"Uni ball rollerball met vloeibare inkt Air, zwart"},"content":{"rendered":"<p>UB188N Zacht schrijven dankzij de rubberen puntbescherming. Glad en vrij gevoel. Kan in elke positie en onder elke hoek worden geschreven. Past zich aan uw schrijven aan, afhankelijk van de hoek, druk en kracht die wordt uitgeoefend. Permanente inkt met onveranderlijke pigmenten. Water- en lichtbestendig. Heldere kleuren.<br \/>\n<span id=\"webtext\" class=\"IBSOutput\">Fijn, lijndikte: 0,7 mm, medium punt, zwart<\/span><\/p>","protected":false},"excerpt":{"rendered":"<p>UB188N Ecriture douce gr\u00e2ce \u00e0 la protection en caoutchouc de la pointe. Sensation de libert\u00e9 et de douceur. Possibilit\u00e9 d&rsquo;\u00e9crire<\/p>","protected":false},"featured_media":10706,"comment_status":"open","ping_status":"closed","template":"","meta":[],"product_brand":[],"product_cat":[137],"product_tag":[],"class_list":{"0":"post-10620","1":"product","2":"type-product","3":"status-publish","4":"has-post-thumbnail","6":"product_cat-stylos-et-recharges","8":"first","9":"instock","10":"taxable","11":"shipping-taxable","12":"purchasable","13":"product-type-simple"},"_links":{"self":[{"href":"https:\/\/shop-copie-conforme.com\/nl\/wp-json\/wp\/v2\/product\/10620","targetHints":{"allow":["GET"]}}],"collection":[{"href":"https:\/\/shop-copie-conforme.com\/nl\/wp-json\/wp\/v2\/product"}],"about":[{"href":"https:\/\/shop-copie-conforme.com\/nl\/wp-json\/wp\/v2\/types\/product"}],"replies":[{"embeddable":true,"href":"https:\/\/shop-copie-conforme.com\/nl\/wp-json\/wp\/v2\/comments?post=10620"}],"version-history":[{"count":0,"href":"https:\/\/shop-copie-conforme.com\/nl\/wp-json\/wp\/v2\/product\/10620\/revisions"}],"wp:featuredmedia":[{"embeddable":true,"href":"https:\/\/shop-copie-conforme.com\/nl\/wp-json\/wp\/v2\/media\/10706"}],"wp:attachment":[{"href":"https:\/\/shop-copie-conforme.com\/nl\/wp-json\/wp\/v2\/media?parent=10620"}],"wp:term":[{"taxonomy":"product_brand","embeddable":true,"href":"https:\/\/shop-copie-conforme.com\/nl\/wp-json\/wp\/v2\/product_brand?post=10620"},{"taxonomy":"product_cat","embeddable":true,"href":"https:\/\/shop-copie-conforme.com\/nl\/wp-json\/wp\/v2\/product_cat?post=10620"},{"taxonomy":"product_tag","embeddable":true,"href":"https:\/\/shop-copie-conforme.com\/nl\/wp-json\/wp\/v2\/product_tag?post=10620"}],"curies":[{"name":"wp","href":"https:\/\/api.w.org\/{rel}","templated":true}]}}