{"id":10560,"date":"2022-03-09T14:12:46","date_gmt":"2022-03-09T14:12:46","guid":{"rendered":"https:\/\/www.shop-copie-conforme.com\/?post_type=product&#038;p=10560"},"modified":"2023-07-25T10:08:14","modified_gmt":"2023-07-25T09:08:14","slug":"star-taille-crayon-1-trou","status":"publish","type":"product","link":"https:\/\/shop-copie-conforme.com\/nl\/product-2\/star-taille-crayon-1-trou\/","title":{"rendered":"STAR puntenslijper 1 gat"},"content":{"rendered":"<p>Metalen puntenslijper. Wigvormig model. Voor potloden met een diameter van 8 mm.<br \/>\n<span id=\"webtext\" class=\"IBSOutput\">1 gat<\/span><\/p>","protected":false},"excerpt":{"rendered":"<p>Taille-crayon en m\u00e9tal. Mod\u00e8le cun\u00e9iforme. Pour crayon d&rsquo;un diam\u00e8tre de 8 mm. 1 trou<\/p>","protected":false},"featured_media":10635,"comment_status":"open","ping_status":"closed","template":"","meta":[],"product_brand":[],"product_cat":[139],"product_tag":[],"class_list":{"0":"post-10560","1":"product","2":"type-product","3":"status-publish","4":"has-post-thumbnail","6":"product_cat-taille-crayons","8":"first","9":"instock","10":"taxable","11":"shipping-taxable","12":"purchasable","13":"product-type-simple"},"_links":{"self":[{"href":"https:\/\/shop-copie-conforme.com\/nl\/wp-json\/wp\/v2\/product\/10560","targetHints":{"allow":["GET"]}}],"collection":[{"href":"https:\/\/shop-copie-conforme.com\/nl\/wp-json\/wp\/v2\/product"}],"about":[{"href":"https:\/\/shop-copie-conforme.com\/nl\/wp-json\/wp\/v2\/types\/product"}],"replies":[{"embeddable":true,"href":"https:\/\/shop-copie-conforme.com\/nl\/wp-json\/wp\/v2\/comments?post=10560"}],"version-history":[{"count":0,"href":"https:\/\/shop-copie-conforme.com\/nl\/wp-json\/wp\/v2\/product\/10560\/revisions"}],"wp:featuredmedia":[{"embeddable":true,"href":"https:\/\/shop-copie-conforme.com\/nl\/wp-json\/wp\/v2\/media\/10635"}],"wp:attachment":[{"href":"https:\/\/shop-copie-conforme.com\/nl\/wp-json\/wp\/v2\/media?parent=10560"}],"wp:term":[{"taxonomy":"product_brand","embeddable":true,"href":"https:\/\/shop-copie-conforme.com\/nl\/wp-json\/wp\/v2\/product_brand?post=10560"},{"taxonomy":"product_cat","embeddable":true,"href":"https:\/\/shop-copie-conforme.com\/nl\/wp-json\/wp\/v2\/product_cat?post=10560"},{"taxonomy":"product_tag","embeddable":true,"href":"https:\/\/shop-copie-conforme.com\/nl\/wp-json\/wp\/v2\/product_tag?post=10560"}],"curies":[{"name":"wp","href":"https:\/\/api.w.org\/{rel}","templated":true}]}}