{"id":10453,"date":"2022-03-09T14:11:58","date_gmt":"2022-03-09T14:11:58","guid":{"rendered":"https:\/\/www.shop-copie-conforme.com\/?post_type=product&#038;p=10453"},"modified":"2024-01-04T11:41:07","modified_gmt":"2024-01-04T10:41:07","slug":"maped-ciseaux-sensoft-16-cm-pour-droitiers-a-bouts-pointus","status":"publish","type":"product","link":"https:\/\/shop-copie-conforme.com\/nl\/product-2\/maped-ciseaux-sensoft-16-cm-pour-droitiers-a-bouts-pointus\/","title":{"rendered":"Maped Sensoft schaar 16 cm, rechtshandig, met spitse punten"},"content":{"rendered":"<p>Roestvrij stalen messen. Symmetrische ringen. Flexibel, volledig zacht, nog comfortabeler.<br \/>\n<span id=\"webtext\" class=\"IBSOutput\">16 cm, rechtshandig, met spitse punten, kleuren: roze\/grijs, rood\/grijs en blauw\/grijs<\/span><\/p>\n<p>069600<\/p>","protected":false},"excerpt":{"rendered":"<p>Lames en acier inoxydable. Anneaux sym\u00e9triques. Flexibles, compl\u00e8tement souples, encore plus confortables. 16 cm, pour droitiers, \u00e0 bouts pointus, couleurs:<\/p>","protected":false},"featured_media":17277,"comment_status":"open","ping_status":"closed","template":"","meta":[],"product_brand":[],"product_cat":[147],"product_tag":[],"class_list":{"0":"post-10453","1":"product","2":"type-product","3":"status-publish","4":"has-post-thumbnail","6":"product_cat-ciseaux-et-cutters","8":"first","9":"instock","10":"taxable","11":"shipping-taxable","12":"purchasable","13":"product-type-simple"},"_links":{"self":[{"href":"https:\/\/shop-copie-conforme.com\/nl\/wp-json\/wp\/v2\/product\/10453","targetHints":{"allow":["GET"]}}],"collection":[{"href":"https:\/\/shop-copie-conforme.com\/nl\/wp-json\/wp\/v2\/product"}],"about":[{"href":"https:\/\/shop-copie-conforme.com\/nl\/wp-json\/wp\/v2\/types\/product"}],"replies":[{"embeddable":true,"href":"https:\/\/shop-copie-conforme.com\/nl\/wp-json\/wp\/v2\/comments?post=10453"}],"version-history":[{"count":0,"href":"https:\/\/shop-copie-conforme.com\/nl\/wp-json\/wp\/v2\/product\/10453\/revisions"}],"wp:featuredmedia":[{"embeddable":true,"href":"https:\/\/shop-copie-conforme.com\/nl\/wp-json\/wp\/v2\/media\/17277"}],"wp:attachment":[{"href":"https:\/\/shop-copie-conforme.com\/nl\/wp-json\/wp\/v2\/media?parent=10453"}],"wp:term":[{"taxonomy":"product_brand","embeddable":true,"href":"https:\/\/shop-copie-conforme.com\/nl\/wp-json\/wp\/v2\/product_brand?post=10453"},{"taxonomy":"product_cat","embeddable":true,"href":"https:\/\/shop-copie-conforme.com\/nl\/wp-json\/wp\/v2\/product_cat?post=10453"},{"taxonomy":"product_tag","embeddable":true,"href":"https:\/\/shop-copie-conforme.com\/nl\/wp-json\/wp\/v2\/product_tag?post=10453"}],"curies":[{"name":"wp","href":"https:\/\/api.w.org\/{rel}","templated":true}]}}