{"id":10448,"date":"2022-03-09T14:11:57","date_gmt":"2022-03-09T14:11:57","guid":{"rendered":"https:\/\/www.shop-copie-conforme.com\/?post_type=product&#038;p=10448"},"modified":"2023-07-25T10:07:37","modified_gmt":"2023-07-25T09:07:37","slug":"edding-marqueur-dexterieur-e-8055-blanc","status":"publish","type":"product","link":"https:\/\/shop-copie-conforme.com\/nl\/product-2\/edding-marqueur-dexterieur-e-8055-blanc\/","title":{"rendered":"Edding outdoor marker e-8055 wit - 8055W"},"content":{"rendered":"<p>Ronde punt. Lijnbreedte: 1 - 2 mm. Ideaal voor weersbestendige markering buiten op bijna alle oppervlakken zoals plastic, metaal en glas, uitstekende dekking zelfs op donkere materialen. Extreem lichtecht. Klepsysteem, goed schudden voor gebruik, dop openen en pompen.<br \/>\n<span id=\"webtext\" class=\"IBSOutput\">wit<\/span><\/p>\n<p>Onderdeelnummer 8055W<\/p>","protected":false},"excerpt":{"rendered":"<p>Pointe ronde. Largeur de trait: 1 &#8211; 2 mm. Id\u00e9al pour le marquage r\u00e9sistant aux intemp\u00e9ries \u00e0 l&rsquo;ext\u00e9rieur sur presque<\/p>","protected":false},"featured_media":10506,"comment_status":"open","ping_status":"closed","template":"","meta":[],"product_brand":[],"product_cat":[93,90],"product_tag":[],"class_list":{"0":"post-10448","1":"product","2":"type-product","3":"status-publish","4":"has-post-thumbnail","6":"product_cat-bricolage-et-loisir-creatif","7":"product_cat-ecrire-et-corriger","9":"first","10":"instock","11":"taxable","12":"shipping-taxable","13":"purchasable","14":"product-type-simple"},"_links":{"self":[{"href":"https:\/\/shop-copie-conforme.com\/nl\/wp-json\/wp\/v2\/product\/10448","targetHints":{"allow":["GET"]}}],"collection":[{"href":"https:\/\/shop-copie-conforme.com\/nl\/wp-json\/wp\/v2\/product"}],"about":[{"href":"https:\/\/shop-copie-conforme.com\/nl\/wp-json\/wp\/v2\/types\/product"}],"replies":[{"embeddable":true,"href":"https:\/\/shop-copie-conforme.com\/nl\/wp-json\/wp\/v2\/comments?post=10448"}],"version-history":[{"count":0,"href":"https:\/\/shop-copie-conforme.com\/nl\/wp-json\/wp\/v2\/product\/10448\/revisions"}],"wp:featuredmedia":[{"embeddable":true,"href":"https:\/\/shop-copie-conforme.com\/nl\/wp-json\/wp\/v2\/media\/10506"}],"wp:attachment":[{"href":"https:\/\/shop-copie-conforme.com\/nl\/wp-json\/wp\/v2\/media?parent=10448"}],"wp:term":[{"taxonomy":"product_brand","embeddable":true,"href":"https:\/\/shop-copie-conforme.com\/nl\/wp-json\/wp\/v2\/product_brand?post=10448"},{"taxonomy":"product_cat","embeddable":true,"href":"https:\/\/shop-copie-conforme.com\/nl\/wp-json\/wp\/v2\/product_cat?post=10448"},{"taxonomy":"product_tag","embeddable":true,"href":"https:\/\/shop-copie-conforme.com\/nl\/wp-json\/wp\/v2\/product_tag?post=10448"}],"curies":[{"name":"wp","href":"https:\/\/api.w.org\/{rel}","templated":true}]}}